{"id":959,"date":"2015-11-13T12:02:20","date_gmt":"2015-11-13T12:02:20","guid":{"rendered":"http:\/\/www.saartekalandus.ee\/?page_id=959"},"modified":"2016-01-05T07:56:56","modified_gmt":"2016-01-05T07:56:56","slug":"tutvustav-oppereis-lasteaia-lastele-tihemetsa-tallu","status":"publish","type":"page","link":"https:\/\/www.saartekalandus.ee\/?page_id=959","title":{"rendered":"Tutvustav \u00f5ppereis lasteaia lastele Tihemetsa tallu"},"content":{"rendered":"<p>Oktoobris korraldasime Kuressaare Tuulte-Roosi lasteaia vanemale vanusegrupile \u00f5ppek\u00e4igu Tihemetsa tallu Nasval. Perenaine Tiina r\u00e4\u00e4kis elust &#8220;kalatalus&#8221; argip\u00e4eva toimetustest, n\u00e4itas lastele p\u00fc\u00fcgivahendeid v\u00f5rgust m\u00f5rrani, suitsutas koos lastega r\u00e4ime ja iga laps sai v\u00e4ikse \u00f5pitoa k\u00e4igus valmistada oma isikliku karbi sprotte. L\u00f5puks tutvustas Tiina hommikul Nasvalt p\u00fc\u00fctud erinevaid kalu ja toimus v\u00e4ike selleteemaline viktoriin. Oli t\u00f5eliselt tore ja informatiivne p\u00e4ev<\/p>\n<p>Kui suitsuahju uks lahti tehti ja Tiina k\u00fcsis, et lapsed, mis kalad need on,\u00a0 siis vastus oli , kui \u00fchest suust: &#8220;Kuldkalad!!<\/p>\n<p><a href=\"http:\/\/www.saartekalandus.ee\/wp-content\/uploads\/2015\/11\/20151029_101457.jpg\"><img loading=\"lazy\" decoding=\"async\" class=\"alignnone size-medium wp-image-961\" alt=\"20151029_101457\" src=\"http:\/\/www.saartekalandus.ee\/wp-content\/uploads\/2015\/11\/20151029_101457-300x168.jpg\" width=\"300\" height=\"168\" srcset=\"https:\/\/www.saartekalandus.ee\/wp-content\/uploads\/2015\/11\/20151029_101457-300x168.jpg 300w, https:\/\/www.saartekalandus.ee\/wp-content\/uploads\/2015\/11\/20151029_101457-1024x576.jpg 1024w\" sizes=\"auto, (max-width: 300px) 100vw, 300px\" \/><\/a><a href=\"http:\/\/www.saartekalandus.ee\/wp-content\/uploads\/2015\/11\/20151029_101454.jpg\"><img loading=\"lazy\" decoding=\"async\" class=\"alignnone size-medium wp-image-960\" alt=\"20151029_101454\" src=\"http:\/\/www.saartekalandus.ee\/wp-content\/uploads\/2015\/11\/20151029_101454-300x168.jpg\" width=\"300\" height=\"168\" srcset=\"https:\/\/www.saartekalandus.ee\/wp-content\/uploads\/2015\/11\/20151029_101454-300x168.jpg 300w, https:\/\/www.saartekalandus.ee\/wp-content\/uploads\/2015\/11\/20151029_101454-1024x576.jpg 1024w\" sizes=\"auto, (max-width: 300px) 100vw, 300px\" \/><\/a>\u00a0 <a href=\"http:\/\/www.saartekalandus.ee\/wp-content\/uploads\/2015\/11\/20151029_101626.jpg\"><img loading=\"lazy\" decoding=\"async\" class=\"alignnone size-medium wp-image-962\" alt=\"20151029_101626\" src=\"http:\/\/www.saartekalandus.ee\/wp-content\/uploads\/2015\/11\/20151029_101626-300x168.jpg\" width=\"300\" height=\"168\" srcset=\"https:\/\/www.saartekalandus.ee\/wp-content\/uploads\/2015\/11\/20151029_101626-300x168.jpg 300w, https:\/\/www.saartekalandus.ee\/wp-content\/uploads\/2015\/11\/20151029_101626-1024x576.jpg 1024w\" sizes=\"auto, (max-width: 300px) 100vw, 300px\" \/><\/a> <a href=\"http:\/\/www.saartekalandus.ee\/wp-content\/uploads\/2015\/11\/20151029_101717.jpg\"><img loading=\"lazy\" decoding=\"async\" class=\"alignnone size-medium wp-image-963\" alt=\"20151029_101717\" src=\"http:\/\/www.saartekalandus.ee\/wp-content\/uploads\/2015\/11\/20151029_101717-300x168.jpg\" width=\"300\" height=\"168\" srcset=\"https:\/\/www.saartekalandus.ee\/wp-content\/uploads\/2015\/11\/20151029_101717-300x168.jpg 300w, https:\/\/www.saartekalandus.ee\/wp-content\/uploads\/2015\/11\/20151029_101717-1024x576.jpg 1024w\" sizes=\"auto, (max-width: 300px) 100vw, 300px\" \/><\/a> <a href=\"http:\/\/www.saartekalandus.ee\/wp-content\/uploads\/2015\/11\/20151029_101741.jpg\"><img loading=\"lazy\" decoding=\"async\" class=\"alignnone size-medium wp-image-964\" alt=\"20151029_101741\" src=\"http:\/\/www.saartekalandus.ee\/wp-content\/uploads\/2015\/11\/20151029_101741-300x168.jpg\" width=\"300\" height=\"168\" srcset=\"https:\/\/www.saartekalandus.ee\/wp-content\/uploads\/2015\/11\/20151029_101741-300x168.jpg 300w, https:\/\/www.saartekalandus.ee\/wp-content\/uploads\/2015\/11\/20151029_101741-1024x576.jpg 1024w\" sizes=\"auto, (max-width: 300px) 100vw, 300px\" \/><\/a> <a href=\"http:\/\/www.saartekalandus.ee\/wp-content\/uploads\/2015\/11\/20151029_103647.jpg\"><img loading=\"lazy\" decoding=\"async\" class=\"alignnone size-medium wp-image-965\" alt=\"20151029_103647\" src=\"http:\/\/www.saartekalandus.ee\/wp-content\/uploads\/2015\/11\/20151029_103647-300x168.jpg\" width=\"300\" height=\"168\" srcset=\"https:\/\/www.saartekalandus.ee\/wp-content\/uploads\/2015\/11\/20151029_103647-300x168.jpg 300w, https:\/\/www.saartekalandus.ee\/wp-content\/uploads\/2015\/11\/20151029_103647-1024x576.jpg 1024w\" sizes=\"auto, (max-width: 300px) 100vw, 300px\" \/><\/a> <a href=\"http:\/\/www.saartekalandus.ee\/wp-content\/uploads\/2015\/11\/20151029_103655.jpg\"><img loading=\"lazy\" decoding=\"async\" class=\"alignnone size-medium wp-image-966\" alt=\"20151029_103655\" src=\"http:\/\/www.saartekalandus.ee\/wp-content\/uploads\/2015\/11\/20151029_103655-300x168.jpg\" width=\"300\" height=\"168\" srcset=\"https:\/\/www.saartekalandus.ee\/wp-content\/uploads\/2015\/11\/20151029_103655-300x168.jpg 300w, https:\/\/www.saartekalandus.ee\/wp-content\/uploads\/2015\/11\/20151029_103655-1024x576.jpg 1024w\" sizes=\"auto, (max-width: 300px) 100vw, 300px\" \/><\/a> <a href=\"http:\/\/www.saartekalandus.ee\/wp-content\/uploads\/2015\/11\/20151029_103705.jpg\"><img loading=\"lazy\" decoding=\"async\" class=\"alignnone size-medium wp-image-967\" alt=\"20151029_103705\" src=\"http:\/\/www.saartekalandus.ee\/wp-content\/uploads\/2015\/11\/20151029_103705-300x168.jpg\" width=\"300\" height=\"168\" srcset=\"https:\/\/www.saartekalandus.ee\/wp-content\/uploads\/2015\/11\/20151029_103705-300x168.jpg 300w, https:\/\/www.saartekalandus.ee\/wp-content\/uploads\/2015\/11\/20151029_103705-1024x576.jpg 1024w\" sizes=\"auto, (max-width: 300px) 100vw, 300px\" \/><\/a> <a href=\"http:\/\/www.saartekalandus.ee\/wp-content\/uploads\/2015\/11\/20151029_103708.jpg\"><img loading=\"lazy\" decoding=\"async\" class=\"alignnone size-medium wp-image-968\" alt=\"20151029_103708\" src=\"http:\/\/www.saartekalandus.ee\/wp-content\/uploads\/2015\/11\/20151029_103708-300x168.jpg\" width=\"300\" height=\"168\" srcset=\"https:\/\/www.saartekalandus.ee\/wp-content\/uploads\/2015\/11\/20151029_103708-300x168.jpg 300w, https:\/\/www.saartekalandus.ee\/wp-content\/uploads\/2015\/11\/20151029_103708-1024x576.jpg 1024w\" sizes=\"auto, (max-width: 300px) 100vw, 300px\" \/><\/a> <a href=\"http:\/\/www.saartekalandus.ee\/wp-content\/uploads\/2015\/11\/20151029_103723.jpg\"><img loading=\"lazy\" decoding=\"async\" class=\"alignnone size-medium wp-image-969\" alt=\"20151029_103723\" src=\"http:\/\/www.saartekalandus.ee\/wp-content\/uploads\/2015\/11\/20151029_103723-300x168.jpg\" width=\"300\" height=\"168\" srcset=\"https:\/\/www.saartekalandus.ee\/wp-content\/uploads\/2015\/11\/20151029_103723-300x168.jpg 300w, https:\/\/www.saartekalandus.ee\/wp-content\/uploads\/2015\/11\/20151029_103723-1024x576.jpg 1024w\" sizes=\"auto, (max-width: 300px) 100vw, 300px\" \/><\/a> <a href=\"http:\/\/www.saartekalandus.ee\/wp-content\/uploads\/2015\/11\/20151029_103728.jpg\"><img loading=\"lazy\" decoding=\"async\" class=\"alignnone size-medium wp-image-970\" alt=\"20151029_103728\" src=\"http:\/\/www.saartekalandus.ee\/wp-content\/uploads\/2015\/11\/20151029_103728-300x168.jpg\" width=\"300\" height=\"168\" srcset=\"https:\/\/www.saartekalandus.ee\/wp-content\/uploads\/2015\/11\/20151029_103728-300x168.jpg 300w, https:\/\/www.saartekalandus.ee\/wp-content\/uploads\/2015\/11\/20151029_103728-1024x576.jpg 1024w\" sizes=\"auto, (max-width: 300px) 100vw, 300px\" \/><\/a> <a href=\"http:\/\/www.saartekalandus.ee\/wp-content\/uploads\/2015\/11\/20151029_103734.jpg\"><img loading=\"lazy\" decoding=\"async\" class=\"alignnone size-medium wp-image-971\" alt=\"20151029_103734\" src=\"http:\/\/www.saartekalandus.ee\/wp-content\/uploads\/2015\/11\/20151029_103734-300x168.jpg\" width=\"300\" height=\"168\" srcset=\"https:\/\/www.saartekalandus.ee\/wp-content\/uploads\/2015\/11\/20151029_103734-300x168.jpg 300w, https:\/\/www.saartekalandus.ee\/wp-content\/uploads\/2015\/11\/20151029_103734-1024x576.jpg 1024w\" sizes=\"auto, (max-width: 300px) 100vw, 300px\" \/><\/a><a href=\"http:\/\/www.saartekalandus.ee\/wp-content\/uploads\/2015\/11\/20151029_104249.jpg\"><img loading=\"lazy\" decoding=\"async\" class=\"alignnone size-medium wp-image-974\" alt=\"20151029_104249\" src=\"http:\/\/www.saartekalandus.ee\/wp-content\/uploads\/2015\/11\/20151029_104249-300x168.jpg\" width=\"300\" height=\"168\" srcset=\"https:\/\/www.saartekalandus.ee\/wp-content\/uploads\/2015\/11\/20151029_104249-300x168.jpg 300w, https:\/\/www.saartekalandus.ee\/wp-content\/uploads\/2015\/11\/20151029_104249-1024x576.jpg 1024w\" sizes=\"auto, (max-width: 300px) 100vw, 300px\" \/><\/a><a href=\"http:\/\/www.saartekalandus.ee\/wp-content\/uploads\/2015\/11\/20151029_104219.jpg\"><img loading=\"lazy\" decoding=\"async\" class=\"alignnone size-medium wp-image-972\" alt=\"20151029_104219\" src=\"http:\/\/www.saartekalandus.ee\/wp-content\/uploads\/2015\/11\/20151029_104219-300x168.jpg\" width=\"300\" height=\"168\" srcset=\"https:\/\/www.saartekalandus.ee\/wp-content\/uploads\/2015\/11\/20151029_104219-300x168.jpg 300w, https:\/\/www.saartekalandus.ee\/wp-content\/uploads\/2015\/11\/20151029_104219-1024x576.jpg 1024w\" sizes=\"auto, (max-width: 300px) 100vw, 300px\" \/><\/a><a href=\"http:\/\/www.saartekalandus.ee\/wp-content\/uploads\/2015\/11\/20151029_104241.jpg\"><img loading=\"lazy\" decoding=\"async\" class=\"alignnone size-medium wp-image-973\" alt=\"20151029_104241\" src=\"http:\/\/www.saartekalandus.ee\/wp-content\/uploads\/2015\/11\/20151029_104241-300x168.jpg\" width=\"300\" height=\"168\" srcset=\"https:\/\/www.saartekalandus.ee\/wp-content\/uploads\/2015\/11\/20151029_104241-300x168.jpg 300w, https:\/\/www.saartekalandus.ee\/wp-content\/uploads\/2015\/11\/20151029_104241-1024x576.jpg 1024w\" sizes=\"auto, (max-width: 300px) 100vw, 300px\" \/><\/a>\u00a0\u00a0\u00a0 <a href=\"http:\/\/www.saartekalandus.ee\/wp-content\/uploads\/2015\/11\/20151029_104527.jpg\"><img loading=\"lazy\" decoding=\"async\" class=\"alignnone size-medium wp-image-975\" alt=\"20151029_104527\" src=\"http:\/\/www.saartekalandus.ee\/wp-content\/uploads\/2015\/11\/20151029_104527-300x168.jpg\" width=\"300\" height=\"168\" srcset=\"https:\/\/www.saartekalandus.ee\/wp-content\/uploads\/2015\/11\/20151029_104527-300x168.jpg 300w, https:\/\/www.saartekalandus.ee\/wp-content\/uploads\/2015\/11\/20151029_104527-1024x576.jpg 1024w\" sizes=\"auto, (max-width: 300px) 100vw, 300px\" \/><\/a> <a href=\"http:\/\/www.saartekalandus.ee\/wp-content\/uploads\/2015\/11\/20151029_104530.jpg\"><img loading=\"lazy\" decoding=\"async\" class=\"alignnone size-medium wp-image-976\" alt=\"20151029_104530\" src=\"http:\/\/www.saartekalandus.ee\/wp-content\/uploads\/2015\/11\/20151029_104530-300x168.jpg\" width=\"300\" height=\"168\" srcset=\"https:\/\/www.saartekalandus.ee\/wp-content\/uploads\/2015\/11\/20151029_104530-300x168.jpg 300w, https:\/\/www.saartekalandus.ee\/wp-content\/uploads\/2015\/11\/20151029_104530-1024x576.jpg 1024w\" sizes=\"auto, (max-width: 300px) 100vw, 300px\" \/><\/a> <a href=\"http:\/\/www.saartekalandus.ee\/wp-content\/uploads\/2015\/11\/20151029_104541.jpg\"><img loading=\"lazy\" decoding=\"async\" class=\"alignnone size-medium wp-image-977\" alt=\"20151029_104541\" src=\"http:\/\/www.saartekalandus.ee\/wp-content\/uploads\/2015\/11\/20151029_104541-300x168.jpg\" width=\"300\" height=\"168\" srcset=\"https:\/\/www.saartekalandus.ee\/wp-content\/uploads\/2015\/11\/20151029_104541-300x168.jpg 300w, https:\/\/www.saartekalandus.ee\/wp-content\/uploads\/2015\/11\/20151029_104541-1024x576.jpg 1024w\" sizes=\"auto, (max-width: 300px) 100vw, 300px\" \/><\/a> <a href=\"http:\/\/www.saartekalandus.ee\/wp-content\/uploads\/2015\/11\/20151029_105650.jpg\"><img loading=\"lazy\" decoding=\"async\" class=\"alignnone size-medium wp-image-978\" alt=\"20151029_105650\" src=\"http:\/\/www.saartekalandus.ee\/wp-content\/uploads\/2015\/11\/20151029_105650-300x168.jpg\" width=\"300\" height=\"168\" srcset=\"https:\/\/www.saartekalandus.ee\/wp-content\/uploads\/2015\/11\/20151029_105650-300x168.jpg 300w, https:\/\/www.saartekalandus.ee\/wp-content\/uploads\/2015\/11\/20151029_105650-1024x576.jpg 1024w\" sizes=\"auto, (max-width: 300px) 100vw, 300px\" \/><\/a> <a href=\"http:\/\/www.saartekalandus.ee\/wp-content\/uploads\/2015\/11\/20151029_105724.jpg\"><img loading=\"lazy\" decoding=\"async\" class=\"alignnone size-medium wp-image-979\" alt=\"20151029_105724\" src=\"http:\/\/www.saartekalandus.ee\/wp-content\/uploads\/2015\/11\/20151029_105724-300x168.jpg\" width=\"300\" height=\"168\" srcset=\"https:\/\/www.saartekalandus.ee\/wp-content\/uploads\/2015\/11\/20151029_105724-300x168.jpg 300w, https:\/\/www.saartekalandus.ee\/wp-content\/uploads\/2015\/11\/20151029_105724-1024x576.jpg 1024w\" sizes=\"auto, (max-width: 300px) 100vw, 300px\" \/><\/a> <a href=\"http:\/\/www.saartekalandus.ee\/wp-content\/uploads\/2015\/11\/20151029_110109.jpg\"><img loading=\"lazy\" decoding=\"async\" class=\"alignnone size-medium wp-image-980\" alt=\"20151029_110109\" src=\"http:\/\/www.saartekalandus.ee\/wp-content\/uploads\/2015\/11\/20151029_110109-300x168.jpg\" width=\"300\" height=\"168\" srcset=\"https:\/\/www.saartekalandus.ee\/wp-content\/uploads\/2015\/11\/20151029_110109-300x168.jpg 300w, https:\/\/www.saartekalandus.ee\/wp-content\/uploads\/2015\/11\/20151029_110109-1024x576.jpg 1024w\" sizes=\"auto, (max-width: 300px) 100vw, 300px\" \/><\/a> <a href=\"http:\/\/www.saartekalandus.ee\/wp-content\/uploads\/2015\/11\/20151029_110300.jpg\"><img loading=\"lazy\" decoding=\"async\" class=\"alignnone size-medium wp-image-981\" alt=\"20151029_110300\" src=\"http:\/\/www.saartekalandus.ee\/wp-content\/uploads\/2015\/11\/20151029_110300-300x168.jpg\" width=\"300\" height=\"168\" srcset=\"https:\/\/www.saartekalandus.ee\/wp-content\/uploads\/2015\/11\/20151029_110300-300x168.jpg 300w, https:\/\/www.saartekalandus.ee\/wp-content\/uploads\/2015\/11\/20151029_110300-1024x576.jpg 1024w\" sizes=\"auto, (max-width: 300px) 100vw, 300px\" \/><\/a> <a href=\"http:\/\/www.saartekalandus.ee\/wp-content\/uploads\/2015\/11\/20151029_111807.jpg\"><img loading=\"lazy\" decoding=\"async\" class=\"alignnone size-medium wp-image-982\" alt=\"20151029_111807\" src=\"http:\/\/www.saartekalandus.ee\/wp-content\/uploads\/2015\/11\/20151029_111807-300x168.jpg\" width=\"300\" height=\"168\" srcset=\"https:\/\/www.saartekalandus.ee\/wp-content\/uploads\/2015\/11\/20151029_111807-300x168.jpg 300w, https:\/\/www.saartekalandus.ee\/wp-content\/uploads\/2015\/11\/20151029_111807-1024x576.jpg 1024w\" sizes=\"auto, (max-width: 300px) 100vw, 300px\" \/><\/a><\/p>\n","protected":false},"excerpt":{"rendered":"<p>Oktoobris korraldasime Kuressaare Tuulte-Roosi lasteaia vanemale vanusegrupile \u00f5ppek\u00e4igu Tihemetsa tallu Nasval. Perenaine Tiina r\u00e4\u00e4kis elust &#8220;kalatalus&#8221; argip\u00e4eva toimetustest, n\u00e4itas lastele p\u00fc\u00fcgivahendeid v\u00f5rgust m\u00f5rrani, suitsutas koos lastega r\u00e4ime ja iga laps sai v\u00e4ikse \u00f5pitoa k\u00e4igus valmistada oma isikliku karbi sprotte. L\u00f5puks tutvustas Tiina hommikul Nasvalt p\u00fc\u00fctud erinevaid kalu ja toimus v\u00e4ike selleteemaline viktoriin. Oli t\u00f5eliselt tore [&hellip;]<\/p>\n","protected":false},"author":1,"featured_media":0,"parent":47,"menu_order":5,"comment_status":"closed","ping_status":"open","template":"","meta":{"footnotes":""},"class_list":["post-959","page","type-page","status-publish","hentry"],"_links":{"self":[{"href":"https:\/\/www.saartekalandus.ee\/index.php?rest_route=\/wp\/v2\/pages\/959","targetHints":{"allow":["GET"]}}],"collection":[{"href":"https:\/\/www.saartekalandus.ee\/index.php?rest_route=\/wp\/v2\/pages"}],"about":[{"href":"https:\/\/www.saartekalandus.ee\/index.php?rest_route=\/wp\/v2\/types\/page"}],"author":[{"embeddable":true,"href":"https:\/\/www.saartekalandus.ee\/index.php?rest_route=\/wp\/v2\/users\/1"}],"replies":[{"embeddable":true,"href":"https:\/\/www.saartekalandus.ee\/index.php?rest_route=%2Fwp%2Fv2%2Fcomments&post=959"}],"version-history":[{"count":2,"href":"https:\/\/www.saartekalandus.ee\/index.php?rest_route=\/wp\/v2\/pages\/959\/revisions"}],"predecessor-version":[{"id":1065,"href":"https:\/\/www.saartekalandus.ee\/index.php?rest_route=\/wp\/v2\/pages\/959\/revisions\/1065"}],"up":[{"embeddable":true,"href":"https:\/\/www.saartekalandus.ee\/index.php?rest_route=\/wp\/v2\/pages\/47"}],"wp:attachment":[{"href":"https:\/\/www.saartekalandus.ee\/index.php?rest_route=%2Fwp%2Fv2%2Fmedia&parent=959"}],"curies":[{"name":"wp","href":"https:\/\/api.w.org\/{rel}","templated":true}]}}