{"id":5855,"date":"2024-01-03T08:04:53","date_gmt":"2024-01-03T08:04:53","guid":{"rendered":"https:\/\/www.saartekalandus.ee\/?page_id=5855"},"modified":"2024-06-03T09:39:36","modified_gmt":"2024-06-03T09:39:36","slug":"emkf-2014-2020","status":"publish","type":"page","link":"https:\/\/www.saartekalandus.ee\/?page_id=5855","title":{"rendered":"EMKF 2014-2020+"},"content":{"rendered":"\n<figure class=\"wp-block-image size-full is-resized\"><a href=\"https:\/\/www.saartekalandus.ee\/wp-content\/uploads\/2024\/01\/image.png\"><img loading=\"lazy\" decoding=\"async\" width=\"655\" height=\"272\" src=\"https:\/\/www.saartekalandus.ee\/wp-content\/uploads\/2024\/01\/image.png\" alt=\"\" class=\"wp-image-5859\" style=\"aspect-ratio:2.4080882352941178;width:380px;height:auto\" srcset=\"https:\/\/www.saartekalandus.ee\/wp-content\/uploads\/2024\/01\/image.png 655w, https:\/\/www.saartekalandus.ee\/wp-content\/uploads\/2024\/01\/image-300x125.png 300w\" sizes=\"auto, (max-width: 655px) 100vw, 655px\" \/><\/a><\/figure>\n\n\n\n<p>EMKF meetme 3.3. \u201eKalanduspiirkonna kohaliku arengu strateegia rakendamine\u201c eesm\u00e4rgiks oli kalanduspiirkondade j\u00e4tkusuutlik arendamine. Tulenevalt meetme m\u00e4\u00e4rusest olid MT\u00dc Saarte Kalanduse arengustrateegia selle perioodi eesm\u00e4rkideks eelk\u00f5ige:<\/p>\n\n\n\n<ul class=\"wp-block-list\">\n<li>j\u00e4tkata sadamatev\u00f5rgu korrastamisega;<\/li>\n\n\n\n<li>edendada kalatoodete t\u00f6\u00f6tlemist ja turustamist suurema lisandv\u00e4\u00e4rtuse loomiseks;<\/li>\n\n\n\n<li>toetada kalurite tegevuse mitmekesistamist, s.h turismiteenuste v\u00e4lja t\u00f6\u00f6tamist;<\/li>\n\n\n\n<li>toetada kalavarude taastamist;<\/li>\n\n\n\n<li>panustada kalurkonna sotsiaalse heaolu t\u00f5stmisesse, s.h toetada koosk\u00e4imiskohtade ja (uute) traditsioonide loomist.<\/li>\n<\/ul>\n\n\n\n<p>EMKF meetme \u201eKalanduspiirkonna kohaliku arengu strateegia rakendamine\u201c toetuste andmist reguleeris maaeluministri 25.11.2015 m\u00e4\u00e4rus nr 19. Perioodil 2016 &#8211; 2022 sai toetust taotleda viiel tegevussuunal:<\/p>\n\n\n\n<ul class=\"wp-block-list\">\n<li>kalap\u00fc\u00fcgi- v\u00f5i vesiviljelustoodete v\u00e4\u00e4rindamine v\u00f5i turustamine;<\/li>\n\n\n\n<li>majandustegevuse mitmekesistamine;<\/li>\n\n\n\n<li>kalasadamate uuendamine;<\/li>\n\n\n\n<li>koelmualade loomine v\u00f5i taastamine ja kalaliigi veekogusse asustamine riikliku majanduskava alusel;<\/li>\n\n\n\n<li>sotsiaalse heaolu ja kultuurip\u00e4randi, sh kalanduse- ja merenduse kultuurip\u00e4randi edendamine, kalanduskogukondade rolli tugevdamine kohalikus arengus ning kohalike kalandusressursside ja merendustegevuse juhtimine.<\/li>\n<\/ul>\n\n\n\n<p>Algatusr\u00fchma koost\u00f6\u00f6tegevused meetme (EMKF meede 3.4) toetust anti kalanduse algatusr\u00fchmale koost\u00f6\u00f6projektide elluviimiseks, koost\u00f6\u00f6projektid v\u00f5isid&nbsp; olla riigisisesed v\u00f5i piiri\u00fclesed.<\/p>\n\n\n\n<p>Algatusr\u00fchma jooksvaid kulusid ja arengustrateegia elavdamisega seotud kulusid toetati EMKF meetme 3.2. \u201cKohaliku algatusr\u00fchma toetus\u201d vahenditest.<\/p>\n\n\n\n<p>MT\u00dc Saarte Kalandus EMKF meetmete 3.2., 3.3 ja 3.4 kogu eelarve perioodiks 2014-2020+ oli 4 577&nbsp;316 \u20ac, millest 733&nbsp;053 \u20ac oli tegevuskulude eelarve.<\/p>\n\n\n\n<p>EMKF perioodil 2016-2022 esitati kokku 196 projektitoetuse taotlust ja rahastuse said neist 128 ehk 65 %.<\/p>\n\n\n\n<p>EMKF-i meetmete toetus oli Saare maakonna kalanduspiirkonna j\u00e4tkusuutliku arendamise tagamiseks v\u00e4ga vajalik. Seisuga 14.02.2024. a on v\u00e4lja makstud toetust rahastusperioodil 2016-2022 EMKF meetmest 3.3. kogusummas 3&nbsp;641 821 \u20ac (toetust m\u00e4\u00e4rati summas 3 909 605 \u20ac). \u00dcks projekt on eelnimetatud seisuga pooleli ja katkestatud on EMKF perioodi v\u00e4ltel viis projekti. J\u00e4rgmiselt jooniselt on n\u00e4ha m\u00e4\u00e4ratud toetusesummade jaotus tegevussuundade l\u00f5ikes. K\u00f5ige suurem osa toetusest summas 1&nbsp;531 409 \u20ac maksti v\u00e4lja sotsiaalse heaolu ja kultuurip\u00e4randi edendamiseks. Kalasadamate uuendamiseks maksti toetust 992 805 \u20ac, kaluri tegevuste mitmekesistamiseks 525 908 \u20ac (14.02.2024. a seisuga on \u00fcks projekt summas 59&nbsp;885 \u20ac veel pooleli), &nbsp;v\u00e4\u00e4rindamise ja t\u00f6\u00f6tlemise edendamiseks 347 130 \u20ac&nbsp; ja koelmute taastamiseks on PRIA poolt v\u00e4lja makstud 229 149 \u20ac. Koost\u00f6\u00f6meetmest (EMKF meede 3.4 \u201cAlgatusr\u00fchma koost\u00f6\u00f6tegevused\u201d) on ellu viidud 11 koost\u00f6\u00f6projekti v\u00e4ljamakstud toetuse summas 126 729&nbsp; \u20ac (m\u00e4\u00e4ratud toetuse summa 135 269 \u20ac). Allikas: PRIA<\/p>\n\n\n\n<p>M\u00e4\u00e4rus: <a href=\"https:\/\/www.riigiteataja.ee\/akt\/127112015003?leiaKehtiv\" data-type=\"link\" data-id=\"https:\/\/www.riigiteataja.ee\/akt\/127112015003?leiaKehtiv\">Kalanduspiirkonna kohaliku arengu strateegia rakendamine<\/a><\/p>\n\n\n\n<p>M\u00e4\u00e4rus: <a href=\"https:\/\/www.riigiteataja.ee\/akt\/129122022043\" data-type=\"link\" data-id=\"https:\/\/www.riigiteataja.ee\/akt\/129122022043\">Algatusr\u00fchma koost\u00f6\u00f6tegevused<\/a><\/p>\n\n\n\n<p><a href=\"https:\/\/www.saartekalandus.ee\/wp-content\/uploads\/2014\/03\/Ministri_kk_56_2016.pdf\" data-type=\"link\" data-id=\"https:\/\/www.saartekalandus.ee\/wp-content\/uploads\/2014\/03\/Ministri_kk_56_2016.pdf\">EMKF toetuse m\u00e4\u00e4ramise k\u00e4skkiri<\/a><\/p>\n\n\n\n<p><a href=\"https:\/\/www.saartekalandus.ee\/wp-content\/uploads\/2014\/03\/MT%C3%9C_Saarte_Kalandus_arengustrateegia_2014-2020_muutmine_11_2022_KINNITATUD.pdf\" data-type=\"link\" data-id=\"https:\/\/www.saartekalandus.ee\/wp-content\/uploads\/2014\/03\/MT%C3%9C_Saarte_Kalandus_arengustrateegia_2014-2020_muutmine_11_2022_KINNITATUD.pdf\">Saaremaa kalanduspiirkonna arengustrateegia 2014-2020+<\/a><\/p>\n\n\n\n<p>Rakenduskavad: Rakenduskavad on leitavad saki <a href=\"https:\/\/www.saartekalandus.ee\/?page_id=16\" data-type=\"link\" data-id=\"https:\/\/www.saartekalandus.ee\/?page_id=16\">Dokumendid<\/a> alt<\/p>\n\n\n\n<figure class=\"wp-block-image size-large\"><a href=\"https:\/\/www.saartekalandus.ee\/wp-content\/uploads\/2024\/02\/Toetuse_saaja_2014-2020-scaled.jpg\"><img loading=\"lazy\" decoding=\"async\" width=\"1024\" height=\"771\" src=\"https:\/\/www.saartekalandus.ee\/wp-content\/uploads\/2024\/02\/Toetuse_saaja_2014-2020-1024x771.jpg\" alt=\"\" class=\"wp-image-5995\" srcset=\"https:\/\/www.saartekalandus.ee\/wp-content\/uploads\/2024\/02\/Toetuse_saaja_2014-2020-1024x771.jpg 1024w, https:\/\/www.saartekalandus.ee\/wp-content\/uploads\/2024\/02\/Toetuse_saaja_2014-2020-300x226.jpg 300w, https:\/\/www.saartekalandus.ee\/wp-content\/uploads\/2024\/02\/Toetuse_saaja_2014-2020-768x578.jpg 768w, https:\/\/www.saartekalandus.ee\/wp-content\/uploads\/2024\/02\/Toetuse_saaja_2014-2020-1536x1157.jpg 1536w, https:\/\/www.saartekalandus.ee\/wp-content\/uploads\/2024\/02\/Toetuse_saaja_2014-2020-2048x1542.jpg 2048w\" sizes=\"auto, (max-width: 1024px) 100vw, 1024px\" \/><\/a><\/figure>\n\n\n\n<p><\/p>\n\n\n\n<p><\/p>\n\n\n\n<p><\/p>\n","protected":false},"excerpt":{"rendered":"<p>EMKF meetme 3.3. \u201eKalanduspiirkonna kohaliku arengu strateegia rakendamine\u201c eesm\u00e4rgiks oli kalanduspiirkondade j\u00e4tkusuutlik arendamine. Tulenevalt meetme m\u00e4\u00e4rusest olid MT\u00dc Saarte Kalanduse arengustrateegia selle perioodi eesm\u00e4rkideks eelk\u00f5ige: EMKF meetme \u201eKalanduspiirkonna kohaliku arengu strateegia rakendamine\u201c toetuste andmist reguleeris maaeluministri 25.11.2015 m\u00e4\u00e4rus nr 19. Perioodil 2016 &#8211; 2022 sai toetust taotleda viiel tegevussuunal: Algatusr\u00fchma koost\u00f6\u00f6tegevused meetme (EMKF meede 3.4) [&hellip;]<\/p>\n","protected":false},"author":1,"featured_media":0,"parent":6158,"menu_order":0,"comment_status":"closed","ping_status":"closed","template":"","meta":{"footnotes":""},"class_list":["post-5855","page","type-page","status-publish","hentry"],"_links":{"self":[{"href":"https:\/\/www.saartekalandus.ee\/index.php?rest_route=\/wp\/v2\/pages\/5855","targetHints":{"allow":["GET"]}}],"collection":[{"href":"https:\/\/www.saartekalandus.ee\/index.php?rest_route=\/wp\/v2\/pages"}],"about":[{"href":"https:\/\/www.saartekalandus.ee\/index.php?rest_route=\/wp\/v2\/types\/page"}],"author":[{"embeddable":true,"href":"https:\/\/www.saartekalandus.ee\/index.php?rest_route=\/wp\/v2\/users\/1"}],"replies":[{"embeddable":true,"href":"https:\/\/www.saartekalandus.ee\/index.php?rest_route=%2Fwp%2Fv2%2Fcomments&post=5855"}],"version-history":[{"count":10,"href":"https:\/\/www.saartekalandus.ee\/index.php?rest_route=\/wp\/v2\/pages\/5855\/revisions"}],"predecessor-version":[{"id":6160,"href":"https:\/\/www.saartekalandus.ee\/index.php?rest_route=\/wp\/v2\/pages\/5855\/revisions\/6160"}],"up":[{"embeddable":true,"href":"https:\/\/www.saartekalandus.ee\/index.php?rest_route=\/wp\/v2\/pages\/6158"}],"wp:attachment":[{"href":"https:\/\/www.saartekalandus.ee\/index.php?rest_route=%2Fwp%2Fv2%2Fmedia&parent=5855"}],"curies":[{"name":"wp","href":"https:\/\/api.w.org\/{rel}","templated":true}]}}