{"id":47,"date":"2014-03-14T09:26:04","date_gmt":"2014-03-14T09:26:04","guid":{"rendered":"http:\/\/www.saartekalandus.ee\/?page_id=47"},"modified":"2023-05-30T05:25:28","modified_gmt":"2023-05-30T05:25:28","slug":"galerii","status":"publish","type":"page","link":"https:\/\/www.saartekalandus.ee\/?page_id=47","title":{"rendered":"Galerii"},"content":{"rendered":"<p><a href=\"http:\/\/www.saartekalandus.ee\/wp-content\/uploads\/2014\/03\/saartekal.bmp\"><img loading=\"lazy\" decoding=\"async\" class=\"alignnone size-medium wp-image-898\" src=\"http:\/\/www.saartekalandus.ee\/wp-content\/uploads\/2014\/03\/saartekal.bmp\" alt=\"saartekal\" width=\"1\" height=\"1\" \/><\/a><\/p>\n<p><a href=\"http:\/\/www.saartekalandus.ee\/wp-content\/uploads\/2014\/03\/saartekal.bmp\"><img loading=\"lazy\" decoding=\"async\" class=\"alignnone size-medium wp-image-898\" src=\"http:\/\/www.saartekalandus.ee\/wp-content\/uploads\/2014\/03\/saartekal.bmp\" alt=\"saartekal\" width=\"1\" height=\"1\" \/><\/a><a href=\"http:\/\/www.saartekalandus.ee\/wp-content\/uploads\/2014\/03\/SK.jpg\"><img loading=\"lazy\" decoding=\"async\" class=\"alignnone size-full wp-image-899\" src=\"http:\/\/www.saartekalandus.ee\/wp-content\/uploads\/2014\/03\/SK.jpg\" alt=\"SK\" width=\"300\" height=\"124\" \/><\/a><\/p>\n<p>Vali millist albumit soovid vaadata:<\/p>\n<ul>\n<li><a href=\"http:\/\/www.saartekalandus.ee\/?page_id=139\">Sadamad enne ja p\u00e4rast EKFi I perioodi toetuste avanemist<\/a><\/li>\n<li><a href=\"http:\/\/www.saartekalandus.ee\/?page_id=717\">&#8220;Sailing Towards 2020&#8221; mess Br\u00fcsselis, m\u00e4rts 2015<\/a><\/li>\n<li><a href=\"http:\/\/www.saartekalandus.ee\/?page_id=821\">Koguva Kalap\u00e4ev\u00a0 Saaremaa Toidufestivalil, september 2015<\/a><\/li>\n<li><a href=\"http:\/\/www.saartekalandus.ee\/?page_id=959\">Tutvustav \u00f5ppereis lasteaia lastele Tihemetsa tallu<\/a><\/li>\n<li><a href=\"http:\/\/www.saartekalandus.ee\/?page_id=1328\">Kaluritep\u00e4ev 2016 &#8211; 08. juuli piirkondlik teabep\u00e4ev<\/a><\/li>\n<li><a href=\"http:\/\/www.saartekalandus.ee\/?page_id=2731\">Saaremaa Kalurite P\u00e4ev 07. 07. \u2013 08. 07. 2017<\/a><\/li>\n<li><a href=\"http:\/\/www.saartekalandus.ee\/?page_id=2792\">\u00d5ppereis Peipsi kalanduspiirkonda 23. 08. &#8211; 26. 08. 2017. a\u00a0<\/a><\/li>\n<li><a href=\"http:\/\/www.saartekalandus.ee\/wp-admin\/post.php?post=3514&amp;action=edit\">\u00d5ppereis Sitsiilia kalanduspiirkondadesse 21. &#8211; 27. 03. 2018. a\u00a0<\/a><\/li>\n<li><a href=\"http:\/\/www.saartekalandus.ee\/?page_id=4130\">\u00d5ppereis Portugali kalanduspiirkondadesse (25) 26. 09. &#8211; 02. 10. 2018. a<\/a><\/li>\n<li><a href=\"http:\/\/www.saartekalandus.ee\/?page_id=4094\">Saaremaa Kalurite P\u00e4ev 2018<\/a><\/li>\n<li><a href=\"http:\/\/www.saartekalandus.ee\/?page_id=4500\">\u00d5ppereis Islandi kalanduspiirkondadesse 03. &#8211; 08. 06. 2019. a<\/a><\/li>\n<li><a href=\"http:\/\/www.saartekalandus.ee\/?page_id=5154\">\u00d5ppereis L\u00f5una- Prantsusmaa Nice piirkonna kalanduspiirkondadesse 13. &#8211; 20. 10. 2021. a<\/a><\/li>\n<li><a href=\"http:\/\/www.saartekalandus.ee\/?page_id=5345\">Avatud kalasadamate p\u00e4ev 2022 Turja sadamas<\/a><\/li>\n<li><a href=\"https:\/\/www.saartekalandus.ee\/wp-admin\/post.php?post=5610&amp;action=edit\">\u00d5ppereis Sardiinia kalanduspiirkondadesse 20. 05. &#8211; 27.(28). 05. 2023. a<\/a><\/li>\n<\/ul>\n","protected":false},"excerpt":{"rendered":"<p>Vali millist albumit soovid vaadata: Sadamad enne ja p\u00e4rast EKFi I perioodi toetuste avanemist &#8220;Sailing Towards 2020&#8221; mess Br\u00fcsselis, m\u00e4rts 2015 Koguva Kalap\u00e4ev\u00a0 Saaremaa Toidufestivalil, september 2015 Tutvustav \u00f5ppereis lasteaia lastele Tihemetsa tallu Kaluritep\u00e4ev 2016 &#8211; 08. juuli piirkondlik teabep\u00e4ev Saaremaa Kalurite P\u00e4ev 07. 07. \u2013 08. 07. 2017 \u00d5ppereis Peipsi kalanduspiirkonda 23. 08. &#8211; [&hellip;]<\/p>\n","protected":false},"author":1,"featured_media":0,"parent":0,"menu_order":80,"comment_status":"closed","ping_status":"closed","template":"","meta":{"footnotes":""},"class_list":["post-47","page","type-page","status-publish","hentry"],"_links":{"self":[{"href":"https:\/\/www.saartekalandus.ee\/index.php?rest_route=\/wp\/v2\/pages\/47","targetHints":{"allow":["GET"]}}],"collection":[{"href":"https:\/\/www.saartekalandus.ee\/index.php?rest_route=\/wp\/v2\/pages"}],"about":[{"href":"https:\/\/www.saartekalandus.ee\/index.php?rest_route=\/wp\/v2\/types\/page"}],"author":[{"embeddable":true,"href":"https:\/\/www.saartekalandus.ee\/index.php?rest_route=\/wp\/v2\/users\/1"}],"replies":[{"embeddable":true,"href":"https:\/\/www.saartekalandus.ee\/index.php?rest_route=%2Fwp%2Fv2%2Fcomments&post=47"}],"version-history":[{"count":36,"href":"https:\/\/www.saartekalandus.ee\/index.php?rest_route=\/wp\/v2\/pages\/47\/revisions"}],"predecessor-version":[{"id":5617,"href":"https:\/\/www.saartekalandus.ee\/index.php?rest_route=\/wp\/v2\/pages\/47\/revisions\/5617"}],"wp:attachment":[{"href":"https:\/\/www.saartekalandus.ee\/index.php?rest_route=%2Fwp%2Fv2%2Fmedia&parent=47"}],"curies":[{"name":"wp","href":"https:\/\/api.w.org\/{rel}","templated":true}]}}