{"id":4130,"date":"2018-10-03T08:54:59","date_gmt":"2018-10-03T08:54:59","guid":{"rendered":"http:\/\/www.saartekalandus.ee\/?page_id=4130"},"modified":"2018-10-03T08:55:43","modified_gmt":"2018-10-03T08:55:43","slug":"oppereis-portugali-kalanduspiirkondadesse-25-26-09-02-10-2018-a","status":"publish","type":"page","link":"https:\/\/www.saartekalandus.ee\/?page_id=4130","title":{"rendered":"\u00d5ppereis Portugali kalanduspiirkondadesse (25) 26. 09. &#8211; 02. 10. 2018. a"},"content":{"rendered":"<p>Koost\u00f6\u00f6projekti \u201eMT\u00dc V\u00f5rtsj\u00e4rve Kalanduspiirkond ja MT\u00dc Saarte Kalandus \u00f5ppereis Portugali\u201c raames korraldati \u00f5ppereis Portugali p\u00f5hja, kesk ja l\u00f5unaosa kalanduspiirkondadesse. Koost\u00f6\u00f6projekti eesm\u00e4rgiks oli tutvuda Portugali kalurite, kalat\u00f6\u00f6tlemisega tegelevate ettev\u00f5tete ja kalateadlaste ettev\u00f5tmistega, et teada saada, kuidas toimib kalandusega seotud toodete ja teenuste arendamine ning samuti kuidas on korraldatud ettev\u00f5tjate, omavalitsuste ja organisatsioonide vaheline t\u00f6\u00f6 ja koost\u00f6\u00f6v\u00f5rgustike toimimine ning milliseid projekte toetati piirkonnas eelmisel 2007-2013 rahastusperioodil.<\/p>\n<p><a href=\"http:\/\/www.saartekalandus.ee\/wp-content\/uploads\/2018\/10\/file1-5.jpeg\" rel=\"attachment wp-att-4131\"><img loading=\"lazy\" decoding=\"async\" class=\"alignnone size-medium wp-image-4131\" src=\"http:\/\/www.saartekalandus.ee\/wp-content\/uploads\/2018\/10\/file1-5-300x225.jpeg\" alt=\"file1-5\" width=\"300\" height=\"225\" srcset=\"https:\/\/www.saartekalandus.ee\/wp-content\/uploads\/2018\/10\/file1-5-300x225.jpeg 300w, https:\/\/www.saartekalandus.ee\/wp-content\/uploads\/2018\/10\/file1-5-768x576.jpeg 768w, https:\/\/www.saartekalandus.ee\/wp-content\/uploads\/2018\/10\/file1-5-1024x768.jpeg 1024w\" sizes=\"auto, (max-width: 300px) 100vw, 300px\" \/><\/a> <a href=\"http:\/\/www.saartekalandus.ee\/wp-content\/uploads\/2018\/10\/file1-6.jpeg\" rel=\"attachment wp-att-4132\"><img loading=\"lazy\" decoding=\"async\" class=\"alignnone size-medium wp-image-4132\" src=\"http:\/\/www.saartekalandus.ee\/wp-content\/uploads\/2018\/10\/file1-6-300x225.jpeg\" alt=\"file1-6\" width=\"300\" height=\"225\" srcset=\"https:\/\/www.saartekalandus.ee\/wp-content\/uploads\/2018\/10\/file1-6-300x225.jpeg 300w, https:\/\/www.saartekalandus.ee\/wp-content\/uploads\/2018\/10\/file1-6-768x576.jpeg 768w, https:\/\/www.saartekalandus.ee\/wp-content\/uploads\/2018\/10\/file1-6-1024x768.jpeg 1024w\" sizes=\"auto, (max-width: 300px) 100vw, 300px\" \/><\/a> <a href=\"http:\/\/www.saartekalandus.ee\/wp-content\/uploads\/2018\/10\/file1-7.jpeg\" rel=\"attachment wp-att-4133\"><img loading=\"lazy\" decoding=\"async\" class=\"alignnone size-medium wp-image-4133\" src=\"http:\/\/www.saartekalandus.ee\/wp-content\/uploads\/2018\/10\/file1-7-300x225.jpeg\" alt=\"file1-7\" width=\"300\" height=\"225\" srcset=\"https:\/\/www.saartekalandus.ee\/wp-content\/uploads\/2018\/10\/file1-7-300x225.jpeg 300w, https:\/\/www.saartekalandus.ee\/wp-content\/uploads\/2018\/10\/file1-7-768x576.jpeg 768w, https:\/\/www.saartekalandus.ee\/wp-content\/uploads\/2018\/10\/file1-7-1024x768.jpeg 1024w\" sizes=\"auto, (max-width: 300px) 100vw, 300px\" \/><\/a> <a href=\"http:\/\/www.saartekalandus.ee\/wp-content\/uploads\/2018\/10\/file1-9.jpeg\" rel=\"attachment wp-att-4134\"><img loading=\"lazy\" decoding=\"async\" class=\"alignnone size-medium wp-image-4134\" src=\"http:\/\/www.saartekalandus.ee\/wp-content\/uploads\/2018\/10\/file1-9-300x225.jpeg\" alt=\"file1-9\" width=\"300\" height=\"225\" srcset=\"https:\/\/www.saartekalandus.ee\/wp-content\/uploads\/2018\/10\/file1-9-300x225.jpeg 300w, https:\/\/www.saartekalandus.ee\/wp-content\/uploads\/2018\/10\/file1-9-768x576.jpeg 768w, https:\/\/www.saartekalandus.ee\/wp-content\/uploads\/2018\/10\/file1-9-1024x768.jpeg 1024w\" sizes=\"auto, (max-width: 300px) 100vw, 300px\" \/><\/a> <a href=\"http:\/\/www.saartekalandus.ee\/wp-content\/uploads\/2018\/10\/file2-2.jpeg\" rel=\"attachment wp-att-4135\"><img loading=\"lazy\" decoding=\"async\" class=\"alignnone size-medium wp-image-4135\" src=\"http:\/\/www.saartekalandus.ee\/wp-content\/uploads\/2018\/10\/file2-2-300x225.jpeg\" alt=\"file2-2\" width=\"300\" height=\"225\" srcset=\"https:\/\/www.saartekalandus.ee\/wp-content\/uploads\/2018\/10\/file2-2-300x225.jpeg 300w, https:\/\/www.saartekalandus.ee\/wp-content\/uploads\/2018\/10\/file2-2-768x576.jpeg 768w, https:\/\/www.saartekalandus.ee\/wp-content\/uploads\/2018\/10\/file2-2-1024x768.jpeg 1024w\" sizes=\"auto, (max-width: 300px) 100vw, 300px\" \/><\/a> <a href=\"http:\/\/www.saartekalandus.ee\/wp-content\/uploads\/2018\/10\/file2-3.jpeg\" rel=\"attachment wp-att-4136\"><img loading=\"lazy\" decoding=\"async\" class=\"alignnone size-medium wp-image-4136\" src=\"http:\/\/www.saartekalandus.ee\/wp-content\/uploads\/2018\/10\/file2-3-300x225.jpeg\" alt=\"file2-3\" width=\"300\" height=\"225\" srcset=\"https:\/\/www.saartekalandus.ee\/wp-content\/uploads\/2018\/10\/file2-3-300x225.jpeg 300w, https:\/\/www.saartekalandus.ee\/wp-content\/uploads\/2018\/10\/file2-3-768x576.jpeg 768w, https:\/\/www.saartekalandus.ee\/wp-content\/uploads\/2018\/10\/file2-3-1024x768.jpeg 1024w\" sizes=\"auto, (max-width: 300px) 100vw, 300px\" \/><\/a> <a href=\"http:\/\/www.saartekalandus.ee\/wp-content\/uploads\/2018\/10\/file2-4.jpeg\" rel=\"attachment wp-att-4137\"><img loading=\"lazy\" decoding=\"async\" class=\"alignnone size-medium wp-image-4137\" src=\"http:\/\/www.saartekalandus.ee\/wp-content\/uploads\/2018\/10\/file2-4-300x225.jpeg\" alt=\"file2-4\" width=\"300\" height=\"225\" srcset=\"https:\/\/www.saartekalandus.ee\/wp-content\/uploads\/2018\/10\/file2-4-300x225.jpeg 300w, https:\/\/www.saartekalandus.ee\/wp-content\/uploads\/2018\/10\/file2-4-768x576.jpeg 768w, https:\/\/www.saartekalandus.ee\/wp-content\/uploads\/2018\/10\/file2-4-1024x768.jpeg 1024w\" sizes=\"auto, (max-width: 300px) 100vw, 300px\" \/><\/a> <a href=\"http:\/\/www.saartekalandus.ee\/wp-content\/uploads\/2018\/10\/file2-6.jpeg\" rel=\"attachment wp-att-4138\"><img loading=\"lazy\" decoding=\"async\" class=\"alignnone size-medium wp-image-4138\" src=\"http:\/\/www.saartekalandus.ee\/wp-content\/uploads\/2018\/10\/file2-6-300x225.jpeg\" alt=\"file2-6\" width=\"300\" height=\"225\" srcset=\"https:\/\/www.saartekalandus.ee\/wp-content\/uploads\/2018\/10\/file2-6-300x225.jpeg 300w, https:\/\/www.saartekalandus.ee\/wp-content\/uploads\/2018\/10\/file2-6-768x576.jpeg 768w, https:\/\/www.saartekalandus.ee\/wp-content\/uploads\/2018\/10\/file2-6-1024x768.jpeg 1024w\" sizes=\"auto, (max-width: 300px) 100vw, 300px\" \/><\/a> <a href=\"http:\/\/www.saartekalandus.ee\/wp-content\/uploads\/2018\/10\/file3-1.jpeg\" rel=\"attachment wp-att-4139\"><img loading=\"lazy\" decoding=\"async\" class=\"alignnone size-medium wp-image-4139\" src=\"http:\/\/www.saartekalandus.ee\/wp-content\/uploads\/2018\/10\/file3-1-300x225.jpeg\" alt=\"file3-1\" width=\"300\" height=\"225\" srcset=\"https:\/\/www.saartekalandus.ee\/wp-content\/uploads\/2018\/10\/file3-1-300x225.jpeg 300w, https:\/\/www.saartekalandus.ee\/wp-content\/uploads\/2018\/10\/file3-1-768x576.jpeg 768w, https:\/\/www.saartekalandus.ee\/wp-content\/uploads\/2018\/10\/file3-1-1024x768.jpeg 1024w\" sizes=\"auto, (max-width: 300px) 100vw, 300px\" \/><\/a> <a href=\"http:\/\/www.saartekalandus.ee\/wp-content\/uploads\/2018\/10\/file3-2.jpeg\" rel=\"attachment wp-att-4140\"><img loading=\"lazy\" decoding=\"async\" class=\"alignnone size-medium wp-image-4140\" src=\"http:\/\/www.saartekalandus.ee\/wp-content\/uploads\/2018\/10\/file3-2-300x225.jpeg\" alt=\"file3-2\" width=\"300\" height=\"225\" srcset=\"https:\/\/www.saartekalandus.ee\/wp-content\/uploads\/2018\/10\/file3-2-300x225.jpeg 300w, https:\/\/www.saartekalandus.ee\/wp-content\/uploads\/2018\/10\/file3-2-768x576.jpeg 768w, https:\/\/www.saartekalandus.ee\/wp-content\/uploads\/2018\/10\/file3-2-1024x768.jpeg 1024w\" sizes=\"auto, (max-width: 300px) 100vw, 300px\" \/><\/a> <a href=\"http:\/\/www.saartekalandus.ee\/wp-content\/uploads\/2018\/10\/file3-3.jpeg\" rel=\"attachment wp-att-4141\"><img loading=\"lazy\" decoding=\"async\" class=\"alignnone size-medium wp-image-4141\" src=\"http:\/\/www.saartekalandus.ee\/wp-content\/uploads\/2018\/10\/file3-3-300x225.jpeg\" alt=\"file3-3\" width=\"300\" height=\"225\" srcset=\"https:\/\/www.saartekalandus.ee\/wp-content\/uploads\/2018\/10\/file3-3-300x225.jpeg 300w, https:\/\/www.saartekalandus.ee\/wp-content\/uploads\/2018\/10\/file3-3-768x576.jpeg 768w, https:\/\/www.saartekalandus.ee\/wp-content\/uploads\/2018\/10\/file3-3-1024x768.jpeg 1024w\" sizes=\"auto, (max-width: 300px) 100vw, 300px\" \/><\/a> <a href=\"http:\/\/www.saartekalandus.ee\/wp-content\/uploads\/2018\/10\/file3-5.jpeg\" rel=\"attachment wp-att-4142\"><img loading=\"lazy\" decoding=\"async\" class=\"alignnone size-medium wp-image-4142\" src=\"http:\/\/www.saartekalandus.ee\/wp-content\/uploads\/2018\/10\/file3-5-300x225.jpeg\" alt=\"file3-5\" width=\"300\" height=\"225\" srcset=\"https:\/\/www.saartekalandus.ee\/wp-content\/uploads\/2018\/10\/file3-5-300x225.jpeg 300w, https:\/\/www.saartekalandus.ee\/wp-content\/uploads\/2018\/10\/file3-5-768x576.jpeg 768w, https:\/\/www.saartekalandus.ee\/wp-content\/uploads\/2018\/10\/file3-5-1024x768.jpeg 1024w\" sizes=\"auto, (max-width: 300px) 100vw, 300px\" \/><\/a> <a href=\"http:\/\/www.saartekalandus.ee\/wp-content\/uploads\/2018\/10\/file4-1.jpeg\" rel=\"attachment wp-att-4143\"><img loading=\"lazy\" decoding=\"async\" class=\"alignnone size-medium wp-image-4143\" src=\"http:\/\/www.saartekalandus.ee\/wp-content\/uploads\/2018\/10\/file4-1-300x225.jpeg\" alt=\"file4-1\" width=\"300\" height=\"225\" srcset=\"https:\/\/www.saartekalandus.ee\/wp-content\/uploads\/2018\/10\/file4-1-300x225.jpeg 300w, https:\/\/www.saartekalandus.ee\/wp-content\/uploads\/2018\/10\/file4-1-768x576.jpeg 768w, https:\/\/www.saartekalandus.ee\/wp-content\/uploads\/2018\/10\/file4-1-1024x768.jpeg 1024w\" sizes=\"auto, (max-width: 300px) 100vw, 300px\" \/><\/a> <a href=\"http:\/\/www.saartekalandus.ee\/wp-content\/uploads\/2018\/10\/file4-2.jpeg\" rel=\"attachment wp-att-4144\"><img loading=\"lazy\" decoding=\"async\" class=\"alignnone size-medium wp-image-4144\" src=\"http:\/\/www.saartekalandus.ee\/wp-content\/uploads\/2018\/10\/file4-2-300x225.jpeg\" alt=\"file4-2\" width=\"300\" height=\"225\" srcset=\"https:\/\/www.saartekalandus.ee\/wp-content\/uploads\/2018\/10\/file4-2-300x225.jpeg 300w, https:\/\/www.saartekalandus.ee\/wp-content\/uploads\/2018\/10\/file4-2-768x576.jpeg 768w, https:\/\/www.saartekalandus.ee\/wp-content\/uploads\/2018\/10\/file4-2-1024x768.jpeg 1024w\" sizes=\"auto, (max-width: 300px) 100vw, 300px\" \/><\/a> <a href=\"http:\/\/www.saartekalandus.ee\/wp-content\/uploads\/2018\/10\/file4-3.jpeg\" rel=\"attachment wp-att-4145\"><img loading=\"lazy\" decoding=\"async\" class=\"alignnone size-medium wp-image-4145\" src=\"http:\/\/www.saartekalandus.ee\/wp-content\/uploads\/2018\/10\/file4-3-300x225.jpeg\" alt=\"file4-3\" width=\"300\" height=\"225\" srcset=\"https:\/\/www.saartekalandus.ee\/wp-content\/uploads\/2018\/10\/file4-3-300x225.jpeg 300w, https:\/\/www.saartekalandus.ee\/wp-content\/uploads\/2018\/10\/file4-3-768x576.jpeg 768w, https:\/\/www.saartekalandus.ee\/wp-content\/uploads\/2018\/10\/file4-3-1024x768.jpeg 1024w\" sizes=\"auto, (max-width: 300px) 100vw, 300px\" \/><\/a> <a href=\"http:\/\/www.saartekalandus.ee\/wp-content\/uploads\/2018\/10\/file4-5.jpeg\" rel=\"attachment wp-att-4146\"><img loading=\"lazy\" decoding=\"async\" class=\"alignnone size-medium wp-image-4146\" src=\"http:\/\/www.saartekalandus.ee\/wp-content\/uploads\/2018\/10\/file4-5-300x225.jpeg\" alt=\"file4-5\" width=\"300\" height=\"225\" srcset=\"https:\/\/www.saartekalandus.ee\/wp-content\/uploads\/2018\/10\/file4-5-300x225.jpeg 300w, https:\/\/www.saartekalandus.ee\/wp-content\/uploads\/2018\/10\/file4-5-768x576.jpeg 768w, https:\/\/www.saartekalandus.ee\/wp-content\/uploads\/2018\/10\/file4-5-1024x768.jpeg 1024w\" sizes=\"auto, (max-width: 300px) 100vw, 300px\" \/><\/a> <a href=\"http:\/\/www.saartekalandus.ee\/wp-content\/uploads\/2018\/10\/file5-1.jpeg\" rel=\"attachment wp-att-4147\"><img loading=\"lazy\" decoding=\"async\" class=\"alignnone size-medium wp-image-4147\" src=\"http:\/\/www.saartekalandus.ee\/wp-content\/uploads\/2018\/10\/file5-1-300x225.jpeg\" alt=\"file5-1\" width=\"300\" height=\"225\" srcset=\"https:\/\/www.saartekalandus.ee\/wp-content\/uploads\/2018\/10\/file5-1-300x225.jpeg 300w, https:\/\/www.saartekalandus.ee\/wp-content\/uploads\/2018\/10\/file5-1-768x576.jpeg 768w, https:\/\/www.saartekalandus.ee\/wp-content\/uploads\/2018\/10\/file5-1-1024x768.jpeg 1024w\" sizes=\"auto, (max-width: 300px) 100vw, 300px\" \/><\/a> <a href=\"http:\/\/www.saartekalandus.ee\/wp-content\/uploads\/2018\/10\/file5-2.jpeg\" rel=\"attachment wp-att-4148\"><img loading=\"lazy\" decoding=\"async\" class=\"alignnone size-medium wp-image-4148\" src=\"http:\/\/www.saartekalandus.ee\/wp-content\/uploads\/2018\/10\/file5-2-300x225.jpeg\" alt=\"file5-2\" width=\"300\" height=\"225\" srcset=\"https:\/\/www.saartekalandus.ee\/wp-content\/uploads\/2018\/10\/file5-2-300x225.jpeg 300w, https:\/\/www.saartekalandus.ee\/wp-content\/uploads\/2018\/10\/file5-2-768x576.jpeg 768w, https:\/\/www.saartekalandus.ee\/wp-content\/uploads\/2018\/10\/file5-2-1024x768.jpeg 1024w\" sizes=\"auto, (max-width: 300px) 100vw, 300px\" \/><\/a> <a href=\"http:\/\/www.saartekalandus.ee\/wp-content\/uploads\/2018\/10\/file5-3.jpeg\" rel=\"attachment wp-att-4149\"><img loading=\"lazy\" decoding=\"async\" class=\"alignnone size-medium wp-image-4149\" src=\"http:\/\/www.saartekalandus.ee\/wp-content\/uploads\/2018\/10\/file5-3-300x225.jpeg\" alt=\"file5-3\" width=\"300\" height=\"225\" srcset=\"https:\/\/www.saartekalandus.ee\/wp-content\/uploads\/2018\/10\/file5-3-300x225.jpeg 300w, https:\/\/www.saartekalandus.ee\/wp-content\/uploads\/2018\/10\/file5-3-768x576.jpeg 768w, https:\/\/www.saartekalandus.ee\/wp-content\/uploads\/2018\/10\/file5-3-1024x768.jpeg 1024w\" sizes=\"auto, (max-width: 300px) 100vw, 300px\" \/><\/a> <a href=\"http:\/\/www.saartekalandus.ee\/wp-content\/uploads\/2018\/10\/file5-5.jpeg\" rel=\"attachment wp-att-4150\"><img loading=\"lazy\" decoding=\"async\" class=\"alignnone size-medium wp-image-4150\" src=\"http:\/\/www.saartekalandus.ee\/wp-content\/uploads\/2018\/10\/file5-5-300x225.jpeg\" alt=\"file5-5\" width=\"300\" height=\"225\" srcset=\"https:\/\/www.saartekalandus.ee\/wp-content\/uploads\/2018\/10\/file5-5-300x225.jpeg 300w, https:\/\/www.saartekalandus.ee\/wp-content\/uploads\/2018\/10\/file5-5-768x576.jpeg 768w, https:\/\/www.saartekalandus.ee\/wp-content\/uploads\/2018\/10\/file5-5-1024x768.jpeg 1024w\" sizes=\"auto, (max-width: 300px) 100vw, 300px\" \/><\/a> <a href=\"http:\/\/www.saartekalandus.ee\/wp-content\/uploads\/2018\/10\/file6-1.jpeg\" rel=\"attachment wp-att-4151\"><img loading=\"lazy\" decoding=\"async\" class=\"alignnone size-medium wp-image-4151\" src=\"http:\/\/www.saartekalandus.ee\/wp-content\/uploads\/2018\/10\/file6-1-300x225.jpeg\" alt=\"file6-1\" width=\"300\" height=\"225\" srcset=\"https:\/\/www.saartekalandus.ee\/wp-content\/uploads\/2018\/10\/file6-1-300x225.jpeg 300w, https:\/\/www.saartekalandus.ee\/wp-content\/uploads\/2018\/10\/file6-1-768x576.jpeg 768w, https:\/\/www.saartekalandus.ee\/wp-content\/uploads\/2018\/10\/file6-1-1024x768.jpeg 1024w\" sizes=\"auto, (max-width: 300px) 100vw, 300px\" \/><\/a> <a href=\"http:\/\/www.saartekalandus.ee\/wp-content\/uploads\/2018\/10\/file6-3.jpeg\" rel=\"attachment wp-att-4152\"><img loading=\"lazy\" decoding=\"async\" class=\"alignnone size-medium wp-image-4152\" src=\"http:\/\/www.saartekalandus.ee\/wp-content\/uploads\/2018\/10\/file6-3-300x225.jpeg\" alt=\"file6-3\" width=\"300\" height=\"225\" srcset=\"https:\/\/www.saartekalandus.ee\/wp-content\/uploads\/2018\/10\/file6-3-300x225.jpeg 300w, https:\/\/www.saartekalandus.ee\/wp-content\/uploads\/2018\/10\/file6-3-768x576.jpeg 768w, https:\/\/www.saartekalandus.ee\/wp-content\/uploads\/2018\/10\/file6-3-1024x768.jpeg 1024w\" sizes=\"auto, (max-width: 300px) 100vw, 300px\" \/><\/a> <a href=\"http:\/\/www.saartekalandus.ee\/wp-content\/uploads\/2018\/10\/file7-1.jpeg\" rel=\"attachment wp-att-4153\"><img loading=\"lazy\" decoding=\"async\" class=\"alignnone size-medium wp-image-4153\" src=\"http:\/\/www.saartekalandus.ee\/wp-content\/uploads\/2018\/10\/file7-1-300x225.jpeg\" alt=\"file7-1\" width=\"300\" height=\"225\" srcset=\"https:\/\/www.saartekalandus.ee\/wp-content\/uploads\/2018\/10\/file7-1-300x225.jpeg 300w, https:\/\/www.saartekalandus.ee\/wp-content\/uploads\/2018\/10\/file7-1-768x576.jpeg 768w, https:\/\/www.saartekalandus.ee\/wp-content\/uploads\/2018\/10\/file7-1-1024x768.jpeg 1024w\" sizes=\"auto, (max-width: 300px) 100vw, 300px\" \/><\/a> <a href=\"http:\/\/www.saartekalandus.ee\/wp-content\/uploads\/2018\/10\/file7-3.jpeg\" rel=\"attachment wp-att-4154\"><img loading=\"lazy\" decoding=\"async\" class=\"alignnone size-medium wp-image-4154\" src=\"http:\/\/www.saartekalandus.ee\/wp-content\/uploads\/2018\/10\/file7-3-300x225.jpeg\" alt=\"file7-3\" width=\"300\" height=\"225\" srcset=\"https:\/\/www.saartekalandus.ee\/wp-content\/uploads\/2018\/10\/file7-3-300x225.jpeg 300w, https:\/\/www.saartekalandus.ee\/wp-content\/uploads\/2018\/10\/file7-3-768x576.jpeg 768w, https:\/\/www.saartekalandus.ee\/wp-content\/uploads\/2018\/10\/file7-3-1024x768.jpeg 1024w\" sizes=\"auto, (max-width: 300px) 100vw, 300px\" \/><\/a> <a href=\"http:\/\/www.saartekalandus.ee\/wp-content\/uploads\/2018\/10\/file8-2.jpeg\" rel=\"attachment wp-att-4155\"><img loading=\"lazy\" decoding=\"async\" class=\"alignnone size-medium wp-image-4155\" src=\"http:\/\/www.saartekalandus.ee\/wp-content\/uploads\/2018\/10\/file8-2-300x225.jpeg\" alt=\"file8-2\" width=\"300\" height=\"225\" srcset=\"https:\/\/www.saartekalandus.ee\/wp-content\/uploads\/2018\/10\/file8-2-300x225.jpeg 300w, https:\/\/www.saartekalandus.ee\/wp-content\/uploads\/2018\/10\/file8-2-768x576.jpeg 768w, https:\/\/www.saartekalandus.ee\/wp-content\/uploads\/2018\/10\/file8-2-1024x768.jpeg 1024w\" sizes=\"auto, (max-width: 300px) 100vw, 300px\" \/><\/a> <a href=\"http:\/\/www.saartekalandus.ee\/wp-content\/uploads\/2018\/10\/file9-2.jpeg\" rel=\"attachment wp-att-4156\"><img loading=\"lazy\" decoding=\"async\" class=\"alignnone size-medium wp-image-4156\" src=\"http:\/\/www.saartekalandus.ee\/wp-content\/uploads\/2018\/10\/file9-2-300x225.jpeg\" alt=\"file9-2\" width=\"300\" height=\"225\" srcset=\"https:\/\/www.saartekalandus.ee\/wp-content\/uploads\/2018\/10\/file9-2-300x225.jpeg 300w, https:\/\/www.saartekalandus.ee\/wp-content\/uploads\/2018\/10\/file9-2-768x576.jpeg 768w, https:\/\/www.saartekalandus.ee\/wp-content\/uploads\/2018\/10\/file9-2-1024x768.jpeg 1024w\" sizes=\"auto, (max-width: 300px) 100vw, 300px\" \/><\/a> <a href=\"http:\/\/www.saartekalandus.ee\/wp-content\/uploads\/2018\/10\/file-19.jpeg\" rel=\"attachment wp-att-4157\"><img loading=\"lazy\" decoding=\"async\" class=\"alignnone size-medium wp-image-4157\" src=\"http:\/\/www.saartekalandus.ee\/wp-content\/uploads\/2018\/10\/file-19-300x225.jpeg\" alt=\"file-19\" width=\"300\" height=\"225\" srcset=\"https:\/\/www.saartekalandus.ee\/wp-content\/uploads\/2018\/10\/file-19-300x225.jpeg 300w, https:\/\/www.saartekalandus.ee\/wp-content\/uploads\/2018\/10\/file-19-768x576.jpeg 768w, https:\/\/www.saartekalandus.ee\/wp-content\/uploads\/2018\/10\/file-19-1024x768.jpeg 1024w\" sizes=\"auto, (max-width: 300px) 100vw, 300px\" \/><\/a> <a href=\"http:\/\/www.saartekalandus.ee\/wp-content\/uploads\/2018\/10\/file-20.jpeg\" rel=\"attachment wp-att-4158\"><img loading=\"lazy\" decoding=\"async\" class=\"alignnone size-medium wp-image-4158\" src=\"http:\/\/www.saartekalandus.ee\/wp-content\/uploads\/2018\/10\/file-20-300x225.jpeg\" alt=\"file-20\" width=\"300\" height=\"225\" srcset=\"https:\/\/www.saartekalandus.ee\/wp-content\/uploads\/2018\/10\/file-20-300x225.jpeg 300w, https:\/\/www.saartekalandus.ee\/wp-content\/uploads\/2018\/10\/file-20-768x576.jpeg 768w, https:\/\/www.saartekalandus.ee\/wp-content\/uploads\/2018\/10\/file-20-1024x768.jpeg 1024w\" sizes=\"auto, (max-width: 300px) 100vw, 300px\" \/><\/a> <a href=\"http:\/\/www.saartekalandus.ee\/wp-content\/uploads\/2018\/10\/file-21.jpeg\" rel=\"attachment wp-att-4159\"><img loading=\"lazy\" decoding=\"async\" class=\"alignnone size-medium wp-image-4159\" src=\"http:\/\/www.saartekalandus.ee\/wp-content\/uploads\/2018\/10\/file-21-300x225.jpeg\" alt=\"file-21\" width=\"300\" height=\"225\" srcset=\"https:\/\/www.saartekalandus.ee\/wp-content\/uploads\/2018\/10\/file-21-300x225.jpeg 300w, https:\/\/www.saartekalandus.ee\/wp-content\/uploads\/2018\/10\/file-21-768x576.jpeg 768w, https:\/\/www.saartekalandus.ee\/wp-content\/uploads\/2018\/10\/file-21-1024x768.jpeg 1024w\" sizes=\"auto, (max-width: 300px) 100vw, 300px\" \/><\/a> <a href=\"http:\/\/www.saartekalandus.ee\/wp-content\/uploads\/2018\/10\/file-23.jpeg\" rel=\"attachment wp-att-4160\"><img loading=\"lazy\" decoding=\"async\" class=\"alignnone size-medium wp-image-4160\" src=\"http:\/\/www.saartekalandus.ee\/wp-content\/uploads\/2018\/10\/file-23-300x225.jpeg\" alt=\"file-23\" width=\"300\" height=\"225\" srcset=\"https:\/\/www.saartekalandus.ee\/wp-content\/uploads\/2018\/10\/file-23-300x225.jpeg 300w, https:\/\/www.saartekalandus.ee\/wp-content\/uploads\/2018\/10\/file-23-768x576.jpeg 768w, https:\/\/www.saartekalandus.ee\/wp-content\/uploads\/2018\/10\/file-23-1024x768.jpeg 1024w\" sizes=\"auto, (max-width: 300px) 100vw, 300px\" \/><\/a><\/p>\n","protected":false},"excerpt":{"rendered":"<p>Koost\u00f6\u00f6projekti \u201eMT\u00dc V\u00f5rtsj\u00e4rve Kalanduspiirkond ja MT\u00dc Saarte Kalandus \u00f5ppereis Portugali\u201c raames korraldati \u00f5ppereis Portugali p\u00f5hja, kesk ja l\u00f5unaosa kalanduspiirkondadesse. Koost\u00f6\u00f6projekti eesm\u00e4rgiks oli tutvuda Portugali kalurite, kalat\u00f6\u00f6tlemisega tegelevate ettev\u00f5tete ja kalateadlaste ettev\u00f5tmistega, et teada saada, kuidas toimib kalandusega seotud toodete ja teenuste arendamine ning samuti kuidas on korraldatud ettev\u00f5tjate, omavalitsuste ja organisatsioonide vaheline t\u00f6\u00f6 ja koost\u00f6\u00f6v\u00f5rgustike [&hellip;]<\/p>\n","protected":false},"author":1,"featured_media":0,"parent":47,"menu_order":0,"comment_status":"closed","ping_status":"closed","template":"","meta":{"footnotes":""},"class_list":["post-4130","page","type-page","status-publish","hentry"],"_links":{"self":[{"href":"https:\/\/www.saartekalandus.ee\/index.php?rest_route=\/wp\/v2\/pages\/4130","targetHints":{"allow":["GET"]}}],"collection":[{"href":"https:\/\/www.saartekalandus.ee\/index.php?rest_route=\/wp\/v2\/pages"}],"about":[{"href":"https:\/\/www.saartekalandus.ee\/index.php?rest_route=\/wp\/v2\/types\/page"}],"author":[{"embeddable":true,"href":"https:\/\/www.saartekalandus.ee\/index.php?rest_route=\/wp\/v2\/users\/1"}],"replies":[{"embeddable":true,"href":"https:\/\/www.saartekalandus.ee\/index.php?rest_route=%2Fwp%2Fv2%2Fcomments&post=4130"}],"version-history":[{"count":1,"href":"https:\/\/www.saartekalandus.ee\/index.php?rest_route=\/wp\/v2\/pages\/4130\/revisions"}],"predecessor-version":[{"id":4161,"href":"https:\/\/www.saartekalandus.ee\/index.php?rest_route=\/wp\/v2\/pages\/4130\/revisions\/4161"}],"up":[{"embeddable":true,"href":"https:\/\/www.saartekalandus.ee\/index.php?rest_route=\/wp\/v2\/pages\/47"}],"wp:attachment":[{"href":"https:\/\/www.saartekalandus.ee\/index.php?rest_route=%2Fwp%2Fv2%2Fmedia&parent=4130"}],"curies":[{"name":"wp","href":"https:\/\/api.w.org\/{rel}","templated":true}]}}