{"id":4094,"date":"2018-07-16T10:35:57","date_gmt":"2018-07-16T10:35:57","guid":{"rendered":"http:\/\/www.saartekalandus.ee\/?page_id=4094"},"modified":"2018-09-13T05:34:10","modified_gmt":"2018-09-13T05:34:10","slug":"saaremaa-kalurite-paev-2018","status":"publish","type":"page","link":"https:\/\/www.saartekalandus.ee\/?page_id=4094","title":{"rendered":"Saaremaa Kalurite P\u00e4ev 2018"},"content":{"rendered":"<p>Saaremaa Kalurite P\u00e4ev 2018 raames toimus 13. juulil kell 12.15 \u2013 15.00 Nasva klubis (S\u00f5rve mnt 53) mittetulundus\u00fchingu Saarte Kalandus poolt organiseeritud \u00f5ppep\u00e4ev, kus kala v\u00e4\u00e4rindamise vajalikkusest r\u00e4\u00e4kis taas kalanduse konsultant Els Ulman- Kuuskman ja O\u00dc Stricton jurist- n\u00f5ustaja Keidi K\u00f5iv r\u00e4\u00e4kis enamlevinud vigadest projektitoetuse taotluste kirjutamisel.<br \/>\n14. juulil algusega kell 18.00 toimus M\u00f5ntu Sadamas traditsiooniline Saaremaa Kalurite P\u00e4eva t\u00e4histamise pidulik muusika\u00fcritus. Rahvale esinesid ansamblid Meie Mees ja Nukker Kukeke. Sissep\u00e4\u00e4s oli k\u00f5igile tasuta, lastele\u00a0olid batuudid ja tegevusjuhendaja.<br \/>\n\u00dcritused toimus \u201eEuroopa Merendus- ja Kalandusfondi\u201c meetme 3.2 \u201eKohaliku algatusr\u00fchma toetus\u201c vahendite abil.<\/p>\n<p><a href=\"http:\/\/www.saartekalandus.ee\/wp-content\/uploads\/2018\/09\/IMG_20180713_100821.jpg\" rel=\"attachment wp-att-4095\"><img loading=\"lazy\" decoding=\"async\" class=\"alignnone size-medium wp-image-4095\" src=\"http:\/\/www.saartekalandus.ee\/wp-content\/uploads\/2018\/09\/IMG_20180713_100821-169x300.jpg\" alt=\"IMG_20180713_100821\" width=\"169\" height=\"300\" srcset=\"https:\/\/www.saartekalandus.ee\/wp-content\/uploads\/2018\/09\/IMG_20180713_100821-169x300.jpg 169w, https:\/\/www.saartekalandus.ee\/wp-content\/uploads\/2018\/09\/IMG_20180713_100821.jpg 270w\" sizes=\"auto, (max-width: 169px) 100vw, 169px\" \/><\/a> <a href=\"http:\/\/www.saartekalandus.ee\/wp-content\/uploads\/2018\/09\/IMG_20180713_132110-001.jpg\" rel=\"attachment wp-att-4096\"><img loading=\"lazy\" decoding=\"async\" class=\"alignnone size-medium wp-image-4096\" src=\"http:\/\/www.saartekalandus.ee\/wp-content\/uploads\/2018\/09\/IMG_20180713_132110-001-300x169.jpg\" alt=\"IMG_20180713_132110-001\" width=\"300\" height=\"169\" srcset=\"https:\/\/www.saartekalandus.ee\/wp-content\/uploads\/2018\/09\/IMG_20180713_132110-001-300x169.jpg 300w, https:\/\/www.saartekalandus.ee\/wp-content\/uploads\/2018\/09\/IMG_20180713_132110-001.jpg 480w\" sizes=\"auto, (max-width: 300px) 100vw, 300px\" \/><\/a> <a href=\"http:\/\/www.saartekalandus.ee\/wp-content\/uploads\/2018\/09\/IMG_20180713_132118.jpg\" rel=\"attachment wp-att-4097\"><img loading=\"lazy\" decoding=\"async\" class=\"alignnone size-medium wp-image-4097\" src=\"http:\/\/www.saartekalandus.ee\/wp-content\/uploads\/2018\/09\/IMG_20180713_132118-300x169.jpg\" alt=\"IMG_20180713_132118\" width=\"300\" height=\"169\" srcset=\"https:\/\/www.saartekalandus.ee\/wp-content\/uploads\/2018\/09\/IMG_20180713_132118-300x169.jpg 300w, https:\/\/www.saartekalandus.ee\/wp-content\/uploads\/2018\/09\/IMG_20180713_132118.jpg 480w\" sizes=\"auto, (max-width: 300px) 100vw, 300px\" \/><\/a> <a href=\"http:\/\/www.saartekalandus.ee\/wp-content\/uploads\/2018\/09\/IMG_20180713_134159.jpg\" rel=\"attachment wp-att-4098\"><img loading=\"lazy\" decoding=\"async\" class=\"alignnone size-medium wp-image-4098\" src=\"http:\/\/www.saartekalandus.ee\/wp-content\/uploads\/2018\/09\/IMG_20180713_134159-300x169.jpg\" alt=\"IMG_20180713_134159\" width=\"300\" height=\"169\" srcset=\"https:\/\/www.saartekalandus.ee\/wp-content\/uploads\/2018\/09\/IMG_20180713_134159-300x169.jpg 300w, https:\/\/www.saartekalandus.ee\/wp-content\/uploads\/2018\/09\/IMG_20180713_134159.jpg 480w\" sizes=\"auto, (max-width: 300px) 100vw, 300px\" \/><\/a> <a href=\"http:\/\/www.saartekalandus.ee\/wp-content\/uploads\/2018\/09\/IMG_20180713_135441.jpg\" rel=\"attachment wp-att-4099\"><img loading=\"lazy\" decoding=\"async\" class=\"alignnone size-medium wp-image-4099\" src=\"http:\/\/www.saartekalandus.ee\/wp-content\/uploads\/2018\/09\/IMG_20180713_135441-300x169.jpg\" alt=\"IMG_20180713_135441\" width=\"300\" height=\"169\" srcset=\"https:\/\/www.saartekalandus.ee\/wp-content\/uploads\/2018\/09\/IMG_20180713_135441-300x169.jpg 300w, https:\/\/www.saartekalandus.ee\/wp-content\/uploads\/2018\/09\/IMG_20180713_135441.jpg 480w\" sizes=\"auto, (max-width: 300px) 100vw, 300px\" \/><\/a> <a href=\"http:\/\/www.saartekalandus.ee\/wp-content\/uploads\/2018\/09\/IMG_20180714_165159.jpg\" rel=\"attachment wp-att-4100\"><img loading=\"lazy\" decoding=\"async\" class=\"alignnone size-medium wp-image-4100\" src=\"http:\/\/www.saartekalandus.ee\/wp-content\/uploads\/2018\/09\/IMG_20180714_165159-300x163.jpg\" alt=\"IMG_20180714_165159\" width=\"300\" height=\"163\" srcset=\"https:\/\/www.saartekalandus.ee\/wp-content\/uploads\/2018\/09\/IMG_20180714_165159-300x163.jpg 300w, https:\/\/www.saartekalandus.ee\/wp-content\/uploads\/2018\/09\/IMG_20180714_165159.jpg 480w\" sizes=\"auto, (max-width: 300px) 100vw, 300px\" \/><\/a> <a href=\"http:\/\/www.saartekalandus.ee\/wp-content\/uploads\/2018\/09\/IMG_20180714_175632.jpg\" rel=\"attachment wp-att-4101\"><img loading=\"lazy\" decoding=\"async\" class=\"alignnone size-medium wp-image-4101\" src=\"http:\/\/www.saartekalandus.ee\/wp-content\/uploads\/2018\/09\/IMG_20180714_175632-300x169.jpg\" alt=\"IMG_20180714_175632\" width=\"300\" height=\"169\" srcset=\"https:\/\/www.saartekalandus.ee\/wp-content\/uploads\/2018\/09\/IMG_20180714_175632-300x169.jpg 300w, https:\/\/www.saartekalandus.ee\/wp-content\/uploads\/2018\/09\/IMG_20180714_175632.jpg 480w\" sizes=\"auto, (max-width: 300px) 100vw, 300px\" \/><\/a> <a href=\"http:\/\/www.saartekalandus.ee\/wp-content\/uploads\/2018\/09\/IMG_20180714_183512.jpg\" rel=\"attachment wp-att-4102\"><img loading=\"lazy\" decoding=\"async\" class=\"alignnone size-medium wp-image-4102\" src=\"http:\/\/www.saartekalandus.ee\/wp-content\/uploads\/2018\/09\/IMG_20180714_183512-300x169.jpg\" alt=\"IMG_20180714_183512\" width=\"300\" height=\"169\" srcset=\"https:\/\/www.saartekalandus.ee\/wp-content\/uploads\/2018\/09\/IMG_20180714_183512-300x169.jpg 300w, https:\/\/www.saartekalandus.ee\/wp-content\/uploads\/2018\/09\/IMG_20180714_183512.jpg 480w\" sizes=\"auto, (max-width: 300px) 100vw, 300px\" \/><\/a> <a href=\"http:\/\/www.saartekalandus.ee\/wp-content\/uploads\/2018\/09\/KP_2018.jpg\" rel=\"attachment wp-att-4103\"><img loading=\"lazy\" decoding=\"async\" class=\"alignnone size-medium wp-image-4103\" src=\"http:\/\/www.saartekalandus.ee\/wp-content\/uploads\/2018\/09\/KP_2018-300x194.jpg\" alt=\"KP_2018\" width=\"300\" height=\"194\" srcset=\"https:\/\/www.saartekalandus.ee\/wp-content\/uploads\/2018\/09\/KP_2018-300x194.jpg 300w, https:\/\/www.saartekalandus.ee\/wp-content\/uploads\/2018\/09\/KP_2018.jpg 480w\" sizes=\"auto, (max-width: 300px) 100vw, 300px\" \/><\/a> <a href=\"http:\/\/www.saartekalandus.ee\/wp-content\/uploads\/2018\/09\/KP_20181.jpg\" rel=\"attachment wp-att-4104\"><img loading=\"lazy\" decoding=\"async\" class=\"alignnone size-medium wp-image-4104\" src=\"http:\/\/www.saartekalandus.ee\/wp-content\/uploads\/2018\/09\/KP_20181-300x213.jpg\" alt=\"KP_20181\" width=\"300\" height=\"213\" srcset=\"https:\/\/www.saartekalandus.ee\/wp-content\/uploads\/2018\/09\/KP_20181-300x213.jpg 300w, https:\/\/www.saartekalandus.ee\/wp-content\/uploads\/2018\/09\/KP_20181.jpg 480w\" sizes=\"auto, (max-width: 300px) 100vw, 300px\" \/><\/a><a href=\"http:\/\/www.saartekalandus.ee\/wp-content\/uploads\/2018\/07\/Foto_8.jpg\" rel=\"attachment wp-att-4110\"><img loading=\"lazy\" decoding=\"async\" class=\"alignnone size-medium wp-image-4110\" src=\"http:\/\/www.saartekalandus.ee\/wp-content\/uploads\/2018\/07\/Foto_8-300x169.jpg\" alt=\"Foto_8\" width=\"300\" height=\"169\" srcset=\"https:\/\/www.saartekalandus.ee\/wp-content\/uploads\/2018\/07\/Foto_8-300x169.jpg 300w, https:\/\/www.saartekalandus.ee\/wp-content\/uploads\/2018\/07\/Foto_8-768x432.jpg 768w, https:\/\/www.saartekalandus.ee\/wp-content\/uploads\/2018\/07\/Foto_8-1024x576.jpg 1024w, https:\/\/www.saartekalandus.ee\/wp-content\/uploads\/2018\/07\/Foto_8.jpg 2048w\" sizes=\"auto, (max-width: 300px) 100vw, 300px\" \/><\/a><\/p>\n","protected":false},"excerpt":{"rendered":"<p>Saaremaa Kalurite P\u00e4ev 2018 raames toimus 13. juulil kell 12.15 \u2013 15.00 Nasva klubis (S\u00f5rve mnt 53) mittetulundus\u00fchingu Saarte Kalandus poolt organiseeritud \u00f5ppep\u00e4ev, kus kala v\u00e4\u00e4rindamise vajalikkusest r\u00e4\u00e4kis taas kalanduse konsultant Els Ulman- Kuuskman ja O\u00dc Stricton jurist- n\u00f5ustaja Keidi K\u00f5iv r\u00e4\u00e4kis enamlevinud vigadest projektitoetuse taotluste kirjutamisel. 14. juulil algusega kell 18.00 toimus M\u00f5ntu Sadamas [&hellip;]<\/p>\n","protected":false},"author":1,"featured_media":0,"parent":47,"menu_order":0,"comment_status":"closed","ping_status":"closed","template":"","meta":{"footnotes":""},"class_list":["post-4094","page","type-page","status-publish","hentry"],"_links":{"self":[{"href":"https:\/\/www.saartekalandus.ee\/index.php?rest_route=\/wp\/v2\/pages\/4094","targetHints":{"allow":["GET"]}}],"collection":[{"href":"https:\/\/www.saartekalandus.ee\/index.php?rest_route=\/wp\/v2\/pages"}],"about":[{"href":"https:\/\/www.saartekalandus.ee\/index.php?rest_route=\/wp\/v2\/types\/page"}],"author":[{"embeddable":true,"href":"https:\/\/www.saartekalandus.ee\/index.php?rest_route=\/wp\/v2\/users\/1"}],"replies":[{"embeddable":true,"href":"https:\/\/www.saartekalandus.ee\/index.php?rest_route=%2Fwp%2Fv2%2Fcomments&post=4094"}],"version-history":[{"count":2,"href":"https:\/\/www.saartekalandus.ee\/index.php?rest_route=\/wp\/v2\/pages\/4094\/revisions"}],"predecessor-version":[{"id":4111,"href":"https:\/\/www.saartekalandus.ee\/index.php?rest_route=\/wp\/v2\/pages\/4094\/revisions\/4111"}],"up":[{"embeddable":true,"href":"https:\/\/www.saartekalandus.ee\/index.php?rest_route=\/wp\/v2\/pages\/47"}],"wp:attachment":[{"href":"https:\/\/www.saartekalandus.ee\/index.php?rest_route=%2Fwp%2Fv2%2Fmedia&parent=4094"}],"curies":[{"name":"wp","href":"https:\/\/api.w.org\/{rel}","templated":true}]}}