{"id":4,"date":"2014-03-14T06:50:55","date_gmt":"2014-03-14T06:50:55","guid":{"rendered":"http:\/\/www.saartekalandus.ee\/?page_id=4"},"modified":"2026-04-01T06:50:39","modified_gmt":"2026-04-01T06:50:39","slug":"mtu-saarte-kalandus","status":"publish","type":"page","link":"https:\/\/www.saartekalandus.ee\/?page_id=4","title":{"rendered":"Saarte Kalandus"},"content":{"rendered":"<div>\n<div>\n<div>\n<div>\n<div>\n<div>\n<p align=\"left\"><strong>Mittetulundus\u00fching Saarte Kalandus on avalikes huvides tegutsev vabatahtlik \u00fchendus, mille eesm\u00e4rk on kalanduse ja sellega seotud tegevusalade arendamine ning rannak\u00fclade eluj\u00f5u kindlustamine.<\/strong><\/p>\n<p align=\"left\">Mittetulundus\u00fchingul Saarte Kalandusel on 157 liiget (seisuga 01.04.2026. a) sealhulgas 3 kohalikku omavalitsust, 40 FIEt, kes omasid eelnenud (2025) kalendriaastal kaluri kalap\u00fc\u00fcgiluba, 37 \u00e4ri\u00fchingut, kes omasid eelnenud (2025) kalendriaastal kaluri kalap\u00fc\u00fcgiluba, 19 ettev\u00f5tjat, kes ei kuulu kolme eelnimetatud huvir\u00fchma ja 58 f\u00fc\u00fcsilist ja juriidilist isikut, kes ei kuulu eelnevatesse nelja huvir\u00fchma ja, kes on huvitatud rannakalanduse ja rannak\u00fclade elu arendamisest.<\/p>\n<p>\u00dchenduse asutajaliikmeteks on 67 kalandussektori ettev\u00f5tjat, 5 kohalikku omavalitsust ning 5 kalandussektoriga seotud mittetulundus\u00fchingut. \u00dching on avatud uute liikmete vastuv\u00f5tmiseks, kes jagavad organisatsiooni eesm\u00e4rke ning p\u00f5hiv\u00e4\u00e4rtuseid.<\/p>\n<p align=\"left\">Euroopa Kalandusfondi raames on k\u00e4ivitunud kalanduspiirkondade s\u00e4\u00e4stva arengu toetusmeede, mille raames on esmakordselt Eesti rannakaluritel ja rannikupiirkonnas tegutsevatele organisatsioonidele loodud v\u00f5imalus \u00fchiselt l\u00e4bi m\u00f5elda kalanduse ja rannak\u00fclade tulevik ning koostada piirkonna arengustrateegia. Toetusmeede v\u00f5imaldab sotsiaal-majanduslikesse raskustesse sattunud piirkonna kalandussektorit toetada erinevate tegevussuundade l\u00f5ikes: kalasadamate ja lossimiskohtade uuendamine, kala v\u00f5i vesiviljelustoodete t\u00f6\u00f6tlemine ja otseturustamine, kalandusega seotud turismi arendamine ja rannak\u00fclade taaselustamine, tegevuste mitmekesistamine, koolitustegevused.<\/p>\n<p align=\"left\">Mittetulundus\u00fching\u00a0Saarte Kalandus eesm\u00e4rgiks on Saaremaa kalanduspiirkonna strateegia v\u00e4ljat\u00f6\u00f6tamine ning strateegias p\u00fcstitatud eesm\u00e4rkide elluviimisele kaasaaitamine.<\/p>\n<p align=\"left\">Eesm\u00e4rgi saavutamiseks organisatsioon:<\/p>\n<ul>\n<li>Arendab koost\u00f6\u00f6d avaliku-, era- ja mittetulundussektori vahel kalandust puudutavates valdkondades<\/li>\n<li>Korraldab strateegia v\u00e4ljat\u00f6\u00f6tamiseks vajalikke koolitusi<\/li>\n<li>Hangib rahalisi vahendeid arengustrateegia elluviimiseks<\/li>\n<li>Suunab arengustrateegia elluviimist, korraldades projektikonkursse ja n\u00f5ustades taotlejaid<\/li>\n<li>Teavitab organisatsiooni tegemistest avalikkust<\/li>\n<li>Koost\u00f6\u00f6 arendamine teiste \u00fchendustega Eestis kui mujal Euroopas<\/li>\n<\/ul>\n<\/div>\n<\/div>\n<\/div>\n<\/div>\n<\/div>\n<\/div>\n","protected":false},"excerpt":{"rendered":"<p>Mittetulundus\u00fching Saarte Kalandus on avalikes huvides tegutsev vabatahtlik \u00fchendus, mille eesm\u00e4rk on kalanduse ja sellega seotud tegevusalade arendamine ning rannak\u00fclade eluj\u00f5u kindlustamine. Mittetulundus\u00fchingul Saarte Kalandusel on 157 liiget (seisuga 01.04.2026. a) sealhulgas 3 kohalikku omavalitsust, 40 FIEt, kes omasid eelnenud (2025) kalendriaastal kaluri kalap\u00fc\u00fcgiluba, 37 \u00e4ri\u00fchingut, kes omasid eelnenud (2025) kalendriaastal kaluri kalap\u00fc\u00fcgiluba, 19 ettev\u00f5tjat, [&hellip;]<\/p>\n","protected":false},"author":1,"featured_media":0,"parent":0,"menu_order":1,"comment_status":"closed","ping_status":"closed","template":"","meta":{"footnotes":""},"class_list":["post-4","page","type-page","status-publish","hentry"],"_links":{"self":[{"href":"https:\/\/www.saartekalandus.ee\/index.php?rest_route=\/wp\/v2\/pages\/4","targetHints":{"allow":["GET"]}}],"collection":[{"href":"https:\/\/www.saartekalandus.ee\/index.php?rest_route=\/wp\/v2\/pages"}],"about":[{"href":"https:\/\/www.saartekalandus.ee\/index.php?rest_route=\/wp\/v2\/types\/page"}],"author":[{"embeddable":true,"href":"https:\/\/www.saartekalandus.ee\/index.php?rest_route=\/wp\/v2\/users\/1"}],"replies":[{"embeddable":true,"href":"https:\/\/www.saartekalandus.ee\/index.php?rest_route=%2Fwp%2Fv2%2Fcomments&post=4"}],"version-history":[{"count":83,"href":"https:\/\/www.saartekalandus.ee\/index.php?rest_route=\/wp\/v2\/pages\/4\/revisions"}],"predecessor-version":[{"id":6617,"href":"https:\/\/www.saartekalandus.ee\/index.php?rest_route=\/wp\/v2\/pages\/4\/revisions\/6617"}],"wp:attachment":[{"href":"https:\/\/www.saartekalandus.ee\/index.php?rest_route=%2Fwp%2Fv2%2Fmedia&parent=4"}],"curies":[{"name":"wp","href":"https:\/\/api.w.org\/{rel}","templated":true}]}}