{"id":3514,"date":"2018-04-02T07:53:55","date_gmt":"2018-04-02T07:53:55","guid":{"rendered":"http:\/\/www.saartekalandus.ee\/?page_id=3514"},"modified":"2018-05-03T09:41:11","modified_gmt":"2018-05-03T09:41:11","slug":"oppereis-sitsiilia-kalanduspiirkondadesse-21-27-03-2018-a","status":"publish","type":"page","link":"https:\/\/www.saartekalandus.ee\/?page_id=3514","title":{"rendered":"\u00d5ppereis Sitsiilia kalanduspiirkondadesse 21. &#8211; 27. 03. 2018. a"},"content":{"rendered":"<p>Koost\u00f6\u00f6projekti \u201eV\u00f5rtsj\u00e4rve ja Saaremaa kalanduspiirkondade \u00f5ppereis Sitsiiliasse\u201c raames korraldati perioodil 21. &#8211; 27. 03. 2018. a \u00f5ppereis Sitsiilia kalanduspiirkondadesse.<br \/>\nKoost\u00f6\u00f6projekti eesm\u00e4rgiks oli tutvuda Sitsiilia kalanduspiirkondade ettev\u00f5tmistega, et teada saada, kuidas toimib kalandusega seotud toodete ja teenuste arendamine ning samuti kuidas on korraldatud ettev\u00f5tjate, omavalitsuste ja organisatsioonide vaheline t\u00f6\u00f6 ja koost\u00f6\u00f6v\u00f5rgustike toimimine ning milliseid projekte toetati piirkonnas eelmisel 2007-2013 rahastusperioodil.<\/p>\n<p><a href=\"http:\/\/www.saartekalandus.ee\/wp-content\/uploads\/2018\/04\/DSCF2627.jpg\" rel=\"attachment wp-att-3515\"><img loading=\"lazy\" decoding=\"async\" class=\"alignnone size-medium wp-image-3515\" src=\"http:\/\/www.saartekalandus.ee\/wp-content\/uploads\/2018\/04\/DSCF2627-200x300.jpg\" alt=\"DSCF2627\" width=\"200\" height=\"300\" srcset=\"https:\/\/www.saartekalandus.ee\/wp-content\/uploads\/2018\/04\/DSCF2627-200x300.jpg 200w, https:\/\/www.saartekalandus.ee\/wp-content\/uploads\/2018\/04\/DSCF2627.jpg 605w\" sizes=\"auto, (max-width: 200px) 100vw, 200px\" \/><\/a> <a href=\"http:\/\/www.saartekalandus.ee\/wp-content\/uploads\/2018\/04\/DSCF2666.jpg\" rel=\"attachment wp-att-3516\"><img loading=\"lazy\" decoding=\"async\" class=\"alignnone size-medium wp-image-3516\" src=\"http:\/\/www.saartekalandus.ee\/wp-content\/uploads\/2018\/04\/DSCF2666-300x200.jpg\" alt=\"DSCF2666\" width=\"300\" height=\"200\" srcset=\"https:\/\/www.saartekalandus.ee\/wp-content\/uploads\/2018\/04\/DSCF2666-300x200.jpg 300w, https:\/\/www.saartekalandus.ee\/wp-content\/uploads\/2018\/04\/DSCF2666-768x512.jpg 768w, https:\/\/www.saartekalandus.ee\/wp-content\/uploads\/2018\/04\/DSCF2666-1024x683.jpg 1024w, https:\/\/www.saartekalandus.ee\/wp-content\/uploads\/2018\/04\/DSCF2666.jpg 1280w\" sizes=\"auto, (max-width: 300px) 100vw, 300px\" \/><\/a> <a href=\"http:\/\/www.saartekalandus.ee\/wp-content\/uploads\/2018\/04\/Grupp_1.jpg\" rel=\"attachment wp-att-3517\"><img loading=\"lazy\" decoding=\"async\" class=\"alignnone size-medium wp-image-3517\" src=\"http:\/\/www.saartekalandus.ee\/wp-content\/uploads\/2018\/04\/Grupp_1-300x240.jpg\" alt=\"Grupp_1\" width=\"300\" height=\"240\" srcset=\"https:\/\/www.saartekalandus.ee\/wp-content\/uploads\/2018\/04\/Grupp_1-300x240.jpg 300w, https:\/\/www.saartekalandus.ee\/wp-content\/uploads\/2018\/04\/Grupp_1-768x614.jpg 768w, https:\/\/www.saartekalandus.ee\/wp-content\/uploads\/2018\/04\/Grupp_1-1024x819.jpg 1024w\" sizes=\"auto, (max-width: 300px) 100vw, 300px\" \/><\/a> <a href=\"http:\/\/www.saartekalandus.ee\/wp-content\/uploads\/2018\/04\/IMG_20180322_124215.jpg\" rel=\"attachment wp-att-3518\"><img loading=\"lazy\" decoding=\"async\" class=\"alignnone size-medium wp-image-3518\" src=\"http:\/\/www.saartekalandus.ee\/wp-content\/uploads\/2018\/04\/IMG_20180322_124215-300x169.jpg\" alt=\"IMG_20180322_124215\" width=\"300\" height=\"169\" srcset=\"https:\/\/www.saartekalandus.ee\/wp-content\/uploads\/2018\/04\/IMG_20180322_124215-300x169.jpg 300w, https:\/\/www.saartekalandus.ee\/wp-content\/uploads\/2018\/04\/IMG_20180322_124215.jpg 640w\" sizes=\"auto, (max-width: 300px) 100vw, 300px\" \/><\/a> <a href=\"http:\/\/www.saartekalandus.ee\/wp-content\/uploads\/2018\/04\/IMG_20180322_124332.jpg\" rel=\"attachment wp-att-3519\"><img loading=\"lazy\" decoding=\"async\" class=\"alignnone size-medium wp-image-3519\" src=\"http:\/\/www.saartekalandus.ee\/wp-content\/uploads\/2018\/04\/IMG_20180322_124332-300x169.jpg\" alt=\"IMG_20180322_124332\" width=\"300\" height=\"169\" srcset=\"https:\/\/www.saartekalandus.ee\/wp-content\/uploads\/2018\/04\/IMG_20180322_124332-300x169.jpg 300w, https:\/\/www.saartekalandus.ee\/wp-content\/uploads\/2018\/04\/IMG_20180322_124332.jpg 640w\" sizes=\"auto, (max-width: 300px) 100vw, 300px\" \/><\/a> <a href=\"http:\/\/www.saartekalandus.ee\/wp-content\/uploads\/2018\/04\/IMG_20180322_124757.jpg\" rel=\"attachment wp-att-3520\"><img loading=\"lazy\" decoding=\"async\" class=\"alignnone size-medium wp-image-3520\" src=\"http:\/\/www.saartekalandus.ee\/wp-content\/uploads\/2018\/04\/IMG_20180322_124757-300x169.jpg\" alt=\"IMG_20180322_124757\" width=\"300\" height=\"169\" srcset=\"https:\/\/www.saartekalandus.ee\/wp-content\/uploads\/2018\/04\/IMG_20180322_124757-300x169.jpg 300w, https:\/\/www.saartekalandus.ee\/wp-content\/uploads\/2018\/04\/IMG_20180322_124757.jpg 640w\" sizes=\"auto, (max-width: 300px) 100vw, 300px\" \/><\/a> <a href=\"http:\/\/www.saartekalandus.ee\/wp-content\/uploads\/2018\/04\/IMG_20180323_153126.jpg\" rel=\"attachment wp-att-3521\"><img loading=\"lazy\" decoding=\"async\" class=\"alignnone size-medium wp-image-3521\" src=\"http:\/\/www.saartekalandus.ee\/wp-content\/uploads\/2018\/04\/IMG_20180323_153126-300x169.jpg\" alt=\"IMG_20180323_153126\" width=\"300\" height=\"169\" srcset=\"https:\/\/www.saartekalandus.ee\/wp-content\/uploads\/2018\/04\/IMG_20180323_153126-300x169.jpg 300w, https:\/\/www.saartekalandus.ee\/wp-content\/uploads\/2018\/04\/IMG_20180323_153126.jpg 640w\" sizes=\"auto, (max-width: 300px) 100vw, 300px\" \/><\/a> <a href=\"http:\/\/www.saartekalandus.ee\/wp-content\/uploads\/2018\/04\/IMG_20180323_155253.jpg\" rel=\"attachment wp-att-3522\"><img loading=\"lazy\" decoding=\"async\" class=\"alignnone size-medium wp-image-3522\" src=\"http:\/\/www.saartekalandus.ee\/wp-content\/uploads\/2018\/04\/IMG_20180323_155253-300x169.jpg\" alt=\"IMG_20180323_155253\" width=\"300\" height=\"169\" srcset=\"https:\/\/www.saartekalandus.ee\/wp-content\/uploads\/2018\/04\/IMG_20180323_155253-300x169.jpg 300w, https:\/\/www.saartekalandus.ee\/wp-content\/uploads\/2018\/04\/IMG_20180323_155253.jpg 640w\" sizes=\"auto, (max-width: 300px) 100vw, 300px\" \/><\/a> <a href=\"http:\/\/www.saartekalandus.ee\/wp-content\/uploads\/2018\/04\/IMG_20180323_160539.jpg\" rel=\"attachment wp-att-3523\"><img loading=\"lazy\" decoding=\"async\" class=\"alignnone size-medium wp-image-3523\" src=\"http:\/\/www.saartekalandus.ee\/wp-content\/uploads\/2018\/04\/IMG_20180323_160539-300x169.jpg\" alt=\"IMG_20180323_160539\" width=\"300\" height=\"169\" srcset=\"https:\/\/www.saartekalandus.ee\/wp-content\/uploads\/2018\/04\/IMG_20180323_160539-300x169.jpg 300w, https:\/\/www.saartekalandus.ee\/wp-content\/uploads\/2018\/04\/IMG_20180323_160539.jpg 640w\" sizes=\"auto, (max-width: 300px) 100vw, 300px\" \/><\/a> <a href=\"http:\/\/www.saartekalandus.ee\/wp-content\/uploads\/2018\/04\/IMG_20180323_160757.jpg\" rel=\"attachment wp-att-3524\"><img loading=\"lazy\" decoding=\"async\" class=\"alignnone size-medium wp-image-3524\" src=\"http:\/\/www.saartekalandus.ee\/wp-content\/uploads\/2018\/04\/IMG_20180323_160757-300x169.jpg\" alt=\"IMG_20180323_160757\" width=\"300\" height=\"169\" srcset=\"https:\/\/www.saartekalandus.ee\/wp-content\/uploads\/2018\/04\/IMG_20180323_160757-300x169.jpg 300w, https:\/\/www.saartekalandus.ee\/wp-content\/uploads\/2018\/04\/IMG_20180323_160757.jpg 640w\" sizes=\"auto, (max-width: 300px) 100vw, 300px\" \/><\/a> <a href=\"http:\/\/www.saartekalandus.ee\/wp-content\/uploads\/2018\/04\/IMG_20180323_160812.jpg\" rel=\"attachment wp-att-3525\"><img loading=\"lazy\" decoding=\"async\" class=\"alignnone size-medium wp-image-3525\" src=\"http:\/\/www.saartekalandus.ee\/wp-content\/uploads\/2018\/04\/IMG_20180323_160812-300x169.jpg\" alt=\"IMG_20180323_160812\" width=\"300\" height=\"169\" srcset=\"https:\/\/www.saartekalandus.ee\/wp-content\/uploads\/2018\/04\/IMG_20180323_160812-300x169.jpg 300w, https:\/\/www.saartekalandus.ee\/wp-content\/uploads\/2018\/04\/IMG_20180323_160812.jpg 640w\" sizes=\"auto, (max-width: 300px) 100vw, 300px\" \/><\/a> <a href=\"http:\/\/www.saartekalandus.ee\/wp-content\/uploads\/2018\/04\/IMG_20180323_162629.jpg\" rel=\"attachment wp-att-3526\"><img loading=\"lazy\" decoding=\"async\" class=\"alignnone size-medium wp-image-3526\" src=\"http:\/\/www.saartekalandus.ee\/wp-content\/uploads\/2018\/04\/IMG_20180323_162629-300x169.jpg\" alt=\"IMG_20180323_162629\" width=\"300\" height=\"169\" srcset=\"https:\/\/www.saartekalandus.ee\/wp-content\/uploads\/2018\/04\/IMG_20180323_162629-300x169.jpg 300w, https:\/\/www.saartekalandus.ee\/wp-content\/uploads\/2018\/04\/IMG_20180323_162629.jpg 640w\" sizes=\"auto, (max-width: 300px) 100vw, 300px\" \/><\/a> <a href=\"http:\/\/www.saartekalandus.ee\/wp-content\/uploads\/2018\/04\/IMG_20180323_170308.jpg\" rel=\"attachment wp-att-3527\"><img loading=\"lazy\" decoding=\"async\" class=\"alignnone size-medium wp-image-3527\" src=\"http:\/\/www.saartekalandus.ee\/wp-content\/uploads\/2018\/04\/IMG_20180323_170308-300x169.jpg\" alt=\"IMG_20180323_170308\" width=\"300\" height=\"169\" srcset=\"https:\/\/www.saartekalandus.ee\/wp-content\/uploads\/2018\/04\/IMG_20180323_170308-300x169.jpg 300w, https:\/\/www.saartekalandus.ee\/wp-content\/uploads\/2018\/04\/IMG_20180323_170308.jpg 640w\" sizes=\"auto, (max-width: 300px) 100vw, 300px\" \/><\/a> <a href=\"http:\/\/www.saartekalandus.ee\/wp-content\/uploads\/2018\/04\/IMG_20180323_171028.jpg\" rel=\"attachment wp-att-3528\"><img loading=\"lazy\" decoding=\"async\" class=\"alignnone size-medium wp-image-3528\" src=\"http:\/\/www.saartekalandus.ee\/wp-content\/uploads\/2018\/04\/IMG_20180323_171028-300x169.jpg\" alt=\"IMG_20180323_171028\" width=\"300\" height=\"169\" srcset=\"https:\/\/www.saartekalandus.ee\/wp-content\/uploads\/2018\/04\/IMG_20180323_171028-300x169.jpg 300w, https:\/\/www.saartekalandus.ee\/wp-content\/uploads\/2018\/04\/IMG_20180323_171028.jpg 640w\" sizes=\"auto, (max-width: 300px) 100vw, 300px\" \/><\/a> <a href=\"http:\/\/www.saartekalandus.ee\/wp-content\/uploads\/2018\/04\/IMG_20180323_173819.jpg\" rel=\"attachment wp-att-3529\"><img loading=\"lazy\" decoding=\"async\" class=\"alignnone size-medium wp-image-3529\" src=\"http:\/\/www.saartekalandus.ee\/wp-content\/uploads\/2018\/04\/IMG_20180323_173819-300x169.jpg\" alt=\"IMG_20180323_173819\" width=\"300\" height=\"169\" srcset=\"https:\/\/www.saartekalandus.ee\/wp-content\/uploads\/2018\/04\/IMG_20180323_173819-300x169.jpg 300w, https:\/\/www.saartekalandus.ee\/wp-content\/uploads\/2018\/04\/IMG_20180323_173819.jpg 640w\" sizes=\"auto, (max-width: 300px) 100vw, 300px\" \/><\/a> <a href=\"http:\/\/www.saartekalandus.ee\/wp-content\/uploads\/2018\/04\/IMG_20180323_173924.jpg\" rel=\"attachment wp-att-3530\"><img loading=\"lazy\" decoding=\"async\" class=\"alignnone size-medium wp-image-3530\" src=\"http:\/\/www.saartekalandus.ee\/wp-content\/uploads\/2018\/04\/IMG_20180323_173924-300x169.jpg\" alt=\"IMG_20180323_173924\" width=\"300\" height=\"169\" srcset=\"https:\/\/www.saartekalandus.ee\/wp-content\/uploads\/2018\/04\/IMG_20180323_173924-300x169.jpg 300w, https:\/\/www.saartekalandus.ee\/wp-content\/uploads\/2018\/04\/IMG_20180323_173924.jpg 640w\" sizes=\"auto, (max-width: 300px) 100vw, 300px\" \/><\/a> <a href=\"http:\/\/www.saartekalandus.ee\/wp-content\/uploads\/2018\/04\/IMG_20180323_174226.jpg\" rel=\"attachment wp-att-3531\"><img loading=\"lazy\" decoding=\"async\" class=\"alignnone size-medium wp-image-3531\" src=\"http:\/\/www.saartekalandus.ee\/wp-content\/uploads\/2018\/04\/IMG_20180323_174226-300x169.jpg\" alt=\"IMG_20180323_174226\" width=\"300\" height=\"169\" srcset=\"https:\/\/www.saartekalandus.ee\/wp-content\/uploads\/2018\/04\/IMG_20180323_174226-300x169.jpg 300w, https:\/\/www.saartekalandus.ee\/wp-content\/uploads\/2018\/04\/IMG_20180323_174226.jpg 640w\" sizes=\"auto, (max-width: 300px) 100vw, 300px\" \/><\/a> <a href=\"http:\/\/www.saartekalandus.ee\/wp-content\/uploads\/2018\/04\/IMG_20180323_174525.jpg\" rel=\"attachment wp-att-3532\"><img loading=\"lazy\" decoding=\"async\" class=\"alignnone size-medium wp-image-3532\" src=\"http:\/\/www.saartekalandus.ee\/wp-content\/uploads\/2018\/04\/IMG_20180323_174525-300x169.jpg\" alt=\"IMG_20180323_174525\" width=\"300\" height=\"169\" srcset=\"https:\/\/www.saartekalandus.ee\/wp-content\/uploads\/2018\/04\/IMG_20180323_174525-300x169.jpg 300w, https:\/\/www.saartekalandus.ee\/wp-content\/uploads\/2018\/04\/IMG_20180323_174525.jpg 640w\" sizes=\"auto, (max-width: 300px) 100vw, 300px\" \/><\/a> <a href=\"http:\/\/www.saartekalandus.ee\/wp-content\/uploads\/2018\/04\/IMG_20180324_114801.jpg\" rel=\"attachment wp-att-3533\"><img loading=\"lazy\" decoding=\"async\" class=\"alignnone size-medium wp-image-3533\" src=\"http:\/\/www.saartekalandus.ee\/wp-content\/uploads\/2018\/04\/IMG_20180324_114801-300x169.jpg\" alt=\"IMG_20180324_114801\" width=\"300\" height=\"169\" srcset=\"https:\/\/www.saartekalandus.ee\/wp-content\/uploads\/2018\/04\/IMG_20180324_114801-300x169.jpg 300w, https:\/\/www.saartekalandus.ee\/wp-content\/uploads\/2018\/04\/IMG_20180324_114801.jpg 640w\" sizes=\"auto, (max-width: 300px) 100vw, 300px\" \/><\/a> <a href=\"http:\/\/www.saartekalandus.ee\/wp-content\/uploads\/2018\/04\/IMG_20180324_115539.jpg\" rel=\"attachment wp-att-3534\"><img loading=\"lazy\" decoding=\"async\" class=\"alignnone size-medium wp-image-3534\" src=\"http:\/\/www.saartekalandus.ee\/wp-content\/uploads\/2018\/04\/IMG_20180324_115539-300x169.jpg\" alt=\"IMG_20180324_115539\" width=\"300\" height=\"169\" srcset=\"https:\/\/www.saartekalandus.ee\/wp-content\/uploads\/2018\/04\/IMG_20180324_115539-300x169.jpg 300w, https:\/\/www.saartekalandus.ee\/wp-content\/uploads\/2018\/04\/IMG_20180324_115539.jpg 640w\" sizes=\"auto, (max-width: 300px) 100vw, 300px\" \/><\/a> <a href=\"http:\/\/www.saartekalandus.ee\/wp-content\/uploads\/2018\/04\/IMG_20180324_115552.jpg\" rel=\"attachment wp-att-3535\"><img loading=\"lazy\" decoding=\"async\" class=\"alignnone size-medium wp-image-3535\" src=\"http:\/\/www.saartekalandus.ee\/wp-content\/uploads\/2018\/04\/IMG_20180324_115552-300x169.jpg\" alt=\"IMG_20180324_115552\" width=\"300\" height=\"169\" srcset=\"https:\/\/www.saartekalandus.ee\/wp-content\/uploads\/2018\/04\/IMG_20180324_115552-300x169.jpg 300w, https:\/\/www.saartekalandus.ee\/wp-content\/uploads\/2018\/04\/IMG_20180324_115552.jpg 640w\" sizes=\"auto, (max-width: 300px) 100vw, 300px\" \/><\/a> <a href=\"http:\/\/www.saartekalandus.ee\/wp-content\/uploads\/2018\/04\/IMG_20180324_115611.jpg\" rel=\"attachment wp-att-3536\"><img loading=\"lazy\" decoding=\"async\" class=\"alignnone size-medium wp-image-3536\" src=\"http:\/\/www.saartekalandus.ee\/wp-content\/uploads\/2018\/04\/IMG_20180324_115611-300x169.jpg\" alt=\"IMG_20180324_115611\" width=\"300\" height=\"169\" srcset=\"https:\/\/www.saartekalandus.ee\/wp-content\/uploads\/2018\/04\/IMG_20180324_115611-300x169.jpg 300w, https:\/\/www.saartekalandus.ee\/wp-content\/uploads\/2018\/04\/IMG_20180324_115611.jpg 640w\" sizes=\"auto, (max-width: 300px) 100vw, 300px\" \/><\/a> <a href=\"http:\/\/www.saartekalandus.ee\/wp-content\/uploads\/2018\/04\/IMG_20180324_115702.jpg\" rel=\"attachment wp-att-3537\"><img loading=\"lazy\" decoding=\"async\" class=\"alignnone size-medium wp-image-3537\" src=\"http:\/\/www.saartekalandus.ee\/wp-content\/uploads\/2018\/04\/IMG_20180324_115702-300x169.jpg\" alt=\"IMG_20180324_115702\" width=\"300\" height=\"169\" srcset=\"https:\/\/www.saartekalandus.ee\/wp-content\/uploads\/2018\/04\/IMG_20180324_115702-300x169.jpg 300w, https:\/\/www.saartekalandus.ee\/wp-content\/uploads\/2018\/04\/IMG_20180324_115702.jpg 640w\" sizes=\"auto, (max-width: 300px) 100vw, 300px\" \/><\/a> <a href=\"http:\/\/www.saartekalandus.ee\/wp-content\/uploads\/2018\/04\/IMG_20180324_115724.jpg\" rel=\"attachment wp-att-3538\"><img loading=\"lazy\" decoding=\"async\" class=\"alignnone size-medium wp-image-3538\" src=\"http:\/\/www.saartekalandus.ee\/wp-content\/uploads\/2018\/04\/IMG_20180324_115724-300x169.jpg\" alt=\"IMG_20180324_115724\" width=\"300\" height=\"169\" srcset=\"https:\/\/www.saartekalandus.ee\/wp-content\/uploads\/2018\/04\/IMG_20180324_115724-300x169.jpg 300w, https:\/\/www.saartekalandus.ee\/wp-content\/uploads\/2018\/04\/IMG_20180324_115724.jpg 640w\" sizes=\"auto, (max-width: 300px) 100vw, 300px\" \/><\/a> <a href=\"http:\/\/www.saartekalandus.ee\/wp-content\/uploads\/2018\/04\/IMG_20180324_115750.jpg\" rel=\"attachment wp-att-3539\"><img loading=\"lazy\" decoding=\"async\" class=\"alignnone size-medium wp-image-3539\" src=\"http:\/\/www.saartekalandus.ee\/wp-content\/uploads\/2018\/04\/IMG_20180324_115750-300x169.jpg\" alt=\"IMG_20180324_115750\" width=\"300\" height=\"169\" srcset=\"https:\/\/www.saartekalandus.ee\/wp-content\/uploads\/2018\/04\/IMG_20180324_115750-300x169.jpg 300w, https:\/\/www.saartekalandus.ee\/wp-content\/uploads\/2018\/04\/IMG_20180324_115750.jpg 640w\" sizes=\"auto, (max-width: 300px) 100vw, 300px\" \/><\/a><a href=\"http:\/\/www.saartekalandus.ee\/wp-content\/uploads\/2018\/04\/Pildid1.jpg\" rel=\"attachment wp-att-3915\"><img loading=\"lazy\" decoding=\"async\" class=\"alignnone size-medium wp-image-3915\" src=\"http:\/\/www.saartekalandus.ee\/wp-content\/uploads\/2018\/04\/Pildid1-225x300.jpg\" alt=\"Pildid1\" width=\"225\" height=\"300\" srcset=\"https:\/\/www.saartekalandus.ee\/wp-content\/uploads\/2018\/04\/Pildid1-225x300.jpg 225w, https:\/\/www.saartekalandus.ee\/wp-content\/uploads\/2018\/04\/Pildid1.jpg 480w\" sizes=\"auto, (max-width: 225px) 100vw, 225px\" \/><\/a><\/p>\n","protected":false},"excerpt":{"rendered":"<p>Koost\u00f6\u00f6projekti \u201eV\u00f5rtsj\u00e4rve ja Saaremaa kalanduspiirkondade \u00f5ppereis Sitsiiliasse\u201c raames korraldati perioodil 21. &#8211; 27. 03. 2018. a \u00f5ppereis Sitsiilia kalanduspiirkondadesse. Koost\u00f6\u00f6projekti eesm\u00e4rgiks oli tutvuda Sitsiilia kalanduspiirkondade ettev\u00f5tmistega, et teada saada, kuidas toimib kalandusega seotud toodete ja teenuste arendamine ning samuti kuidas on korraldatud ettev\u00f5tjate, omavalitsuste ja organisatsioonide vaheline t\u00f6\u00f6 ja koost\u00f6\u00f6v\u00f5rgustike toimimine ning milliseid projekte toetati [&hellip;]<\/p>\n","protected":false},"author":1,"featured_media":0,"parent":47,"menu_order":0,"comment_status":"closed","ping_status":"closed","template":"","meta":{"footnotes":""},"class_list":["post-3514","page","type-page","status-publish","hentry"],"_links":{"self":[{"href":"https:\/\/www.saartekalandus.ee\/index.php?rest_route=\/wp\/v2\/pages\/3514","targetHints":{"allow":["GET"]}}],"collection":[{"href":"https:\/\/www.saartekalandus.ee\/index.php?rest_route=\/wp\/v2\/pages"}],"about":[{"href":"https:\/\/www.saartekalandus.ee\/index.php?rest_route=\/wp\/v2\/types\/page"}],"author":[{"embeddable":true,"href":"https:\/\/www.saartekalandus.ee\/index.php?rest_route=\/wp\/v2\/users\/1"}],"replies":[{"embeddable":true,"href":"https:\/\/www.saartekalandus.ee\/index.php?rest_route=%2Fwp%2Fv2%2Fcomments&post=3514"}],"version-history":[{"count":2,"href":"https:\/\/www.saartekalandus.ee\/index.php?rest_route=\/wp\/v2\/pages\/3514\/revisions"}],"predecessor-version":[{"id":3916,"href":"https:\/\/www.saartekalandus.ee\/index.php?rest_route=\/wp\/v2\/pages\/3514\/revisions\/3916"}],"up":[{"embeddable":true,"href":"https:\/\/www.saartekalandus.ee\/index.php?rest_route=\/wp\/v2\/pages\/47"}],"wp:attachment":[{"href":"https:\/\/www.saartekalandus.ee\/index.php?rest_route=%2Fwp%2Fv2%2Fmedia&parent=3514"}],"curies":[{"name":"wp","href":"https:\/\/api.w.org\/{rel}","templated":true}]}}