{"id":236,"date":"2014-04-07T07:20:57","date_gmt":"2014-04-07T07:20:57","guid":{"rendered":"http:\/\/www.saartekalandus.ee\/?page_id=236"},"modified":"2026-04-01T06:52:06","modified_gmt":"2026-04-01T06:52:06","slug":"meie-liikmed-2","status":"publish","type":"page","link":"https:\/\/www.saartekalandus.ee\/?page_id=236","title":{"rendered":"Meie liikmed"},"content":{"rendered":"<p>MT\u00dc liikmeks v\u00f5ivad olla k\u00f5ik f\u00fc\u00fcsilised isikud, f\u00fc\u00fcsilisest isikust ettev\u00f5tjad ja juriidilised isikud, kes vastavad allpool toodud tingimustele ning tunnistavad MT\u00dc eesm\u00e4rki ja p\u00f5hikirja, \u00fcldkoosoleku ja juhatuse otsuseid. MT\u00dc on avatud uute liikmete vastuv\u00f5tuks.<\/p>\n<p>MT\u00dc liikmeks v\u00f5ivad olla k\u00f5ik f\u00fc\u00fcsilised isikud, f\u00fc\u00fcsilisest isikust ettev\u00f5tjad ja juriidilised isikud, kes vastavad allpool toodud tingimustele ning tunnistavad MT\u00dc eesm\u00e4rki ja p\u00f5hikirja, \u00fcldkoosoleku ja juhatuse otsuseid. MT\u00dc on avatud uute liikmete vastuv\u00f5tuks tingimusel, et oleks tagatud huvir\u00fchmade\u00a0 49% (\u00fckski huvir\u00fchm ei moodusta rohkem, kui 49 % liikmete arvust) ning liikmeskond on avalik.<\/p>\n<p><span style=\"color: #0000ff;\"><strong>MT\u00dc liikmeks v\u00f5ivad olla:<\/strong><\/span><\/p>\n<p>1. huvir\u00fchm, kuhu kuuluvad kohaliku omavalitsuse \u00fcksused ning riigi ja kohaliku omavalitsuse \u00fcksuse enamusosalusega v\u00f5i liikmelisusega era\u00f5iguslikud juriidilised isikud;<br \/>\n2. huvir\u00fchm, kuhu kuuluvad f\u00fc\u00fcsilisest isikust ettev\u00f5tjad, kes omasid eelneval kalendriaastal kaluri kalap\u00fc\u00fcgi luba;<br \/>\n3. huvir\u00fchm, kuhu kuuluvad \u00e4ri\u00fchingud, kes omasid eelneval kalendriaastal kaluri kalap\u00fc\u00fcgi luba;<br \/>\n4. huvir\u00fchm, kuhu kuuluvad ettev\u00f5tjad, kes ei kuulu punktides 1 \u2013 3 nimetatud huvir\u00fchma;<br \/>\n5.\u00a0 huvir\u00fchm, kuhu kuuluvad f\u00fc\u00fcsilised ja juriidilised isikud, kes ei kuulu punktides 1 \u2013 4 nimetatud huvir\u00fchma.<\/p>\n<p><strong>MT\u00dc (kohaliku tegevusr\u00fchma) liikmeks ei v\u00f5eta isikut, kes on m\u00f5ne teise Eesti kalanduspiirkonna kohaliku\u00a0 tegevusr\u00fchma liige.<\/strong><\/p>\n<p>T\u00e4psem teave \u00fchingu liikmete \u00f5iguste ja kohustuste kohta on leitav meie <a href=\"https:\/\/www.saartekalandus.ee\/wp-content\/uploads\/2024\/09\/POHIKIRI_2024_MUUTMINE_KINNITATUD.pdf\">p\u00f5hikirjast.<\/a><\/p>\n<p>MT\u00dc liikmeks v\u00f5tab kirjaliku avalduse alusel vastu juhatus. Juriidilise isiku avaldus peab p\u00f5hinema tema p\u00e4deva juhtorgani otsusel.<\/p>\n<p>MT\u00dc aasta liikmemaks on 20 \u20ac (f\u00fc\u00fcsilised isikud, FIEd ja muud \u00e4ri\u00fchingud ning organsatsioonid, mille juhatuse liikmete arv on 1) ja 50 \u20ac (\u00e4ri\u00fchingud ja organisatsioonid, mille juhatuse liikmete arv on 2 ja rohkem). KOV liikmemaks aastas on 0,20 \u20ac elaniku kohta 01.01. seisuga v.a. Ruhnu vald, mille liikmemaks on 50 \u20ac nagu teistel juriidilistel isikutel.<\/p>\n<p>MT\u00dc liikmest v\u00e4ljaastumine on lubatud kirjaliku avalduse alusel. Juriidilise isiku liikmeks astumine ja liikmes tv\u00e4ljaastumise avaldus peab p\u00f5hinema avaldaja p\u00e4deva juhtorgani otsusel.<\/p>\n<p>MT\u00dc\u00a0 liikmeskond on avalik: <a href=\"https:\/\/www.saartekalandus.ee\/wp-content\/uploads\/2026\/04\/MTU_liikmed_seisuga_01.04.2026.pdf\">MTU_liikmed_seisuga_01.04.2026<\/a><\/p>\n<p>Liikmeks astumise avaldus: <a href=\"https:\/\/www.saartekalandus.ee\/wp-content\/uploads\/2023\/11\/Liikmeks-_astumise_avaldus.rtf\">Liikmeks-_astumise_avaldus<\/a><\/p>\n<p>Liikmest v\u00e4ljaastumise avaldus: <a href=\"https:\/\/www.saartekalandus.ee\/wp-content\/uploads\/2024\/09\/Liikmest_valjaastumise_avaldus.doc\">Liikmest_v\u00e4ljaastumise_avaldus<\/a><\/p>\n","protected":false},"excerpt":{"rendered":"<p>MT\u00dc liikmeks v\u00f5ivad olla k\u00f5ik f\u00fc\u00fcsilised isikud, f\u00fc\u00fcsilisest isikust ettev\u00f5tjad ja juriidilised isikud, kes vastavad allpool toodud tingimustele ning tunnistavad MT\u00dc eesm\u00e4rki ja p\u00f5hikirja, \u00fcldkoosoleku ja juhatuse otsuseid. MT\u00dc on avatud uute liikmete vastuv\u00f5tuks. MT\u00dc liikmeks v\u00f5ivad olla k\u00f5ik f\u00fc\u00fcsilised isikud, f\u00fc\u00fcsilisest isikust ettev\u00f5tjad ja juriidilised isikud, kes vastavad allpool toodud tingimustele ning tunnistavad MT\u00dc [&hellip;]<\/p>\n","protected":false},"author":1,"featured_media":0,"parent":4,"menu_order":20,"comment_status":"closed","ping_status":"closed","template":"","meta":{"footnotes":""},"class_list":["post-236","page","type-page","status-publish","hentry"],"_links":{"self":[{"href":"https:\/\/www.saartekalandus.ee\/index.php?rest_route=\/wp\/v2\/pages\/236","targetHints":{"allow":["GET"]}}],"collection":[{"href":"https:\/\/www.saartekalandus.ee\/index.php?rest_route=\/wp\/v2\/pages"}],"about":[{"href":"https:\/\/www.saartekalandus.ee\/index.php?rest_route=\/wp\/v2\/types\/page"}],"author":[{"embeddable":true,"href":"https:\/\/www.saartekalandus.ee\/index.php?rest_route=\/wp\/v2\/users\/1"}],"replies":[{"embeddable":true,"href":"https:\/\/www.saartekalandus.ee\/index.php?rest_route=%2Fwp%2Fv2%2Fcomments&post=236"}],"version-history":[{"count":132,"href":"https:\/\/www.saartekalandus.ee\/index.php?rest_route=\/wp\/v2\/pages\/236\/revisions"}],"predecessor-version":[{"id":6619,"href":"https:\/\/www.saartekalandus.ee\/index.php?rest_route=\/wp\/v2\/pages\/236\/revisions\/6619"}],"up":[{"embeddable":true,"href":"https:\/\/www.saartekalandus.ee\/index.php?rest_route=\/wp\/v2\/pages\/4"}],"wp:attachment":[{"href":"https:\/\/www.saartekalandus.ee\/index.php?rest_route=%2Fwp%2Fv2%2Fmedia&parent=236"}],"curies":[{"name":"wp","href":"https:\/\/api.w.org\/{rel}","templated":true}]}}