{"id":22,"date":"2014-03-14T06:59:28","date_gmt":"2014-03-14T06:59:28","guid":{"rendered":"http:\/\/www.saartekalandus.ee\/?page_id=22"},"modified":"2019-07-10T06:18:17","modified_gmt":"2019-07-10T06:18:17","slug":"projektitoetused","status":"publish","type":"page","link":"https:\/\/www.saartekalandus.ee\/?page_id=22","title":{"rendered":"Projektitoetused"},"content":{"rendered":"<p>Toetustaotluste esitamine toimub l\u00e4bi iseteeninduskeskkonna e-PRIA vastavalt PRIA poolt v\u00e4ljat\u00f6\u00f6tatud e-PRIA kasutamise juhendile ja algatusr\u00fchma poolt v\u00e4ljakuulutatud taotluste vastuv\u00f5tu ajal. Algatusr\u00fchm teostab e-PRIAs toetustaotluse esmase kontrolli ja t\u00e4idab kontrolli tulemuste kohta vastava kontroll-lehe. Puudustega taotluste puhul annab algatusr\u00fchm taotlejale m\u00f5istliku t\u00e4htaja puuduste k\u00f5rvaldamiseks. Algatusr\u00fchma kontrolli l\u00e4binud taotluste hindamine toimub e-PRIAs vastavalt algatusr\u00fchma poolt v\u00e4lja t\u00f6\u00f6tatud hindamiskorrale. Hindamise l\u00e4binud taotlustest moodustub paremusj\u00e4rjestus, mille kinnitab alla 60\u00a0000 eur projektide puhul algatusr\u00fchma juhatus ja \u00fcle 60\u00a0000 eur projektide puhul \u00fcldkoosolek. E-PRIA kaudu toimub paremusj\u00e4rjestuse ettepaneku edastamine PRIAle. Taotlused, mille puuduseid ei ole taotleja k\u00f5rvaldanud, hindamisele ei saadeta ja edastatakse e-PRIA kaudu PRIAle l\u00e4bivaatamata j\u00e4tmise otsuse tegemiseks.<\/p>\n","protected":false},"excerpt":{"rendered":"<p>Toetustaotluste esitamine toimub l\u00e4bi iseteeninduskeskkonna e-PRIA vastavalt PRIA poolt v\u00e4ljat\u00f6\u00f6tatud e-PRIA kasutamise juhendile ja algatusr\u00fchma poolt v\u00e4ljakuulutatud taotluste vastuv\u00f5tu ajal. Algatusr\u00fchm teostab e-PRIAs toetustaotluse esmase kontrolli ja t\u00e4idab kontrolli tulemuste kohta vastava kontroll-lehe. Puudustega taotluste puhul annab algatusr\u00fchm taotlejale m\u00f5istliku t\u00e4htaja puuduste k\u00f5rvaldamiseks. Algatusr\u00fchma kontrolli l\u00e4binud taotluste hindamine toimub e-PRIAs vastavalt algatusr\u00fchma poolt v\u00e4lja t\u00f6\u00f6tatud [&hellip;]<\/p>\n","protected":false},"author":1,"featured_media":0,"parent":0,"menu_order":50,"comment_status":"closed","ping_status":"closed","template":"","meta":{"footnotes":""},"class_list":["post-22","page","type-page","status-publish","hentry"],"_links":{"self":[{"href":"https:\/\/www.saartekalandus.ee\/index.php?rest_route=\/wp\/v2\/pages\/22","targetHints":{"allow":["GET"]}}],"collection":[{"href":"https:\/\/www.saartekalandus.ee\/index.php?rest_route=\/wp\/v2\/pages"}],"about":[{"href":"https:\/\/www.saartekalandus.ee\/index.php?rest_route=\/wp\/v2\/types\/page"}],"author":[{"embeddable":true,"href":"https:\/\/www.saartekalandus.ee\/index.php?rest_route=\/wp\/v2\/users\/1"}],"replies":[{"embeddable":true,"href":"https:\/\/www.saartekalandus.ee\/index.php?rest_route=%2Fwp%2Fv2%2Fcomments&post=22"}],"version-history":[{"count":10,"href":"https:\/\/www.saartekalandus.ee\/index.php?rest_route=\/wp\/v2\/pages\/22\/revisions"}],"predecessor-version":[{"id":4568,"href":"https:\/\/www.saartekalandus.ee\/index.php?rest_route=\/wp\/v2\/pages\/22\/revisions\/4568"}],"wp:attachment":[{"href":"https:\/\/www.saartekalandus.ee\/index.php?rest_route=%2Fwp%2Fv2%2Fmedia&parent=22"}],"curies":[{"name":"wp","href":"https:\/\/api.w.org\/{rel}","templated":true}]}}