{"id":2077,"date":"2016-12-30T09:16:15","date_gmt":"2016-12-30T09:16:15","guid":{"rendered":"http:\/\/www.saartekalandus.ee\/?page_id=2077"},"modified":"2023-12-07T12:30:29","modified_gmt":"2023-12-07T12:30:29","slug":"algatusruhma-koostootegevused","status":"publish","type":"page","link":"https:\/\/www.saartekalandus.ee\/?page_id=2077","title":{"rendered":"Koost\u00f6\u00f6tegevused"},"content":{"rendered":"<p><strong>2023. a planeeritavad koost\u00f6\u00f6tegevused\u00a0<\/strong><\/p>\n<p>1.MT\u00dc Pepsi Kalanduspiirkonna Arendajate Kogu (Koost\u00f6\u00f6partner nr 1), MT\u00dc Saarte Kalandus (Koost\u00f6\u00f6partner nr 2) ja MT\u00dc Liivi Lahe kalanduskogu (Koost\u00f6\u00f6partner nr 3) s\u00f5lmivad koost\u00f6\u00f6kokkuleppe Hollandi kalandust tutvustava koolitusreisi l\u00e4biviimiseks meetme 3.2. &#8220;Algatusr\u00fchma toetus&#8221; vahendite toel.<\/p>\n<p><strong>Koolitusreisi nimetus:<\/strong> \u201eHollandi kalandust tutvustav koolitusreis\u201c<br \/>\n<strong>Koolitusreisi algus- ja l\u00f5ppkuup\u00e4ev:<\/strong> 19. 11. \u2013 24. 11. 2023. a<br \/>\n<strong>Koolitusreisi eesm\u00e4rk ja vajaduse p\u00f5hjendus:<\/strong> Koolitusreisi eesm\u00e4rgiks on tutvuda Hollandi kalandusega, et teada saada, kuidas toimib sealne kalandus- ja vesiviljelusvaldkond, kalandusega seotud toodete ja teenuste arendamine ning samuti kuidas on korraldatud ettev\u00f5tjate, omavalitsuste ja organisatsioonide vaheline t\u00f6\u00f6 ja koost\u00f6\u00f6v\u00f5rgustike toimimine.<br \/>\nKoost\u00f6\u00f6partnerid on kokku leppinud \u00f5ppevormina koolitusreisi. Koolitusreis toetab teoreetilist \u00f5ppimist seel\u00e4bi, et v\u00f5imaldab m\u00e4rgata olulist ning vajalikku informatsiooni ning n\u00e4itab, kuidas praktikas toimivad erinevad arendust\u00f6\u00f6d ja koost\u00f6\u00f6vormid. Koolitusreisidel osalemine suurendab organisatsioonis omavahelist suhtlust, mis omakorda parandab organisatsiooni sisest koost\u00f6\u00f6d. Koost\u00f6\u00f6reisidel osalemine on organisatsiooni juhatuse liikmetele arendav ja inspireeriv ning annab uusi ideid ja v\u00e4ljundeid tegevuste mitmekesistamisel v\u00f5i tootearenduses.<br \/>\n<strong>4. Koolitusreisi elluviimise asukoht:<\/strong> Hollandi Flevolandi, Zaanstadi ja P\u00f5hjamere ranniku piirkonnad<\/p>\n<p><strong>Koolitusreisi sihtr\u00fchm:<\/strong> MT\u00dc Peipsi Kalanduspiirkonna Arendajate Kogu juhatuse liikmed ja tegevjuht, (kokku 6 inimest), MT\u00dc Liivi Lahe Kalanduskogu juhatuse liige ja tegevjuht (kokku 2 inimest) MT\u00dc Saarte Kalandus juhatuse liikmed ja tegevjuht (kokku 4 inimest).<\/p>\n<p><a href=\"https:\/\/www.saartekalandus.ee\/wp-content\/uploads\/2023\/12\/Kajastus_kohalikus_lehes.pdf\">Kajastus_kohalikus_lehes<\/a><\/p>\n<p>2. MT\u00dc Pepsi Kalanduspiirkonna Arendajate Kogu (Koost\u00f6\u00f6partner nr 1) ja\u00a0 MT\u00dc Saarte Kalandus (Koost\u00f6\u00f6partner nr 2) s\u00f5lmivad koost\u00f6\u00f6kokkuleppe F\u00e4\u00e4ri saarte kalandust tutvustava koolitusreisi l\u00e4biviimiseks meetme 3.2. &#8220;Algatusr\u00fchma toetus&#8221; vahendite toel.<\/p>\n<p><strong style=\"color: initial;\">Koolitusreisi nimetus: \u201e<\/strong><span style=\"color: initial;\">F\u00e4\u00e4ri saarte kalandust tutvustav koolitusreis\u201c<\/span><\/p>\n<p><strong style=\"color: initial;\">Koolitusreisi algus- ja l\u00f5ppkuup\u00e4ev<\/strong><span style=\"color: initial;\">: (5)6.-11 (12).august 2023. a<\/span><\/p>\n<p><strong style=\"color: initial;\">Koolitusreisi eesm\u00e4rk ja vajaduse p\u00f5hjendus:<\/strong><\/p>\n<p>Koolitusreisi eesm\u00e4rgiks on tutvuda F\u00e4\u00e4ri saarte kalandusega, et teada saada, kuidas toimib kohalik kalandus- ja vesiviljelusvaldkond, kalandusega seotud toodete ja teenuste arendamine ning samuti kuidas on korraldatud ettev\u00f5tjate, omavalitsuste ja organisatsioonide vaheline t\u00f6\u00f6 ja koost\u00f6\u00f6v\u00f5rgustike toimimine.<\/p>\n<p><em>Koost\u00f6\u00f6partnerid on kokku leppinud \u00f5ppevormina koolitusreisi. Koolitusreis toetab teoreetilist \u00f5ppimist seel\u00e4bi, et v\u00f5imaldab m\u00e4rgata olulist ning vajalikku informatsiooni ning n\u00e4itab, kuidas praktikas toimivad erinevad arendust\u00f6\u00f6d ja koost\u00f6\u00f6vormid. Koolitusreisidel osalemine suurendab organisatsioonis omavahelist suhtlust, mis omakorda parandab organisatsiooni sisest koost\u00f6\u00f6d. Koost\u00f6\u00f6reisidel osalemine on organisatsiooni juhatuse liikmetele arendav ja inspireeriv ning annab uusi ideid ja v\u00e4ljundeid tegevuste mitmekesistamisel v\u00f5i tootearenduses.<\/em><\/p>\n<p><strong style=\"color: initial;\">Koolitusreisi elluviimise asukoht: <\/strong><span style=\"color: initial;\">F\u00e4\u00e4ri saared<\/span><\/p>\n<p><strong>Koolitusreisi sihtr\u00fchm: <\/strong>MT\u00dc Peipsi Kalanduspiirkonna Arendajate Kogu juhatuse liikmed ja tegevjuht, <em>(kokku 8 inimest)<\/em> ning MT\u00dc Saarte Kalandus juhatuse liikmed ja tegevjuht <em>(kokku 4 inimest).<\/em><\/p>\n<p><strong>L\u00e4hetusaruanne: <a href=\"https:\/\/www.saartekalandus.ee\/wp-content\/uploads\/2023\/10\/Faari-saarte-koolitusreis_lahetusaruanne.pdf\">F\u00e4\u00e4ri saarte koolitusreis_l\u00e4hetusaruanne<\/a><\/strong><\/p>\n<p><strong>3. Sardiinia koolitusreis: <\/strong>MT\u00dc Saarte Kalandus koost\u00f6\u00f6s MT\u00dc Peipsi Kalanduspiirkonna Arendajate Koguga on korraldamas koost\u00f6\u00f6projekt nimega \u201eSardiinia kalandust ja toidukultuuri tutvustav koolitusreis.\u201c<\/p>\n<p><strong>Toimumisaeg:<\/strong> 20.05\u201327(28).05.2023. a<\/p>\n<p><strong>Koost\u00f6\u00f6projekti eesm\u00e4rgiks<\/strong> on tutvuda Sardiinia kalandusettev\u00f5tete tegemistega, et teada saada, kuidas toimib kohalik kalandus- ja vesiviljelusvaldkond, kalandusega seotud toodete ja teenuste sh pescaturismi arendamine; lisaks kuidas toimub kohaliku toidukultuuri arendamine ja tutvustamine. Koost\u00f6\u00f6partnerid soovivad tutvuda piirkondade parimate n\u00e4idetega saamaks informatsiooni piirkonna kalandussektori tegevustest ning kalanduse, kalandusega seotud osalusturismi ja kohaliku toidu ja tooraine kasutamisest rannakalanduse tegevusraamistiku laiendamisel.<\/p>\n<p><strong>Sihtr\u00fchm:<\/strong> MT\u00dc Peipsi Kalanduspiirkonna Arendajate Kogu liikmed ja liikmete esindajad (kokku 16 inimest) ning Saaremaa kalanduspiirkonna kalurid ja kalandusettev\u00f5tjad ning muud piirkonnas kalandusvaldkonnaga tegelevad isikud (kokku 14 inimest).<\/p>\n<p><strong>Koolitusreisi programm: <a href=\"http:\/\/www.saartekalandus.ee\/wp-content\/uploads\/2023\/05\/Oppereisi_programm.pdf\">\u00d5ppereisi_programm<\/a><\/strong><\/p>\n<p><strong><a href=\"https:\/\/www.saartekalandus.ee\/?page_id=5610\">Fotod<\/a><\/strong><\/p>\n<p><strong>Rahastamise otsus: <a href=\"https:\/\/www.saartekalandus.ee\/wp-content\/uploads\/2023\/10\/Otsuse_valjavote_Sardiinia.pdf\">Otsuse_v\u00e4ljav\u00f5te_Sardiinia<\/a><\/strong><\/p>\n<p><strong>Tulemusaruanne: <a href=\"http:\/\/www.saartekalandus.ee\/wp-content\/uploads\/2023\/05\/Tulemusaruanne.pdf\">Tulemusaruanne<\/a><\/strong><\/p>\n<p><strong>2022. a planeeritavad koost\u00f6\u00f6tegevused<\/strong><\/p>\n<p><strong>1. Barcelona kalandusmessi k\u00fclastamine:<\/strong> MT\u00dc Saarte Kalandus koost\u00f6\u00f6s\u00a0MT\u00dc L\u00e4\u00e4nemaa Rannakalanduse Seltsi, MT\u00dc Liivi Lahe Kalanduskoguga, MT\u00dc Peipsi Kalanduspiirkonna Arendajate Koguga, MT\u00dc Virumaa Rannakalurite \u00dchinguga ja Kalanduse Teabekeskusega on korraldamas \u00fchise koost\u00f6\u00f6projekti raames <a href=\"https:\/\/www.seafoodexpo.com\/global\/\">Barcelona kalandusmessi k\u00fclastust<\/a><\/p>\n<p><strong>Toimumisaeg:<\/strong>\u00a025. &#8211; 28. 04. 2022. a<\/p>\n<p>Osalejate arv on kuus (6) inimest.<br \/>\nKoost\u00f6\u00f6projekti sihtr\u00fchm on piirkonna kalandusettev\u00f5tjad.<\/p>\n<p><strong>Rahastamise otsus:\u00a0<a href=\"http:\/\/www.saartekalandus.ee\/wp-content\/uploads\/2016\/12\/Otsuse_v\u00e4ljav\u00f5te-1.pdf\" rel=\"\">Otsuse_v\u00e4ljav\u00f5te<\/a><\/strong><\/p>\n<p><strong>Programm:\u00a0<a href=\"http:\/\/www.saartekalandus.ee\/wp-content\/uploads\/2016\/12\/Barcelona_kalandusmessi_k\u00fclastuse_programm.pdf\" rel=\"\">Barcelona_kalandusmessi_k\u00fclastuse_programm<\/a><\/strong><\/p>\n<p><strong>Tulemusaruanne:\u00a0<a href=\"http:\/\/www.saartekalandus.ee\/wp-content\/uploads\/2016\/12\/Tulemusaruanne-4.pdf\" rel=\"\">Tulemusaruanne<\/a><\/strong><\/p>\n<p><strong>2. Avatud kalasadamate p\u00e4ev:<\/strong> Koost\u00f6\u00f6s teiste kalanduse algatusr\u00fchmadega Avatud kalasadamate p\u00e4eva korraldamine.\u00a0 Avatud kalasadamate p\u00e4eva l\u00e4biviimine\u00a0Turja sadamas 30. 04. 2022. a.<\/p>\n<p><strong>Rahastamise otsus:<\/strong>\u00a0<a href=\"http:\/\/www.saartekalandus.ee\/wp-content\/uploads\/2016\/12\/Otsus_Avatud_kalasadamate_p\u00e4ev.pdf\" rel=\"\">Otsus_Avatud_kalasadamate_p\u00e4ev<\/a><\/p>\n<p><strong>Tulemusaruanne:\u00a0<a href=\"http:\/\/www.saartekalandus.ee\/wp-content\/uploads\/2016\/12\/Tulemusaruanne-3.pdf\" rel=\"\">Tulemusaruanne<\/a><\/strong><\/p>\n<p><strong>Fotod on leitavad <a href=\"http:\/\/www.saartekalandus.ee\/?page_id=5345\">SIIT<\/a><\/strong><\/p>\n<p><a href=\"https:\/\/www.facebook.com\/100072514263819\/videos\/5420413674638249\/\">Video<\/a> (MT\u00dc Turja Kalastajate Selts)<\/p>\n<p><strong>Teavitus:\u00a0<\/strong><\/p>\n<div id=\"attachment_5380\" style=\"width: 236px\" class=\"wp-caption alignnone\"><a href=\"http:\/\/www.saartekalandus.ee\/wp-content\/uploads\/2016\/12\/Foto_Meie_Maa.jpg\" rel=\"attachment wp-att-5380\"><img loading=\"lazy\" decoding=\"async\" aria-describedby=\"caption-attachment-5380\" class=\"size-medium wp-image-5380\" src=\"http:\/\/www.saartekalandus.ee\/wp-content\/uploads\/2016\/12\/Foto_Meie_Maa-226x300.jpg\" alt=\"dav\" width=\"226\" height=\"300\" srcset=\"https:\/\/www.saartekalandus.ee\/wp-content\/uploads\/2016\/12\/Foto_Meie_Maa-226x300.jpg 226w, https:\/\/www.saartekalandus.ee\/wp-content\/uploads\/2016\/12\/Foto_Meie_Maa-768x1019.jpg 768w, https:\/\/www.saartekalandus.ee\/wp-content\/uploads\/2016\/12\/Foto_Meie_Maa-772x1024.jpg 772w\" sizes=\"auto, (max-width: 226px) 100vw, 226px\" \/><\/a><p id=\"caption-attachment-5380\" class=\"wp-caption-text\">Meie Maa<\/p><\/div>\n<div id=\"attachment_5381\" style=\"width: 235px\" class=\"wp-caption alignnone\"><a href=\"http:\/\/www.saartekalandus.ee\/wp-content\/uploads\/2016\/12\/Foto_Saarte_H\u00e4\u00e4l.jpg\" rel=\"attachment wp-att-5381\"><img loading=\"lazy\" decoding=\"async\" aria-describedby=\"caption-attachment-5381\" class=\"size-medium wp-image-5381\" src=\"http:\/\/www.saartekalandus.ee\/wp-content\/uploads\/2016\/12\/Foto_Saarte_H\u00e4\u00e4l-225x300.jpg\" alt=\"dav\" width=\"225\" height=\"300\" srcset=\"https:\/\/www.saartekalandus.ee\/wp-content\/uploads\/2016\/12\/Foto_Saarte_H\u00e4\u00e4l-225x300.jpg 225w, https:\/\/www.saartekalandus.ee\/wp-content\/uploads\/2016\/12\/Foto_Saarte_H\u00e4\u00e4l-768x1024.jpg 768w\" sizes=\"auto, (max-width: 225px) 100vw, 225px\" \/><\/a><p id=\"caption-attachment-5381\" class=\"wp-caption-text\">Saarte H\u00e4\u00e4l<\/p><\/div>\n<p><strong>2021. a planeeritavad koost\u00f6\u00f6tegevused\u00a0<\/strong><\/p>\n<p>1.\u00a0MT\u00dc Saarte Kalandus koost\u00f6\u00f6s MT\u00dc Peipsi Kalanduspiirkonna Arendajate Koguga on korraldamas koost\u00f6\u00f6projekt nimega \u201eMT\u00dc Peipsi Kalanduspiirkonna Arendajate Kogu ja MT\u00dc Saarte Kalandus Prantsusmaa Nizza piirkonna kalandust tutvustav koolitusreis\u201c<br \/>\n<strong>Toimumisaeg:<\/strong>\u00a013. 10. &#8211; 20 (21). 10.\u00a02021. a<br \/>\n<strong>Koost\u00f6\u00f6projekti eesm\u00e4rk:<\/strong> Koost\u00f6\u00f6projekti eesm\u00e4rgiks on tutvuda Prantsusmaa Nizza piirkonna ja selle \u00fcmbruse s.h. Monaco ja Monte- Carlo erinevate kalanduspiirkondade ettev\u00f5tmistega, et teada saada, kuidas toimib kohalik kalandus- ja vesiviljelusvaldkond, kalandusega seotud toodete ja teenuste arendamine ning samuti kuidas on korraldatud ettev\u00f5tjate, omavalitsuste ja organisatsioonide vaheline t\u00f6\u00f6 ja koost\u00f6\u00f6v\u00f5rgustike toimimine. Koost\u00f6\u00f6partnerid soovivad tutvuda kohalike kalanduspiirkondade parimate projektin\u00e4idetega saamaks informatsiooni piirkonna kalandussektori tegevustest ning kalanduse, kalandusega seotud osalusturismi ja kohaliku toidu ja tooraine kasutamisest rannakalanduse tegevusraamistiku laiendamisel.<br \/>\n<strong>Koost\u00f6\u00f6projekti elluviimise asukoht:<\/strong>\u00a0 L\u00f5una- Prantsusmaa Nizza \u00fcmbruse kalanduspiirkonnad s.h. Monaco ja Monte- Carlo.<\/p>\n<p><strong>Sihtr\u00fchm:<\/strong> MT\u00dc Peipsi Kalanduspiirkonna Arendajate Kogu liikmed ja liikmete esindajad (kokku 8 inimest) ning Saaremaa kalanduspiirkonna kalurid ja kalandusettev\u00f5tjad ning muud piirkonnas kalandusvaldkonnaga tegelevad isikud (kokku 16 inimest).<\/p>\n<p><strong>Rahastamise otsus: <a href=\"http:\/\/www.saartekalandus.ee\/wp-content\/uploads\/2016\/12\/Otsuse_v\u00e4ljav\u00f5te.pdf\" rel=\"\">Otsuse_v\u00e4ljav\u00f5te<\/a><\/strong><\/p>\n<p>\u00d5ppereisi esialgne programm:\u00a0<a href=\"http:\/\/www.saartekalandus.ee\/wp-content\/uploads\/2016\/12\/\u00d5ppereisi_programm.pdf\" rel=\"\">\u00d5ppereisi_programm<\/a><\/p>\n<p><a href=\"http:\/\/www.saartekalandus.ee\/?page_id=5154\">FOTOD<\/a><\/p>\n<p><strong>\u00d5ppereisi toimumine s\u00f5ltub koroonaviiruse levikust maailmas aga viiakse l\u00e4bi positiivse rahastamise otsuse puhul kolme aasta jooksul arvates toetuse m\u00e4\u00e4ramise otsusest.<\/strong><\/p>\n<p>\u00d5ppereisi tulemusaruanne:\u00a0<a href=\"http:\/\/www.saartekalandus.ee\/wp-content\/uploads\/2016\/12\/Tulemusaruanne-1.pdf\" rel=\"\">Tulemusaruanne<\/a><\/p>\n<p>Meediakajastus:\u00a0<a href=\"http:\/\/www.saartekalandus.ee\/wp-content\/uploads\/2021\/10\/artikkel-Var-Matin.jpg\" rel=\"attachment wp-att-5157\"><img loading=\"lazy\" decoding=\"async\" class=\"alignnone size-medium wp-image-5157\" src=\"http:\/\/www.saartekalandus.ee\/wp-content\/uploads\/2021\/10\/artikkel-Var-Matin-300x225.jpg\" alt=\"artikkel Var-Matin\" width=\"300\" height=\"225\" srcset=\"https:\/\/www.saartekalandus.ee\/wp-content\/uploads\/2021\/10\/artikkel-Var-Matin-300x225.jpg 300w, https:\/\/www.saartekalandus.ee\/wp-content\/uploads\/2021\/10\/artikkel-Var-Matin-768x576.jpg 768w, https:\/\/www.saartekalandus.ee\/wp-content\/uploads\/2021\/10\/artikkel-Var-Matin.jpg 960w\" sizes=\"auto, (max-width: 300px) 100vw, 300px\" \/><\/a><\/p>\n<p>2. Koost\u00f6\u00f6s MT\u00dc-ga Hiiukala \u00f5ppereis Ukraina (Odessa)\u00a0peamistesse kalandusega tegelevatesse piirkondadesse. &#8211;\u00a0<strong><span style=\"color: #993300;\">Edasi l\u00fckatud uude rahastusperioodi<\/span><\/strong><\/p>\n<p>Toimumisaeg: 06. &#8211; 13. 09. 2020. a<\/p>\n<p>3. Koost\u00f6\u00f6s teiste kalanduse algatusr\u00fchmadega Avatud kalasadamate p\u00e4eva korraldamine Turja sadamas 24. 04. 2021. a &#8211; <strong><span style=\"color: #ff0000;\">COVID-19 piirangute t\u00f5ttu l\u00fckatud edasi 30. 04. 2022. a\u00a0<\/span><\/strong><\/p>\n<p><a href=\"http:\/\/www.saartekalandus.ee\/wp-content\/uploads\/2016\/12\/Otsus_Avatud_kalasadamate_p\u00e4ev.pdf\" rel=\"\">Otsus_Avatud_kalasadamate_p\u00e4ev<\/a><\/p>\n<p><strong>2019. a planeeritavad koost\u00f6\u00f6tegevused<\/strong><\/p>\n<p>1. Koost\u00f6\u00f6s MT\u00dc Virumaa Rannakalurite \u00dchinguga korraldatakse koost\u00f6\u00f6projekti &#8220;MT\u00dc Virumaa Rannakalurite \u00dching ja MT\u00dc Saarte Kalanduse \u00f5ppereis Islandile\u201c raames \u00f5ppereis Islandi kalanduspiirkondadesse.\u00a0<a href=\"http:\/\/www.saartekalandus.ee\/wp-content\/uploads\/2016\/12\/Rahastamise_otsus_Island.pdf\" rel=\"\">Rahastamise_otsus_Island<\/a><\/p>\n<p>Toimumisaeg: 03. \u2013 08. 06. 2019. a.<br \/>\n<strong>Koost\u00f6\u00f6projekti eesm\u00e4rk:<\/strong> koost\u00f6\u00f6projekti eesm\u00e4rgiks on tutvuda Islandi kalanduspiirkondade ettev\u00f5tmistega, et teada saada, kuidas toimib kohalik rannakalndus, kalandusega seotud toodete ja teenuste arendamine ning samuti kuidas on korraldatud ettev\u00f5tjate, omavalitsuste ja organisatsioonide vaheline t\u00f6\u00f6 ja koost\u00f6\u00f6v\u00f5rgustike toimimine. Islandi kogemusega tutvumine on oluline seet\u00f5ttu, et Islandil on loodud \u00fcks maailma k\u00f5ige kaasaegsem ja konkurentsiv\u00f5imelisem kalat\u00f6\u00f6stus, mis on orienteeritud j\u00e4tkusuutlikele p\u00fc\u00fckidele, vastustustundliku kalap\u00fc\u00fcgi ja mere \u00f6kos\u00fcsteemi kaitsele. Kalat\u00f6\u00f6stuse toodang on Islandi \u00fcks olulisemaid ekspordiartikleid.<br \/>\n<strong>Sihtr\u00fchm:<\/strong> MT\u00dc Virumaa Rannakalurite \u00dching liikmed ja liikmete esindajad, maksimum 1 esindaja \u00fche liikme kohta (kokku 16 inimest) ja Saaremaa kalanduspiirkonna kalurid ja kalandusettev\u00f5tjad ning muud piirkonnas kalandusvaldkonnaga tegelevad isikud (kokku 16) inimest, maksimum 1 esindaja \u00fche liikme kohta.<br \/>\n<strong>Koost\u00f6\u00f6projekti elluviimise asukoht:<\/strong> Islandi erinevad kalanduspiirkonnad.<\/p>\n<p>Islandi \u00f5ppereisi tulemusaruanne:\u00a0<a href=\"http:\/\/www.saartekalandus.ee\/wp-content\/uploads\/2016\/12\/Islandi_-\u00f5ppereisi_tulemusaruanne.pdf\" rel=\"\">Islandi_ \u00f5ppereisi_tulemusaruanne<\/a><\/p>\n<p>2. Koost\u00f6\u00f6s MT\u00dc Peipsi Kalanduspiirkonna Arendajate Koguga korraldatakse koost\u00f6\u00f6projekti\u00a0\u201eMT\u00dc Peipsi Kalanduspiirkonna Arendajate Kogu ja MT\u00dc Saarte Kalandus Ungari ja Austria kalandust tutvustav koolitusreis\u201c\u00a0 raames \u00f5ppereis tutvumaks Ungari ja Austria kalandusega.\u00a0<a href=\"http:\/\/www.saartekalandus.ee\/wp-content\/uploads\/2016\/12\/Rahastamise_otsus.pdf\" rel=\"\">Rahastamise_otsus<\/a><\/p>\n<p><strong>Toimumisaeg:<\/strong> (29) 30. juuli kuni 06. august 2019. a.<\/p>\n<p><strong>Koost\u00f6\u00f6projekti eesm\u00e4rk:<\/strong> Koost\u00f6\u00f6projekti eesm\u00e4rgiks on tutvuda Ungari ja Austria erinevate kalanduspiirkondade ettev\u00f5tmistega, et teada saada, kuidas toimib kohalik kalandus- ja vesiviljelusvaldkond, kalandusega seotud toodete ja teenuste arendamine ning samuti kuidas on korraldatud ettev\u00f5tjate, omavalitsuste ja organisatsioonide vaheline t\u00f6\u00f6 ja koost\u00f6\u00f6v\u00f5rgustike toimimine. Samuti kalandus tegevuste mitmekesistamine ja turismi arendamine.<br \/>\n<strong>Sihtr\u00fchm:<\/strong> MT\u00dc Peipsi Kalanduspiirkonna Arendajate Kogu liikmed ja liikmete esindajad, maksimum 1 esindaja \u00fche liikme kohta (kokku 16 inimest) ja Saaremaa kalanduspiirkonna kalurid ja kalandusettev\u00f5tjad ning muud piirkonnas kalandusvaldkonnaga tegelevad isikud (kokku 14) inimest, maksimum 1 esindaja \u00fche liikme kohta.<br \/>\n<strong>Koost\u00f6\u00f6projekti elluviimise asukoht:<\/strong> Ungaris Balatoni, Valencei ja Austrias Neusiedleri j\u00e4rvede \u00fcmbrus ja j\u00e4rved.<\/p>\n<p>Ungari- Austria \u00f5ppereisi tulemusaruanne:\u00a0<a href=\"http:\/\/www.saartekalandus.ee\/wp-content\/uploads\/2016\/12\/Tulemusaruanne_Ungari_Austria.pdf\" rel=\"\">Tulemusaruanne_Ungari_Austria<\/a><\/p>\n<p><strong>2018. a planeeritavad koost\u00f6\u00f6tegevused <\/strong>(loetelu t\u00e4iendatakse jooksvalt)<\/p>\n<p>1. Koost\u00f6\u00f6s MT\u00dc V\u00f5rtsj\u00e4rve Kalanduspiirkonnaga korraldatakse koost\u00f6\u00f6projekti \u201e<em>V\u00f5rtsj\u00e4rve ja Saaremaa kalanduspiirkondade \u00f5ppereis Sitsiiliasse\u201c<\/em> raames \u00f5ppereis Sitsiilia kalanduspiirkonda ajavahemikul (20) 21. &#8211; 27. 03. 2018. a.\u00a0<a href=\"http:\/\/www.saartekalandus.ee\/wp-content\/uploads\/2016\/12\/Otsus_Sitsiilia_\u00f5ppereis.pdf\" rel=\"\">Otsus_Sitsiilia_\u00f5ppereis<\/a><\/p>\n<p>Koost\u00f6\u00f6partner: MT\u00dc\u00a0V\u00f5rtsj\u00e4rve Kalanduspiirkond<br \/>\nKoost\u00f6\u00f6projekti sihtr\u00fchm: V\u00e4ikesemahulise rannap\u00fc\u00fcgiga tegelevad ettev\u00f5tjad, piirkonna omavalitsuste ja organisatsioonide esindajad, algatusr\u00fchma liikmed<br \/>\nKoost\u00f6\u00f6projekti algus- ja l\u00f5ppkuup\u00e4ev: 13. 12. 2017 \u2013 27. 03. 2018. a.<\/p>\n<p>Sitsiilia \u00f5ppereisi tulemusaruanne:\u00a0<a href=\"http:\/\/www.saartekalandus.ee\/wp-content\/uploads\/2016\/12\/Sitsiilia_\u00f5ppereisi_tulemusaruanne.pdf\" rel=\"\">Sitsiilia_\u00f5ppereisi_tulemusaruanne<\/a><\/p>\n<p>Sitsiilia \u00f5ppereisi kava:\u00a0<a href=\"http:\/\/www.saartekalandus.ee\/wp-content\/uploads\/2016\/12\/Sitsiilia_\u00f5ppereisi_programm.pdf\" rel=\"\">Sitsiilia_\u00f5ppereisi_programm<\/a><\/p>\n<p><a href=\"http:\/\/www.saartekalandus.ee\/?page_id=3514\">Sitsiilia \u00f5ppereisi pildialbum<\/a><\/p>\n<p>2. Koost\u00f6\u00f6s Kalanduse teabekeskusega ja teiste kalanduspiirkondadega osaletakse Avatud Kalasadamate P\u00e4eva 2018. a korraldamisel, kaasatud on Ruhnu valla Ringsu sadam (<a href=\"http:\/\/www.saartekalandus.ee\/wp-content\/uploads\/2016\/12\/Otsus_Avatud_Kalasadamad.pdf\" rel=\"\">Otsus_Avatud_Kalasadamad<\/a>) ja Kalanduse teabekeskuse poolt Nasva j\u00f5esadam.<\/p>\n<p>Projekti tulemusaruanne:\u00a0<a href=\"http:\/\/www.saartekalandus.ee\/wp-content\/uploads\/2016\/12\/Koost\u00f6\u00f6projekti_Avatud_Kalasadamate_P\u00e4ev_2018_tulemusaruanne.pdf\" rel=\"\">Koost\u00f6\u00f6projekti_Avatud_Kalasadamate_P\u00e4ev_2018_tulemusaruanne<\/a><\/p>\n<p>3. Koost\u00f6\u00f6s MT\u00dc V\u00f5rtsj\u00e4rve Kalanduspiirkonnaga on koost\u00f6\u00f6projekti \u201eV\u00f5rtsj\u00e4rve ja Saaremaa kalanduspiirkondade \u00f5ppereis Portugali\u201c raames korraldaldada \u00f5ppereis Portugali kalanduspiirkonda ajavahemikul (25) 26. 09. &#8211; 02. 10. 2018. a.\u00a0<a href=\"http:\/\/www.saartekalandus.ee\/wp-content\/uploads\/2016\/12\/Otsus_12.09.2018_17_6_499.pdf\" rel=\"\">Otsus_12.09.2018_17_6_499<\/a><\/p>\n<p>Portugali \u00f5ppereisi tulemusaruanne ja \u00f5ppereisi programm:\u00a0<a href=\"http:\/\/www.saartekalandus.ee\/wp-content\/uploads\/2016\/12\/Portugali_-\u00f5ppereisi_tulemusaruanne-1.pdf\" rel=\"\">Portugali_-\u00f5ppereisi_tulemusaruanne (1)<\/a><\/p>\n<p><a href=\"http:\/\/www.saartekalandus.ee\/?page_id=4130\">Portugali \u00f5ppereisi pildialbum<\/a><\/p>\n<p>4. Planeerimisel on ka \u00f5ppereisid augusti kuu teisel poolel Islandi kalanduspiirkondadesse ja oktoobri v\u00f5i novembri kuus Poola kalanduspiirkondadesse &#8211; <span style=\"color: #00ff00;\">edasi l\u00fckatud 2019. a.<\/span><\/p>\n<p><em>\u00d5ppereiside korraldamise osas\u00a0viisid kalanduse algatusr\u00fchmad l\u00e4bi reisikorraldusteenuse riigihanke raamlepingu s\u00f5lmimiseks (viitenumber 195769).<\/em><\/p>\n<p><strong>2017. a planeeritavad koost\u00f6\u00f6projektid<\/strong><\/p>\n<p>1. Osalemine Eesti Toidumessil 2017 &#8220;S\u00f6\u00f6ma&#8221; 05.- 06. mai 2017. a:\u00a0<a href=\"http:\/\/www.saartekalandus.ee\/wp-content\/uploads\/2016\/12\/Otsus_-03.-aprill-2017-nr-17-6101.pdf\" rel=\"\">Otsus_ 03. aprill 2017 nr 17-6101<\/a><br \/>\nKoost\u00f6\u00f6projekti tulemusaruanne:\u00a0<a href=\"http:\/\/www.saartekalandus.ee\/wp-content\/uploads\/2016\/12\/Koost\u00f6\u00f6projekti_Toidumess_S\u00f6\u00f6ma_tulemusaruanne.docx\" rel=\"\">Koost\u00f6\u00f6projekti_Toidumess_S\u00f6\u00f6ma_tulemusaruanne<\/a>.<br \/>\n2. &#8220;Saaremaa ja Peipsi kalanduspiirkondade vastastikused \u00f5ppereisid.&#8221; Koost\u00f6\u00f6s Peipsi Kalanduspiirkonna Arendajate Kojaga Saaremaa rannakalurite \u00f5ppereis Peipsi kalanduspiirkonda 23. &#8211; 26. august 2017. a. \u00a0Peipsi kalanduspiirkonna \u00f5ppereis toimub novembris\/ detsembris :\u00a0<a href=\"http:\/\/www.saartekalandus.ee\/wp-content\/uploads\/2016\/12\/26.06.2017_otsus_nr-17-6_217.pdf\" rel=\"\">26.06.2017_otsus_nr 17-6_217<\/a><br \/>\nKoost\u00f6\u00f6projekti tulemusaruanne:\u00a0<a href=\"http:\/\/www.saartekalandus.ee\/wp-content\/uploads\/2016\/12\/Koost\u00f6\u00f6projekti_Peipsi_ja_Saaremaa_kalanduspiirkondade_vastastikused_-\u00f5ppereisid_tulemusaruanne.docx\" rel=\"\">Koost\u00f6\u00f6projekti_Peipsi_ja_Saaremaa_kalanduspiirkondade_vastastikused_ \u00f5ppereisid_tulemusaruanne<\/a><br \/>\nLisa 1:\u00a0<a href=\"http:\/\/www.saartekalandus.ee\/wp-content\/uploads\/2016\/12\/Peipsi_\u00f5ppereisi_kava.pdf\" rel=\"\">Peipsi_\u00f5ppereisi_kava<\/a><br \/>\nLisa 2:\u00a0<a href=\"http:\/\/www.saartekalandus.ee\/wp-content\/uploads\/2016\/12\/Peipsi_kalanduspiirkond_Saaremaal.docx\" rel=\"\">Peipsi_kalanduspiirkond_Saaremaal<\/a><\/p>\n<p>3. Koost\u00f6\u00f6s Poola kalanduspiirkonnaga Saaremaa rannakalurite ja kalandusettev\u00f5tjate \u00f5pperiesi Poola. Toimumisaeg planeerimisel. <span style=\"color: #ff0000;\">\u00d5ppereis toimub 2018. a.<\/span><\/p>\n<p><strong>Vajalikud dokumendid:<\/strong><\/p>\n<p>Algatusr\u00fchma koost\u00f6\u00f6tegevused (EMKF meede 3.4):\u00a0<a href=\"http:\/\/www.pria.ee\/et\/toetused\/valdkond\/kalandus\/algatusruhma_koostootegevused_emkf_meede_3_4_2016\/\">http:\/\/www.pria.ee\/et\/toetused\/valdkond\/kalandus\/algatusruhma_koostootegevused_emkf_meede_3_4_2016\/<\/a><br \/>\nAlgatusr\u00fchma koost\u00f6\u00f6tegevused maaeluministri\u00a028.07.2016 m\u00e4\u00e4rus nr 48:\u00a0<a href=\"https:\/\/www.riigiteataja.ee\/akt\/103082016002?leiaKehtiv\">https:\/\/www.riigiteataja.ee\/akt\/103082016002?leiaKehtiv<\/a><br \/>\nM\u00e4\u00e4ruse seletuskiri:\u00a0<a href=\"http:\/\/www.pria.ee\/docs\/resources\/10105.pdf\">http:\/\/www.pria.ee\/docs\/resources\/10105.pdf<\/a><\/p>\n","protected":false},"excerpt":{"rendered":"<p>2023. a planeeritavad koost\u00f6\u00f6tegevused\u00a0 1.MT\u00dc Pepsi Kalanduspiirkonna Arendajate Kogu (Koost\u00f6\u00f6partner nr 1), MT\u00dc Saarte Kalandus (Koost\u00f6\u00f6partner nr 2) ja MT\u00dc Liivi Lahe kalanduskogu (Koost\u00f6\u00f6partner nr 3) s\u00f5lmivad koost\u00f6\u00f6kokkuleppe Hollandi kalandust tutvustava koolitusreisi l\u00e4biviimiseks meetme 3.2. &#8220;Algatusr\u00fchma toetus&#8221; vahendite toel. Koolitusreisi nimetus: \u201eHollandi kalandust tutvustav koolitusreis\u201c Koolitusreisi algus- ja l\u00f5ppkuup\u00e4ev: 19. 11. \u2013 24. 11. 2023. [&hellip;]<\/p>\n","protected":false},"author":1,"featured_media":0,"parent":0,"menu_order":0,"comment_status":"closed","ping_status":"closed","template":"","meta":{"footnotes":""},"class_list":["post-2077","page","type-page","status-publish","hentry"],"_links":{"self":[{"href":"https:\/\/www.saartekalandus.ee\/index.php?rest_route=\/wp\/v2\/pages\/2077","targetHints":{"allow":["GET"]}}],"collection":[{"href":"https:\/\/www.saartekalandus.ee\/index.php?rest_route=\/wp\/v2\/pages"}],"about":[{"href":"https:\/\/www.saartekalandus.ee\/index.php?rest_route=\/wp\/v2\/types\/page"}],"author":[{"embeddable":true,"href":"https:\/\/www.saartekalandus.ee\/index.php?rest_route=\/wp\/v2\/users\/1"}],"replies":[{"embeddable":true,"href":"https:\/\/www.saartekalandus.ee\/index.php?rest_route=%2Fwp%2Fv2%2Fcomments&post=2077"}],"version-history":[{"count":73,"href":"https:\/\/www.saartekalandus.ee\/index.php?rest_route=\/wp\/v2\/pages\/2077\/revisions"}],"predecessor-version":[{"id":5824,"href":"https:\/\/www.saartekalandus.ee\/index.php?rest_route=\/wp\/v2\/pages\/2077\/revisions\/5824"}],"wp:attachment":[{"href":"https:\/\/www.saartekalandus.ee\/index.php?rest_route=%2Fwp%2Fv2%2Fmedia&parent=2077"}],"curies":[{"name":"wp","href":"https:\/\/api.w.org\/{rel}","templated":true}]}}