{"id":2020,"date":"2016-10-25T10:01:32","date_gmt":"2016-10-25T10:01:32","guid":{"rendered":"http:\/\/www.saartekalandus.ee\/?page_id=2020"},"modified":"2023-05-26T06:33:32","modified_gmt":"2023-05-26T06:33:32","slug":"koolituste-materjalid","status":"publish","type":"page","link":"https:\/\/www.saartekalandus.ee\/?page_id=2020","title":{"rendered":"Koolitused"},"content":{"rendered":"<p><strong>19. 05. 2023. a Tartu \u00dclikooli teadlaste uuringu &#8220;\u00dcmarmudila sotsiaalmajanduslik m\u00f5ju&#8221; tutvustamine<\/strong><\/p>\n<p><a href=\"http:\/\/www.saartekalandus.ee\/wp-content\/uploads\/2023\/04\/Ojaveer-2023-Sissejuhatus-voorliikidesse-1.pdf\">Ojaveer 2023 Sissejuhatus v\u00f5\u00f5rliikidesse<\/a><\/p>\n<p><a href=\"http:\/\/www.saartekalandus.ee\/wp-content\/uploads\/2023\/04\/Noomaa-2023-Umarmudila-moju.pdf\">N\u00f5omaa 2023 \u00dcmarmudila m\u00f5ju<\/a><\/p>\n<p><a href=\"http:\/\/www.saartekalandus.ee\/wp-content\/uploads\/2023\/04\/Einberg-2023-Kustluse-tulemused.pdf\">Einberg 2023 K\u00fcstluse tulemused<\/a><\/p>\n<p><strong>11. 06. 2021. a kala fileerimise \u00f5pitoa slaidid:<\/strong><\/p>\n<p><a href=\"http:\/\/www.saartekalandus.ee\/wp-content\/uploads\/2016\/10\/Kalad-ja-kalatoidud.pdf\" rel=\"\">Kalad ja kalatoidud<\/a><\/p>\n<p><strong>13. 04. 2018. a kalanduse \u00f5igusakte tutvustava teabep\u00e4eva esitlused:<\/strong><\/p>\n<p><a href=\"http:\/\/www.saartekalandus.ee\/wp-content\/uploads\/2016\/10\/13.04.2018_Kala-\u00fcleandmisdeklaratsiooni-koostamine-ja-kalalaeva-registreerimise-kohustus-KIRis_A.Soome_.pptx\" rel=\"\">13.04.2018_Kala \u00fcleandmisdeklaratsiooni koostamine ja kalalaeva registreerimise kohustus KIR&#8217;is_A.Soome<\/a><br \/>\n<a href=\"http:\/\/www.saartekalandus.ee\/wp-content\/uploads\/2016\/10\/13.04.2018_Kaalumine_KKI_2018_E.Parts_.pptx\" rel=\"\">13.04.2018_Kaalumine_KKI_2018_E.Parts<\/a><br \/>\n<a href=\"http:\/\/www.saartekalandus.ee\/wp-content\/uploads\/2016\/10\/13.04.2018_Kvoodid_-KPE_Liivia_N\u00e4ks.ppt\" rel=\"\">13.04.2018_Kvoodid_ KPE_Liivia_N\u00e4ks<\/a><\/p>\n<p><strong>O6. 04. 2018. a piirkondliku teabep\u00e4eva esitlused:<\/strong><\/p>\n<p><a href=\"http:\/\/www.saartekalandus.ee\/wp-content\/uploads\/2016\/10\/K.K\u00f5iv_06.04.2018_Olulisimad-muudatused-riigihangete-seaduses-ja-riigihangetest-toetuste-taotlemisel.pptx\" rel=\"\">K.K\u00f5iv_06.04.2018_Olulisimad muudatused riigihangete seaduses ja riigihangetest toetuste taotlemisel<\/a> <a href=\"http:\/\/www.saartekalandus.ee\/wp-content\/uploads\/2016\/10\/L.Reinma_06.04.2018_infop\u00e4eva-slaidid.pptx\" rel=\"\">L.Reinma_06.04.2018_infop\u00e4eva slaidid<\/a><\/p>\n<p><strong>04. 10. 2017. a teabep\u00e4eva esitlus:<\/strong><\/p>\n<p><a href=\"http:\/\/www.saartekalandus.ee\/wp-content\/uploads\/2016\/10\/04.-10.-2017.-a-A.-Lepassaar-K\u00e4ibemaksu-teemaline-koolitus-P\u00e4rnus.pdf\" rel=\"\">04. 10. 2017. a A. Lepassaar K\u00e4ibemaksu teemaline koolitus P\u00e4rnus<\/a><\/p>\n<p><strong>07. 07. 2017. a Saaremaa Kalurite P\u00e4eva teabep\u00e4eva esitlused<\/strong><\/p>\n<p>Els Ulman- Kuuskman:\u00a0<a href=\"http:\/\/www.saartekalandus.ee\/wp-content\/uploads\/2016\/10\/Esitlus-kalade-v\u00e4\u00e4rtuse-lisamine-Els-Ulman-Kuuskman.ppt\" rel=\"\">Esitlus kalade v\u00e4\u00e4rtuse lisamine- Els Ulman- Kuuskman<\/a><\/p>\n<p><strong>03. 05. 2017. a infop\u00e4eva slaidid<\/strong><br \/>\n<a href=\"http:\/\/www.saartekalandus.ee\/wp-content\/uploads\/2016\/10\/Laikoja_Toiduh\u00fcgieen_kalak\u00e4itlejale.pdf\" rel=\"\">Laikoja_Toiduh\u00fcgieen_kalak\u00e4itlejale<\/a><br \/>\n<a href=\"http:\/\/www.saartekalandus.ee\/wp-content\/uploads\/2016\/10\/Ain_Zereen_kalandus_ja_vesiviljelustoodete_jlgitavus.pdf\" rel=\"\">Ain_Zereen_kalandus_ja_vesiviljelustoodete_j&#8217;lgitavus<\/a><br \/>\n<a href=\"http:\/\/www.saartekalandus.ee\/wp-content\/uploads\/2016\/10\/Tiina_Hiis_Kala_k\u00e4itlemise_erinevad_v\u00f5imalused.pdf\" rel=\"\">Tiina_Hiis_Kala_k\u00e4itlemise_erinevad_v\u00f5imalused<\/a><br \/>\n<a href=\"http:\/\/www.saartekalandus.ee\/wp-content\/uploads\/2016\/10\/Tiiu_Rand_Toidualasse_teabe_esitamise_n\u00f5uded.pdf\" rel=\"\">Tiiu_Rand_Toidualasse_teabe_esitamise_n\u00f5uded<\/a><br \/>\n<a href=\"http:\/\/www.saartekalandus.ee\/wp-content\/uploads\/2016\/10\/VetAmewt_Turukorraldus_Ave_Raie_pdf.pdf\" rel=\"\">VetAmewt_Turukorraldus_Ave_Raie_pdf<\/a><br \/>\n<a href=\"http:\/\/www.saartekalandus.ee\/wp-content\/uploads\/2016\/10\/Ain_Zereen_Tarbija__teavitamine_pdf.pdf\" rel=\"\">Ain_Zereen_Tarbija__teavitamine_pdf<\/a><\/p>\n<p><strong>11. 04. 2017. a\u00a0Teabep\u00e4ev &#8220;Kalanduse \u00f5igusaktid. Mobiilirakenduse PERK v\u00f5imaluste tutvustamine&#8221;\u00a0<\/strong><\/p>\n<ul>\n<li>Keno Kaasiksoo, Maaeluministeeriumi kalamajandusosakonna n\u00f5unik:\u00a0<a href=\"http:\/\/www.kalateave.ee\/images\/KENO_06_03_2017.pdf\">http:\/\/www.kalateave.ee\/images\/KENO_06_03_2017.pdf<\/a>\u00a0K\u00fcsimused on oodatud e-posti aadressile:\u00a0<a href=\"mailto:keno.kaasiksoo@agri.ee\">keno.kaasiksoo@agri.ee<\/a><\/li>\n<li>Ain Soome, Maaeluministeeriumi kalamajandusosakonna juhataja:\u00a0<a href=\"http:\/\/www.kalateave.ee\/images\/AIN_SOOME_06_03_17.pdf\">http:\/\/www.kalateave.ee\/images\/AIN_SOOME_06_03_17.pdf<\/a><\/li>\n<\/ul>\n<p><strong>14. 10. 2016. a Eesti Mereinstituudi teabep\u00e4ev<\/strong> Kuressaares:\u00a0<a href=\"http:\/\/www.saartekalandus.ee\/wp-content\/uploads\/2016\/10\/Kalavarude_ja_kudealade_infop\u00e4ev_Saaremaa_ettekanne_2016-1.pdf\" rel=\"\">Kalavarude_ja_kudealade_infop\u00e4ev_Saaremaa_ettekanne_2016<\/a><\/p>\n<p>Airi Lepassar &#8220;K\u00e4ibemaksu abik\u00f5lbulikkus&#8221;:\u00a0<a href=\"http:\/\/www.saartekalandus.ee\/wp-content\/uploads\/2016\/10\/KM_abikolbulikkus.pptx\" rel=\"\">KM_abikolbulikkus<\/a><\/p>\n<p>Liis Reinma &#8220;Maaeluministri 25. 11. 2015. a m\u00e4\u00e4ruse nr 19 \u201eKalanduspiirkonna kohaliku arengu strateegia rakendamine\u201c t\u00f5lgendamine:\u00a0<a href=\"https:\/\/www.agri.ee\/sites\/default\/files\/content\/ministeerium\/uritused\/2016\/emkf-infopaevad-2016-reinma.pdf\">https:\/\/www.agri.ee\/sites\/default\/files\/content\/ministeerium\/uritused\/2016\/emkf-infopaevad-2016-reinma.pdf<\/a><\/p>\n<p><a href=\"http:\/\/www.saartekalandus.ee\/wp-content\/uploads\/2016\/07\/KALUR-KALA-K\u00c4ITLEJA.pptx\" rel=\"\">KALUR- KALA K\u00c4ITLEJA<\/a><br \/>\n<a href=\"http:\/\/www.saartekalandus.ee\/wp-content\/uploads\/2016\/07\/PPA_mereohutus.ppt\" rel=\"\">PPA_mereohutus<\/a><br \/>\n<a href=\"http:\/\/www.saartekalandus.ee\/wp-content\/uploads\/2016\/07\/Kalandusprojektid-08_07_16-Jane-M\u00e4gi.pptx\" rel=\"\">Kalandusprojektid 08_07_16 Jane M\u00e4gi<\/a><br \/>\n<a href=\"http:\/\/www.saartekalandus.ee\/wp-content\/uploads\/2016\/07\/Saare-MK-kalandusalane-teabep\u00e4ev-2016-Nasval.pptx\" rel=\"\">Saare MK kalandusalane teabep\u00e4ev 2016 Nasval<\/a><a href=\"http:\/\/www.saartekalandus.ee\/wp-content\/uploads\/2016\/10\/Kalavarude_ja_kudealade_infop\u00e4ev_Saaremaa_ettekanne_2016.pdf\" rel=\"\">kalavarude_ja_kudealade_infopaev_saaremaa_ettekanne_2016<\/a><\/p>\n","protected":false},"excerpt":{"rendered":"<p>19. 05. 2023. a Tartu \u00dclikooli teadlaste uuringu &#8220;\u00dcmarmudila sotsiaalmajanduslik m\u00f5ju&#8221; tutvustamine Ojaveer 2023 Sissejuhatus v\u00f5\u00f5rliikidesse N\u00f5omaa 2023 \u00dcmarmudila m\u00f5ju Einberg 2023 K\u00fcstluse tulemused 11. 06. 2021. a kala fileerimise \u00f5pitoa slaidid: Kalad ja kalatoidud 13. 04. 2018. a kalanduse \u00f5igusakte tutvustava teabep\u00e4eva esitlused: 13.04.2018_Kala \u00fcleandmisdeklaratsiooni koostamine ja kalalaeva registreerimise kohustus KIR&#8217;is_A.Soome 13.04.2018_Kaalumine_KKI_2018_E.Parts 13.04.2018_Kvoodid_ KPE_Liivia_N\u00e4ks [&hellip;]<\/p>\n","protected":false},"author":1,"featured_media":0,"parent":0,"menu_order":0,"comment_status":"closed","ping_status":"closed","template":"","meta":{"footnotes":""},"class_list":["post-2020","page","type-page","status-publish","hentry"],"_links":{"self":[{"href":"https:\/\/www.saartekalandus.ee\/index.php?rest_route=\/wp\/v2\/pages\/2020","targetHints":{"allow":["GET"]}}],"collection":[{"href":"https:\/\/www.saartekalandus.ee\/index.php?rest_route=\/wp\/v2\/pages"}],"about":[{"href":"https:\/\/www.saartekalandus.ee\/index.php?rest_route=\/wp\/v2\/types\/page"}],"author":[{"embeddable":true,"href":"https:\/\/www.saartekalandus.ee\/index.php?rest_route=\/wp\/v2\/users\/1"}],"replies":[{"embeddable":true,"href":"https:\/\/www.saartekalandus.ee\/index.php?rest_route=%2Fwp%2Fv2%2Fcomments&post=2020"}],"version-history":[{"count":18,"href":"https:\/\/www.saartekalandus.ee\/index.php?rest_route=\/wp\/v2\/pages\/2020\/revisions"}],"predecessor-version":[{"id":6161,"href":"https:\/\/www.saartekalandus.ee\/index.php?rest_route=\/wp\/v2\/pages\/2020\/revisions\/6161"}],"wp:attachment":[{"href":"https:\/\/www.saartekalandus.ee\/index.php?rest_route=%2Fwp%2Fv2%2Fmedia&parent=2020"}],"curies":[{"name":"wp","href":"https:\/\/api.w.org\/{rel}","templated":true}]}}