{"id":1386,"date":"2016-07-22T06:10:45","date_gmt":"2016-07-22T06:10:45","guid":{"rendered":"http:\/\/www.saartekalandus.ee\/?page_id=1386"},"modified":"2024-06-03T09:39:06","modified_gmt":"2024-06-03T09:39:06","slug":"euroopa-kalandusfond","status":"publish","type":"page","link":"https:\/\/www.saartekalandus.ee\/?page_id=1386","title":{"rendered":"EKF 2008-2013"},"content":{"rendered":"<p><a href=\"http:\/\/www.saartekalandus.ee\/wp-content\/uploads\/2014\/09\/cropped-euroopa-kalandusfond.gif\" rel=\"attachment wp-att-627\"><img loading=\"lazy\" decoding=\"async\" class=\"alignnone size-full wp-image-627\" src=\"http:\/\/www.saartekalandus.ee\/wp-content\/uploads\/2014\/09\/cropped-euroopa-kalandusfond.gif\" alt=\"cropped-euroopa-kalandusfond.gif\" width=\"269\" height=\"100\" \/><\/a><a href=\"http:\/\/www.saartekalandus.ee\/wp-content\/uploads\/2016\/07\/Uus-pilt.jpg\" rel=\"attachment wp-att-1418\"><img loading=\"lazy\" decoding=\"async\" class=\"alignnone size-medium wp-image-1418\" src=\"http:\/\/www.saartekalandus.ee\/wp-content\/uploads\/2016\/07\/Uus-pilt-300x205.jpg\" alt=\"Uus pilt\" width=\"300\" height=\"205\" srcset=\"https:\/\/www.saartekalandus.ee\/wp-content\/uploads\/2016\/07\/Uus-pilt-300x205.jpg 300w, https:\/\/www.saartekalandus.ee\/wp-content\/uploads\/2016\/07\/Uus-pilt-768x524.jpg 768w, https:\/\/www.saartekalandus.ee\/wp-content\/uploads\/2016\/07\/Uus-pilt-1024x698.jpg 1024w, https:\/\/www.saartekalandus.ee\/wp-content\/uploads\/2016\/07\/Uus-pilt.jpg 1443w\" sizes=\"auto, (max-width: 300px) 100vw, 300px\" \/><\/a><\/p>\n<p><strong>EKF\u00a0meede 4.1. m\u00e4\u00e4rus ja vahendid<\/strong><\/p>\n<p><a href=\"http:\/\/www.saartekalandus.ee\/wp-content\/uploads\/2016\/07\/EKF-toetuse-saajad-2008-2013.xls\" rel=\"\">EKF toetuse saajad 2008-2013<\/a><\/p>\n<p>Euroopa Kalandusfondi meedet 4.1 &#8220;Kalanduspiirkondade s\u00e4\u00e4stev areng&#8221; rakendatakse 8 Eesti\u00a0kalanduspiirkonnas. Meetme eesm\u00e4rk on aidata kaasa rannakalanduse piirkondade majanduslikule ja sotsiaalsele arengule arvestades piiratud kalavarudega.<\/p>\n<p>EKF 4.1. meetme\u00a0 toetusi m\u00e4\u00e4rati PRIA poolt summas 7 144 660 \u20ac , v\u00e4lja maksti toetuseid summas 6 905 958 \u20ac\u00a0. Tegevusgrupi toetuse summa oli 428 444 \u20ac, toetust oli v\u00f5imalik kasutada kuni 30. \u00a0juuni 2015. a. Euroopa Kalandusfondi toetus kalandusele on olnud Saare maakonnas elulise t\u00e4htsusega. 2008-2014 toetati EKF Meetmest 4.1 kokku 110 projekti. K\u00f5ige suurem osa toetatud projektidest \u00a0(60%) l\u00e4ks Kalasadamate ja lossimiskohtade uuendamiseks. Kalandusega seotud turismi arendamiseks ja rannak\u00fclade taaselustamiseks l\u00e4ks 21%. \u00a0T\u00f6\u00f6tlemisse ja otseturustamisse investeeriti 10% rahast ning mitmekesistamise telge 8%. \u00a0Projektid on k\u00e4ttesaadaval meie \u00fchingu kodulehel: <a href=\"http:\/\/www.saartekalandus.ee\/?page_id=38\">http:\/\/www.saartekalandus.ee\/?page_id=38<\/a><\/p>\n<p>Rannakalurite olukord maakonnas oli enne EKFi toetuste jagamist keeruline: v\u00e4ikesed kalasadamad olid lagunenud, merele p\u00e4\u00e4semine oli keeruline v\u00f5i v\u00f5imatu. Kaluritel oli k\u00fcll ideid kuidas elu parendada, kuid palju oli kinni just rahas. Meetme avanedes said paljud ettev\u00f5tlikud kalurid teoks teha oma pikaajalised plaanid ning sadamate renoveerimise k\u00e4igus ka uuesti p\u00e4\u00e4su merele. Perioodil renoveeriti t\u00e4ielikult v\u00f5i osaliselt 11 sadamat.<\/p>\n<p>Saartele ehitati juurde ka \u00fcsna mitmeid majutuskohti, mis edendavad turismi, andes samal ajal kaluriperedele lisasissetulekut.<br \/>\nSamuti on v\u00e4ga t\u00e4htis, et kogu v\u00e4ljap\u00fc\u00fctud kala ostetaks \u00e4ra \u00fches kohas. Seega said v\u00e4ga olulisteks projektid, mis t\u00f6\u00f6tlemise ja otseturustamise tegevussuuna alt tehti ning kalurite elu seel\u00e4bi taaskord paremaks muutsid. Siinkohal v\u00f5ib n\u00e4itena tuua kalakuivatamise seadmete ost ning koost\u00f6\u00f6s teadlastega v\u00e4lja t\u00f6\u00f6tatud tehnoloogia, kus sundventilatsiooni ja soojusega saab kala kuivatada terve aasta.<br \/>\nT\u00e4nu toetuste avanemisele on mitmes sadamas t\u00e4naseks v\u00e4lja kujunenud kalurkond suutnud kasvatada endale ka juba noorte kalurite n\u00e4ol tubli juurdekasvu, kes n\u00e4evad oma tulevikku ja t\u00f6\u00f6d Saare maakonnas ja siinsetes kalavetes.<\/p>\n<p>Euroopa Kalandusfondi rakenduskava 2007 &#8211; 2013 meetme 4.1 taotluse rahuldamise ja toetuse m\u00e4\u00e4ramise k\u00e4skkiri:\u00a0<a href=\"http:\/\/www.saartekalandus.ee\/wp-content\/uploads\/2016\/07\/K\u00e4skkiri_03.10.2008_3.pdf\" rel=\"\">K\u00e4skkiri_03.10.2008_3<\/a><\/p>\n<p><strong>Lingid:<\/strong><\/p>\n<p><a href=\"https:\/\/www.riigiteataja.ee\/akt\/129122012062\"><strong>EKF meede 4.1. m\u00e4\u00e4rus<\/strong><\/a>\u00a0(kehtiv alates 01.01.2013)<\/p>\n<p><a href=\"https:\/\/www.riigiteataja.ee\/aktilisa\/1291\/2201\/2062\/kalanduspiirkondade%20s%C3%A4%C3%A4stev%20areng%20M%20lisa%202.pdf\"><strong>EKF meede 4.1. toetatavate tegevuste tabel<\/strong><\/a>\u00a0(kehtib\u00a0alates 01.01.2013)<\/p>\n<p><strong><a href=\"http:\/\/www.saartekalandus.ee\/wp-content\/uploads\/2014\/03\/Saarte_Kalandus_arengustrateegia_2009-2013.pdf\">MT\u00dc Saarte Kalandus arengustrateegia 2009-2013<\/a><\/strong> (vastu v\u00f5etud 22. 05. 2009, viimati muudetud 02.12.2011)<\/p>\n<p><strong>Rakenduskavad 2009 &#8211; 2015:<\/strong><\/p>\n<p>Rakenduskava 2015:\u00a0<a href=\"http:\/\/www.saartekalandus.ee\/wp-content\/uploads\/2016\/07\/rakenduskava-2015.doc\" rel=\"\">rakenduskava 2015<\/a><\/p>\n<p>Rakenduskava 2014:\u00a0<a href=\"http:\/\/www.saartekalandus.ee\/wp-content\/uploads\/2016\/07\/rakenduskava-2014.doc\" rel=\"\">rakenduskava 2014<\/a><\/p>\n<p>Rakenduskava 2013:<a href=\"http:\/\/www.saartekalandus.ee\/wp-content\/uploads\/2016\/07\/rakenduskava_2013.pdf\" rel=\"\">rakenduskava_2013<\/a><\/p>\n<p>Rakenduskava 2012:<a href=\"http:\/\/www.saartekalandus.ee\/wp-content\/uploads\/2016\/07\/rakenduskava_kinnitamise_otsus_2012.pdf\" rel=\"\">rakenduskava_kinnitamise_otsus_2012<\/a><\/p>\n<p>Rakenduskava 2011:<a href=\"http:\/\/www.saartekalandus.ee\/wp-content\/uploads\/2016\/07\/rakenduskava_2011.pdf\" rel=\"\">rakenduskava_2011<\/a><\/p>\n<p>Rakenduskava 2010:<a href=\"http:\/\/www.saartekalandus.ee\/wp-content\/uploads\/2016\/07\/rakenduskava_2010.pdf\" rel=\"\">rakenduskava_2010<\/a><\/p>\n<p>Rakenduskava \u00a02009:<a href=\"http:\/\/www.saartekalandus.ee\/wp-content\/uploads\/2016\/07\/rakenduskava_2009.pdf\" rel=\"\">rakenduskava_2009<\/a><\/p>\n<p>&nbsp;<\/p>\n<p>&nbsp;<\/p>\n<p>&nbsp;<\/p>\n","protected":false},"excerpt":{"rendered":"<p>EKF\u00a0meede 4.1. m\u00e4\u00e4rus ja vahendid EKF toetuse saajad 2008-2013 Euroopa Kalandusfondi meedet 4.1 &#8220;Kalanduspiirkondade s\u00e4\u00e4stev areng&#8221; rakendatakse 8 Eesti\u00a0kalanduspiirkonnas. Meetme eesm\u00e4rk on aidata kaasa rannakalanduse piirkondade majanduslikule ja sotsiaalsele arengule arvestades piiratud kalavarudega. EKF 4.1. meetme\u00a0 toetusi m\u00e4\u00e4rati PRIA poolt summas 7 144 660 \u20ac , v\u00e4lja maksti toetuseid summas 6 905 958 \u20ac\u00a0. Tegevusgrupi [&hellip;]<\/p>\n","protected":false},"author":1,"featured_media":0,"parent":6158,"menu_order":0,"comment_status":"closed","ping_status":"closed","template":"templates\/full-page.php","meta":{"footnotes":""},"class_list":["post-1386","page","type-page","status-publish","hentry"],"_links":{"self":[{"href":"https:\/\/www.saartekalandus.ee\/index.php?rest_route=\/wp\/v2\/pages\/1386","targetHints":{"allow":["GET"]}}],"collection":[{"href":"https:\/\/www.saartekalandus.ee\/index.php?rest_route=\/wp\/v2\/pages"}],"about":[{"href":"https:\/\/www.saartekalandus.ee\/index.php?rest_route=\/wp\/v2\/types\/page"}],"author":[{"embeddable":true,"href":"https:\/\/www.saartekalandus.ee\/index.php?rest_route=\/wp\/v2\/users\/1"}],"replies":[{"embeddable":true,"href":"https:\/\/www.saartekalandus.ee\/index.php?rest_route=%2Fwp%2Fv2%2Fcomments&post=1386"}],"version-history":[{"count":23,"href":"https:\/\/www.saartekalandus.ee\/index.php?rest_route=\/wp\/v2\/pages\/1386\/revisions"}],"predecessor-version":[{"id":5387,"href":"https:\/\/www.saartekalandus.ee\/index.php?rest_route=\/wp\/v2\/pages\/1386\/revisions\/5387"}],"up":[{"embeddable":true,"href":"https:\/\/www.saartekalandus.ee\/index.php?rest_route=\/wp\/v2\/pages\/6158"}],"wp:attachment":[{"href":"https:\/\/www.saartekalandus.ee\/index.php?rest_route=%2Fwp%2Fv2%2Fmedia&parent=1386"}],"curies":[{"name":"wp","href":"https:\/\/api.w.org\/{rel}","templated":true}]}}