{"id":1328,"date":"2016-07-09T06:57:50","date_gmt":"2016-07-09T06:57:50","guid":{"rendered":"http:\/\/www.saartekalandus.ee\/?page_id=1328"},"modified":"2016-07-09T07:34:06","modified_gmt":"2016-07-09T07:34:06","slug":"kaluritepaev-2016-08-juuli-piirkondlik-teabepaev","status":"publish","type":"page","link":"https:\/\/www.saartekalandus.ee\/?page_id=1328","title":{"rendered":"Kaluritep\u00e4ev 2016 &#8211; 08. juuli piirkondlik teabep\u00e4ev"},"content":{"rendered":"<p>\u201cKaluritep\u00e4eva 2016\u201d raames toimus 08. juulil kell 10.00 \u2013 16.00 Nasva klubis (S\u00f5rve mnt 53) mittetulundus\u00fchingu Saarte Kalandus projektitoetuse taotlemise v\u00f5imalusi tutvustav piirkondlik teabep\u00e4ev ja projektide kirjutamise ning kala esmat\u00f6\u00f6tlemise ja v\u00e4\u00e4rindamise alane \u00f5ppep\u00e4ev. Kohalikust kalast toiduvalmistamist \u00f5petas \u00a0ja juhendas kauni Nasva j\u00f5e \u00e4\u00e4res Ekesparre Butiikhotelli restorani Ku- Kuu peakokk Toomas Leedu.<\/p>\n<p><a href=\"http:\/\/www.saartekalandus.ee\/wp-content\/uploads\/2016\/07\/08.07._koolitus-010.jpg\" rel=\"attachment wp-att-1331\"><img loading=\"lazy\" decoding=\"async\" class=\"alignnone size-medium wp-image-1331\" src=\"http:\/\/www.saartekalandus.ee\/wp-content\/uploads\/2016\/07\/08.07._koolitus-010-300x169.jpg\" alt=\"08.07._koolitus 010\" width=\"300\" height=\"169\" srcset=\"https:\/\/www.saartekalandus.ee\/wp-content\/uploads\/2016\/07\/08.07._koolitus-010-300x169.jpg 300w, https:\/\/www.saartekalandus.ee\/wp-content\/uploads\/2016\/07\/08.07._koolitus-010.jpg 640w\" sizes=\"auto, (max-width: 300px) 100vw, 300px\" \/><\/a> <a href=\"http:\/\/www.saartekalandus.ee\/wp-content\/uploads\/2016\/07\/08.07._koolitus-013.jpg\" rel=\"attachment wp-att-1332\"><img loading=\"lazy\" decoding=\"async\" class=\"alignnone size-medium wp-image-1332\" src=\"http:\/\/www.saartekalandus.ee\/wp-content\/uploads\/2016\/07\/08.07._koolitus-013-300x184.jpg\" alt=\"08.07._koolitus 013\" width=\"300\" height=\"184\" srcset=\"https:\/\/www.saartekalandus.ee\/wp-content\/uploads\/2016\/07\/08.07._koolitus-013-300x184.jpg 300w, https:\/\/www.saartekalandus.ee\/wp-content\/uploads\/2016\/07\/08.07._koolitus-013.jpg 640w\" sizes=\"auto, (max-width: 300px) 100vw, 300px\" \/><\/a> <a href=\"http:\/\/www.saartekalandus.ee\/wp-content\/uploads\/2016\/07\/08.07._koolitus-015.jpg\" rel=\"attachment wp-att-1333\"><img loading=\"lazy\" decoding=\"async\" class=\"alignnone size-medium wp-image-1333\" src=\"http:\/\/www.saartekalandus.ee\/wp-content\/uploads\/2016\/07\/08.07._koolitus-015-300x207.jpg\" alt=\"08.07._koolitus 015\" width=\"300\" height=\"207\" srcset=\"https:\/\/www.saartekalandus.ee\/wp-content\/uploads\/2016\/07\/08.07._koolitus-015-300x207.jpg 300w, https:\/\/www.saartekalandus.ee\/wp-content\/uploads\/2016\/07\/08.07._koolitus-015.jpg 640w\" sizes=\"auto, (max-width: 300px) 100vw, 300px\" \/><\/a> <a href=\"http:\/\/www.saartekalandus.ee\/wp-content\/uploads\/2016\/07\/08.07._koolitus-020.jpg\" rel=\"attachment wp-att-1334\"><img loading=\"lazy\" decoding=\"async\" class=\"alignnone size-medium wp-image-1334\" src=\"http:\/\/www.saartekalandus.ee\/wp-content\/uploads\/2016\/07\/08.07._koolitus-020-300x169.jpg\" alt=\"08.07._koolitus 020\" width=\"300\" height=\"169\" srcset=\"https:\/\/www.saartekalandus.ee\/wp-content\/uploads\/2016\/07\/08.07._koolitus-020-300x169.jpg 300w, https:\/\/www.saartekalandus.ee\/wp-content\/uploads\/2016\/07\/08.07._koolitus-020.jpg 640w\" sizes=\"auto, (max-width: 300px) 100vw, 300px\" \/><\/a> <a href=\"http:\/\/www.saartekalandus.ee\/wp-content\/uploads\/2016\/07\/08.07._koolitus-023.jpg\" rel=\"attachment wp-att-1335\"><img loading=\"lazy\" decoding=\"async\" class=\"alignnone size-medium wp-image-1335\" src=\"http:\/\/www.saartekalandus.ee\/wp-content\/uploads\/2016\/07\/08.07._koolitus-023-300x169.jpg\" alt=\"08.07._koolitus 023\" width=\"300\" height=\"169\" srcset=\"https:\/\/www.saartekalandus.ee\/wp-content\/uploads\/2016\/07\/08.07._koolitus-023-300x169.jpg 300w, https:\/\/www.saartekalandus.ee\/wp-content\/uploads\/2016\/07\/08.07._koolitus-023.jpg 640w\" sizes=\"auto, (max-width: 300px) 100vw, 300px\" \/><\/a> <a href=\"http:\/\/www.saartekalandus.ee\/wp-content\/uploads\/2016\/07\/08.07._koolitus-025.jpg\" rel=\"attachment wp-att-1336\"><img loading=\"lazy\" decoding=\"async\" class=\"alignnone size-medium wp-image-1336\" src=\"http:\/\/www.saartekalandus.ee\/wp-content\/uploads\/2016\/07\/08.07._koolitus-025-300x169.jpg\" alt=\"08.07._koolitus 025\" width=\"300\" height=\"169\" srcset=\"https:\/\/www.saartekalandus.ee\/wp-content\/uploads\/2016\/07\/08.07._koolitus-025-300x169.jpg 300w, https:\/\/www.saartekalandus.ee\/wp-content\/uploads\/2016\/07\/08.07._koolitus-025.jpg 640w\" sizes=\"auto, (max-width: 300px) 100vw, 300px\" \/><\/a> <a href=\"http:\/\/www.saartekalandus.ee\/wp-content\/uploads\/2016\/07\/08.07._koolitus-029.jpg\" rel=\"attachment wp-att-1337\"><img loading=\"lazy\" decoding=\"async\" class=\"alignnone size-medium wp-image-1337\" src=\"http:\/\/www.saartekalandus.ee\/wp-content\/uploads\/2016\/07\/08.07._koolitus-029-300x169.jpg\" alt=\"08.07._koolitus 029\" width=\"300\" height=\"169\" srcset=\"https:\/\/www.saartekalandus.ee\/wp-content\/uploads\/2016\/07\/08.07._koolitus-029-300x169.jpg 300w, https:\/\/www.saartekalandus.ee\/wp-content\/uploads\/2016\/07\/08.07._koolitus-029.jpg 640w\" sizes=\"auto, (max-width: 300px) 100vw, 300px\" \/><\/a> <a href=\"http:\/\/www.saartekalandus.ee\/wp-content\/uploads\/2016\/07\/08.07._koolitus-031.jpg\" rel=\"attachment wp-att-1338\"><img loading=\"lazy\" decoding=\"async\" class=\"alignnone size-medium wp-image-1338\" src=\"http:\/\/www.saartekalandus.ee\/wp-content\/uploads\/2016\/07\/08.07._koolitus-031-300x169.jpg\" alt=\"08.07._koolitus 031\" width=\"300\" height=\"169\" srcset=\"https:\/\/www.saartekalandus.ee\/wp-content\/uploads\/2016\/07\/08.07._koolitus-031-300x169.jpg 300w, https:\/\/www.saartekalandus.ee\/wp-content\/uploads\/2016\/07\/08.07._koolitus-031.jpg 640w\" sizes=\"auto, (max-width: 300px) 100vw, 300px\" \/><\/a> <a href=\"http:\/\/www.saartekalandus.ee\/wp-content\/uploads\/2016\/07\/08.07._koolitus-033.jpg\" rel=\"attachment wp-att-1339\"><img loading=\"lazy\" decoding=\"async\" class=\"alignnone size-medium wp-image-1339\" src=\"http:\/\/www.saartekalandus.ee\/wp-content\/uploads\/2016\/07\/08.07._koolitus-033-300x169.jpg\" alt=\"08.07._koolitus 033\" width=\"300\" height=\"169\" srcset=\"https:\/\/www.saartekalandus.ee\/wp-content\/uploads\/2016\/07\/08.07._koolitus-033-300x169.jpg 300w, https:\/\/www.saartekalandus.ee\/wp-content\/uploads\/2016\/07\/08.07._koolitus-033.jpg 640w\" sizes=\"auto, (max-width: 300px) 100vw, 300px\" \/><\/a> <a href=\"http:\/\/www.saartekalandus.ee\/wp-content\/uploads\/2016\/07\/08.07._koolitus-035.jpg\" rel=\"attachment wp-att-1340\"><img loading=\"lazy\" decoding=\"async\" class=\"alignnone size-medium wp-image-1340\" src=\"http:\/\/www.saartekalandus.ee\/wp-content\/uploads\/2016\/07\/08.07._koolitus-035-300x169.jpg\" alt=\"08.07._koolitus 035\" width=\"300\" height=\"169\" srcset=\"https:\/\/www.saartekalandus.ee\/wp-content\/uploads\/2016\/07\/08.07._koolitus-035-300x169.jpg 300w, https:\/\/www.saartekalandus.ee\/wp-content\/uploads\/2016\/07\/08.07._koolitus-035.jpg 640w\" sizes=\"auto, (max-width: 300px) 100vw, 300px\" \/><\/a> <a href=\"http:\/\/www.saartekalandus.ee\/wp-content\/uploads\/2016\/07\/08.07._koolitus-038.jpg\" rel=\"attachment wp-att-1341\"><img loading=\"lazy\" decoding=\"async\" class=\"alignnone size-medium wp-image-1341\" src=\"http:\/\/www.saartekalandus.ee\/wp-content\/uploads\/2016\/07\/08.07._koolitus-038-300x253.jpg\" alt=\"08.07._koolitus 038\" width=\"300\" height=\"253\" srcset=\"https:\/\/www.saartekalandus.ee\/wp-content\/uploads\/2016\/07\/08.07._koolitus-038-300x253.jpg 300w, https:\/\/www.saartekalandus.ee\/wp-content\/uploads\/2016\/07\/08.07._koolitus-038.jpg 640w\" sizes=\"auto, (max-width: 300px) 100vw, 300px\" \/><\/a> <a href=\"http:\/\/www.saartekalandus.ee\/wp-content\/uploads\/2016\/07\/08.07._koolitus-044.jpg\" rel=\"attachment wp-att-1342\"><img loading=\"lazy\" decoding=\"async\" class=\"alignnone size-medium wp-image-1342\" src=\"http:\/\/www.saartekalandus.ee\/wp-content\/uploads\/2016\/07\/08.07._koolitus-044-300x169.jpg\" alt=\"08.07._koolitus 044\" width=\"300\" height=\"169\" srcset=\"https:\/\/www.saartekalandus.ee\/wp-content\/uploads\/2016\/07\/08.07._koolitus-044-300x169.jpg 300w, https:\/\/www.saartekalandus.ee\/wp-content\/uploads\/2016\/07\/08.07._koolitus-044.jpg 640w\" sizes=\"auto, (max-width: 300px) 100vw, 300px\" \/><\/a> <a href=\"http:\/\/www.saartekalandus.ee\/wp-content\/uploads\/2016\/07\/08.07._koolitus-048.jpg\" rel=\"attachment wp-att-1343\"><img loading=\"lazy\" decoding=\"async\" class=\"alignnone size-medium wp-image-1343\" src=\"http:\/\/www.saartekalandus.ee\/wp-content\/uploads\/2016\/07\/08.07._koolitus-048-300x169.jpg\" alt=\"08.07._koolitus 048\" width=\"300\" height=\"169\" srcset=\"https:\/\/www.saartekalandus.ee\/wp-content\/uploads\/2016\/07\/08.07._koolitus-048-300x169.jpg 300w, https:\/\/www.saartekalandus.ee\/wp-content\/uploads\/2016\/07\/08.07._koolitus-048.jpg 640w\" sizes=\"auto, (max-width: 300px) 100vw, 300px\" \/><\/a> <a href=\"http:\/\/www.saartekalandus.ee\/wp-content\/uploads\/2016\/07\/08.07._koolitus-054.jpg\" rel=\"attachment wp-att-1344\"><img loading=\"lazy\" decoding=\"async\" class=\"alignnone size-medium wp-image-1344\" src=\"http:\/\/www.saartekalandus.ee\/wp-content\/uploads\/2016\/07\/08.07._koolitus-054-300x226.jpg\" alt=\"08.07._koolitus 054\" width=\"300\" height=\"226\" srcset=\"https:\/\/www.saartekalandus.ee\/wp-content\/uploads\/2016\/07\/08.07._koolitus-054-300x226.jpg 300w, https:\/\/www.saartekalandus.ee\/wp-content\/uploads\/2016\/07\/08.07._koolitus-054.jpg 640w\" sizes=\"auto, (max-width: 300px) 100vw, 300px\" \/><\/a> <a href=\"http:\/\/www.saartekalandus.ee\/wp-content\/uploads\/2016\/07\/08.07._koolitus-069.jpg\" rel=\"attachment wp-att-1345\"><img loading=\"lazy\" decoding=\"async\" class=\"alignnone size-medium wp-image-1345\" src=\"http:\/\/www.saartekalandus.ee\/wp-content\/uploads\/2016\/07\/08.07._koolitus-069-300x185.jpg\" alt=\"08.07._koolitus 069\" width=\"300\" height=\"185\" srcset=\"https:\/\/www.saartekalandus.ee\/wp-content\/uploads\/2016\/07\/08.07._koolitus-069-300x185.jpg 300w, https:\/\/www.saartekalandus.ee\/wp-content\/uploads\/2016\/07\/08.07._koolitus-069.jpg 640w\" sizes=\"auto, (max-width: 300px) 100vw, 300px\" \/><\/a> <a href=\"http:\/\/www.saartekalandus.ee\/wp-content\/uploads\/2016\/07\/08.07._koolitus-081.jpg\" rel=\"attachment wp-att-1346\"><img loading=\"lazy\" decoding=\"async\" class=\"alignnone size-medium wp-image-1346\" src=\"http:\/\/www.saartekalandus.ee\/wp-content\/uploads\/2016\/07\/08.07._koolitus-081-300x169.jpg\" alt=\"08.07._koolitus 081\" width=\"300\" height=\"169\" srcset=\"https:\/\/www.saartekalandus.ee\/wp-content\/uploads\/2016\/07\/08.07._koolitus-081-300x169.jpg 300w, https:\/\/www.saartekalandus.ee\/wp-content\/uploads\/2016\/07\/08.07._koolitus-081.jpg 640w\" sizes=\"auto, (max-width: 300px) 100vw, 300px\" \/><\/a> <a href=\"http:\/\/www.saartekalandus.ee\/wp-content\/uploads\/2016\/07\/08.07._koolitus-084.jpg\" rel=\"attachment wp-att-1347\"><img loading=\"lazy\" decoding=\"async\" class=\"alignnone size-medium wp-image-1347\" src=\"http:\/\/www.saartekalandus.ee\/wp-content\/uploads\/2016\/07\/08.07._koolitus-084-300x169.jpg\" alt=\"08.07._koolitus 084\" width=\"300\" height=\"169\" srcset=\"https:\/\/www.saartekalandus.ee\/wp-content\/uploads\/2016\/07\/08.07._koolitus-084-300x169.jpg 300w, https:\/\/www.saartekalandus.ee\/wp-content\/uploads\/2016\/07\/08.07._koolitus-084.jpg 640w\" sizes=\"auto, (max-width: 300px) 100vw, 300px\" \/><\/a> <a href=\"http:\/\/www.saartekalandus.ee\/wp-content\/uploads\/2016\/07\/08.07._koolitus-087.jpg\" rel=\"attachment wp-att-1348\"><img loading=\"lazy\" decoding=\"async\" class=\"alignnone size-medium wp-image-1348\" src=\"http:\/\/www.saartekalandus.ee\/wp-content\/uploads\/2016\/07\/08.07._koolitus-087-300x191.jpg\" alt=\"08.07._koolitus 087\" width=\"300\" height=\"191\" srcset=\"https:\/\/www.saartekalandus.ee\/wp-content\/uploads\/2016\/07\/08.07._koolitus-087-300x191.jpg 300w, https:\/\/www.saartekalandus.ee\/wp-content\/uploads\/2016\/07\/08.07._koolitus-087.jpg 640w\" sizes=\"auto, (max-width: 300px) 100vw, 300px\" \/><\/a> <a href=\"http:\/\/www.saartekalandus.ee\/wp-content\/uploads\/2016\/07\/08.07._koolitus-089.jpg\" rel=\"attachment wp-att-1349\"><img loading=\"lazy\" decoding=\"async\" class=\"alignnone size-medium wp-image-1349\" src=\"http:\/\/www.saartekalandus.ee\/wp-content\/uploads\/2016\/07\/08.07._koolitus-089-300x169.jpg\" alt=\"08.07._koolitus 089\" width=\"300\" height=\"169\" srcset=\"https:\/\/www.saartekalandus.ee\/wp-content\/uploads\/2016\/07\/08.07._koolitus-089-300x169.jpg 300w, https:\/\/www.saartekalandus.ee\/wp-content\/uploads\/2016\/07\/08.07._koolitus-089.jpg 640w\" sizes=\"auto, (max-width: 300px) 100vw, 300px\" \/><\/a> <a href=\"http:\/\/www.saartekalandus.ee\/wp-content\/uploads\/2016\/07\/08.07._koolitus-091.jpg\" rel=\"attachment wp-att-1350\"><img loading=\"lazy\" decoding=\"async\" class=\"alignnone size-medium wp-image-1350\" src=\"http:\/\/www.saartekalandus.ee\/wp-content\/uploads\/2016\/07\/08.07._koolitus-091-300x169.jpg\" alt=\"08.07._koolitus 091\" width=\"300\" height=\"169\" srcset=\"https:\/\/www.saartekalandus.ee\/wp-content\/uploads\/2016\/07\/08.07._koolitus-091-300x169.jpg 300w, https:\/\/www.saartekalandus.ee\/wp-content\/uploads\/2016\/07\/08.07._koolitus-091.jpg 640w\" sizes=\"auto, (max-width: 300px) 100vw, 300px\" \/><\/a> <a href=\"http:\/\/www.saartekalandus.ee\/wp-content\/uploads\/2016\/07\/08.07._koolitus-092.jpg\" rel=\"attachment wp-att-1351\"><img loading=\"lazy\" decoding=\"async\" class=\"alignnone size-medium wp-image-1351\" src=\"http:\/\/www.saartekalandus.ee\/wp-content\/uploads\/2016\/07\/08.07._koolitus-092-300x169.jpg\" alt=\"08.07._koolitus 092\" width=\"300\" height=\"169\" srcset=\"https:\/\/www.saartekalandus.ee\/wp-content\/uploads\/2016\/07\/08.07._koolitus-092-300x169.jpg 300w, https:\/\/www.saartekalandus.ee\/wp-content\/uploads\/2016\/07\/08.07._koolitus-092.jpg 640w\" sizes=\"auto, (max-width: 300px) 100vw, 300px\" \/><\/a> <a href=\"http:\/\/www.saartekalandus.ee\/wp-content\/uploads\/2016\/07\/08.07._koolitus-094.jpg\" rel=\"attachment wp-att-1352\"><img loading=\"lazy\" decoding=\"async\" class=\"alignnone size-medium wp-image-1352\" src=\"http:\/\/www.saartekalandus.ee\/wp-content\/uploads\/2016\/07\/08.07._koolitus-094-300x169.jpg\" alt=\"08.07._koolitus 094\" width=\"300\" height=\"169\" srcset=\"https:\/\/www.saartekalandus.ee\/wp-content\/uploads\/2016\/07\/08.07._koolitus-094-300x169.jpg 300w, https:\/\/www.saartekalandus.ee\/wp-content\/uploads\/2016\/07\/08.07._koolitus-094.jpg 640w\" sizes=\"auto, (max-width: 300px) 100vw, 300px\" \/><\/a> <a href=\"http:\/\/www.saartekalandus.ee\/wp-content\/uploads\/2016\/07\/08.07._koolitus-112.jpg\" rel=\"attachment wp-att-1353\"><img loading=\"lazy\" decoding=\"async\" class=\"alignnone size-medium wp-image-1353\" src=\"http:\/\/www.saartekalandus.ee\/wp-content\/uploads\/2016\/07\/08.07._koolitus-112-300x169.jpg\" alt=\"08.07._koolitus 112\" width=\"300\" height=\"169\" srcset=\"https:\/\/www.saartekalandus.ee\/wp-content\/uploads\/2016\/07\/08.07._koolitus-112-300x169.jpg 300w, https:\/\/www.saartekalandus.ee\/wp-content\/uploads\/2016\/07\/08.07._koolitus-112.jpg 640w\" sizes=\"auto, (max-width: 300px) 100vw, 300px\" \/><\/a> <a href=\"http:\/\/www.saartekalandus.ee\/wp-content\/uploads\/2016\/07\/08.07._koolitus-115.jpg\" rel=\"attachment wp-att-1354\"><img loading=\"lazy\" decoding=\"async\" class=\"alignnone size-medium wp-image-1354\" src=\"http:\/\/www.saartekalandus.ee\/wp-content\/uploads\/2016\/07\/08.07._koolitus-115-300x169.jpg\" alt=\"08.07._koolitus 115\" width=\"300\" height=\"169\" srcset=\"https:\/\/www.saartekalandus.ee\/wp-content\/uploads\/2016\/07\/08.07._koolitus-115-300x169.jpg 300w, https:\/\/www.saartekalandus.ee\/wp-content\/uploads\/2016\/07\/08.07._koolitus-115.jpg 640w\" sizes=\"auto, (max-width: 300px) 100vw, 300px\" \/><\/a> <a href=\"http:\/\/www.saartekalandus.ee\/wp-content\/uploads\/2016\/07\/08.07._koolitus-117.jpg\" rel=\"attachment wp-att-1355\"><img loading=\"lazy\" decoding=\"async\" class=\"alignnone size-medium wp-image-1355\" src=\"http:\/\/www.saartekalandus.ee\/wp-content\/uploads\/2016\/07\/08.07._koolitus-117-300x169.jpg\" alt=\"08.07._koolitus 117\" width=\"300\" height=\"169\" srcset=\"https:\/\/www.saartekalandus.ee\/wp-content\/uploads\/2016\/07\/08.07._koolitus-117-300x169.jpg 300w, https:\/\/www.saartekalandus.ee\/wp-content\/uploads\/2016\/07\/08.07._koolitus-117.jpg 640w\" sizes=\"auto, (max-width: 300px) 100vw, 300px\" \/><\/a> <a href=\"http:\/\/www.saartekalandus.ee\/wp-content\/uploads\/2016\/07\/08.07._koolitus-124.jpg\" rel=\"attachment wp-att-1356\"><img loading=\"lazy\" decoding=\"async\" class=\"alignnone size-medium wp-image-1356\" src=\"http:\/\/www.saartekalandus.ee\/wp-content\/uploads\/2016\/07\/08.07._koolitus-124-300x169.jpg\" alt=\"08.07._koolitus 124\" width=\"300\" height=\"169\" srcset=\"https:\/\/www.saartekalandus.ee\/wp-content\/uploads\/2016\/07\/08.07._koolitus-124-300x169.jpg 300w, https:\/\/www.saartekalandus.ee\/wp-content\/uploads\/2016\/07\/08.07._koolitus-124.jpg 640w\" sizes=\"auto, (max-width: 300px) 100vw, 300px\" \/><\/a> <a href=\"http:\/\/www.saartekalandus.ee\/wp-content\/uploads\/2016\/07\/08.07._koolitus-126.jpg\" rel=\"attachment wp-att-1357\"><img loading=\"lazy\" decoding=\"async\" class=\"alignnone size-medium wp-image-1357\" src=\"http:\/\/www.saartekalandus.ee\/wp-content\/uploads\/2016\/07\/08.07._koolitus-126-300x169.jpg\" alt=\"08.07._koolitus 126\" width=\"300\" height=\"169\" srcset=\"https:\/\/www.saartekalandus.ee\/wp-content\/uploads\/2016\/07\/08.07._koolitus-126-300x169.jpg 300w, https:\/\/www.saartekalandus.ee\/wp-content\/uploads\/2016\/07\/08.07._koolitus-126.jpg 640w\" sizes=\"auto, (max-width: 300px) 100vw, 300px\" \/><\/a> <a href=\"http:\/\/www.saartekalandus.ee\/wp-content\/uploads\/2016\/07\/08.07._koolitus-131.jpg\" rel=\"attachment wp-att-1358\"><img loading=\"lazy\" decoding=\"async\" class=\"alignnone size-medium wp-image-1358\" src=\"http:\/\/www.saartekalandus.ee\/wp-content\/uploads\/2016\/07\/08.07._koolitus-131-300x169.jpg\" alt=\"08.07._koolitus 131\" width=\"300\" height=\"169\" srcset=\"https:\/\/www.saartekalandus.ee\/wp-content\/uploads\/2016\/07\/08.07._koolitus-131-300x169.jpg 300w, https:\/\/www.saartekalandus.ee\/wp-content\/uploads\/2016\/07\/08.07._koolitus-131.jpg 640w\" sizes=\"auto, (max-width: 300px) 100vw, 300px\" \/><\/a> <a href=\"http:\/\/www.saartekalandus.ee\/wp-content\/uploads\/2016\/07\/08.07._koolitus-137.jpg\" rel=\"attachment wp-att-1359\"><img loading=\"lazy\" decoding=\"async\" class=\"alignnone size-medium wp-image-1359\" src=\"http:\/\/www.saartekalandus.ee\/wp-content\/uploads\/2016\/07\/08.07._koolitus-137-300x169.jpg\" alt=\"08.07._koolitus 137\" width=\"300\" height=\"169\" srcset=\"https:\/\/www.saartekalandus.ee\/wp-content\/uploads\/2016\/07\/08.07._koolitus-137-300x169.jpg 300w, https:\/\/www.saartekalandus.ee\/wp-content\/uploads\/2016\/07\/08.07._koolitus-137.jpg 640w\" sizes=\"auto, (max-width: 300px) 100vw, 300px\" \/><\/a> <a href=\"http:\/\/www.saartekalandus.ee\/wp-content\/uploads\/2016\/07\/08.07._koolitus-147.jpg\" rel=\"attachment wp-att-1360\"><img loading=\"lazy\" decoding=\"async\" class=\"alignnone size-medium wp-image-1360\" src=\"http:\/\/www.saartekalandus.ee\/wp-content\/uploads\/2016\/07\/08.07._koolitus-147-300x169.jpg\" alt=\"08.07._koolitus 147\" width=\"300\" height=\"169\" srcset=\"https:\/\/www.saartekalandus.ee\/wp-content\/uploads\/2016\/07\/08.07._koolitus-147-300x169.jpg 300w, https:\/\/www.saartekalandus.ee\/wp-content\/uploads\/2016\/07\/08.07._koolitus-147.jpg 640w\" sizes=\"auto, (max-width: 300px) 100vw, 300px\" \/><\/a> <a href=\"http:\/\/www.saartekalandus.ee\/wp-content\/uploads\/2016\/07\/08.07._koolitus-151.jpg\" rel=\"attachment wp-att-1361\"><img loading=\"lazy\" decoding=\"async\" class=\"alignnone size-medium wp-image-1361\" src=\"http:\/\/www.saartekalandus.ee\/wp-content\/uploads\/2016\/07\/08.07._koolitus-151-300x169.jpg\" alt=\"08.07._koolitus 151\" width=\"300\" height=\"169\" srcset=\"https:\/\/www.saartekalandus.ee\/wp-content\/uploads\/2016\/07\/08.07._koolitus-151-300x169.jpg 300w, https:\/\/www.saartekalandus.ee\/wp-content\/uploads\/2016\/07\/08.07._koolitus-151.jpg 640w\" sizes=\"auto, (max-width: 300px) 100vw, 300px\" \/><\/a> <a href=\"http:\/\/www.saartekalandus.ee\/wp-content\/uploads\/2016\/07\/08.07._koolitus-154.jpg\" rel=\"attachment wp-att-1362\"><img loading=\"lazy\" decoding=\"async\" class=\"alignnone size-medium wp-image-1362\" src=\"http:\/\/www.saartekalandus.ee\/wp-content\/uploads\/2016\/07\/08.07._koolitus-154-300x169.jpg\" alt=\"08.07._koolitus 154\" width=\"300\" height=\"169\" srcset=\"https:\/\/www.saartekalandus.ee\/wp-content\/uploads\/2016\/07\/08.07._koolitus-154-300x169.jpg 300w, https:\/\/www.saartekalandus.ee\/wp-content\/uploads\/2016\/07\/08.07._koolitus-154.jpg 640w\" sizes=\"auto, (max-width: 300px) 100vw, 300px\" \/><\/a><\/p>\n","protected":false},"excerpt":{"rendered":"<p>\u201cKaluritep\u00e4eva 2016\u201d raames toimus 08. juulil kell 10.00 \u2013 16.00 Nasva klubis (S\u00f5rve mnt 53) mittetulundus\u00fchingu Saarte Kalandus projektitoetuse taotlemise v\u00f5imalusi tutvustav piirkondlik teabep\u00e4ev ja projektide kirjutamise ning kala esmat\u00f6\u00f6tlemise ja v\u00e4\u00e4rindamise alane \u00f5ppep\u00e4ev. Kohalikust kalast toiduvalmistamist \u00f5petas \u00a0ja juhendas kauni Nasva j\u00f5e \u00e4\u00e4res Ekesparre Butiikhotelli restorani Ku- Kuu peakokk Toomas Leedu.<\/p>\n","protected":false},"author":1,"featured_media":0,"parent":47,"menu_order":0,"comment_status":"closed","ping_status":"closed","template":"templates\/full-page.php","meta":{"footnotes":""},"class_list":["post-1328","page","type-page","status-publish","hentry"],"_links":{"self":[{"href":"https:\/\/www.saartekalandus.ee\/index.php?rest_route=\/wp\/v2\/pages\/1328","targetHints":{"allow":["GET"]}}],"collection":[{"href":"https:\/\/www.saartekalandus.ee\/index.php?rest_route=\/wp\/v2\/pages"}],"about":[{"href":"https:\/\/www.saartekalandus.ee\/index.php?rest_route=\/wp\/v2\/types\/page"}],"author":[{"embeddable":true,"href":"https:\/\/www.saartekalandus.ee\/index.php?rest_route=\/wp\/v2\/users\/1"}],"replies":[{"embeddable":true,"href":"https:\/\/www.saartekalandus.ee\/index.php?rest_route=%2Fwp%2Fv2%2Fcomments&post=1328"}],"version-history":[{"count":3,"href":"https:\/\/www.saartekalandus.ee\/index.php?rest_route=\/wp\/v2\/pages\/1328\/revisions"}],"predecessor-version":[{"id":1363,"href":"https:\/\/www.saartekalandus.ee\/index.php?rest_route=\/wp\/v2\/pages\/1328\/revisions\/1363"}],"up":[{"embeddable":true,"href":"https:\/\/www.saartekalandus.ee\/index.php?rest_route=\/wp\/v2\/pages\/47"}],"wp:attachment":[{"href":"https:\/\/www.saartekalandus.ee\/index.php?rest_route=%2Fwp%2Fv2%2Fmedia&parent=1328"}],"curies":[{"name":"wp","href":"https:\/\/api.w.org\/{rel}","templated":true}]}}